  {"id":6023,"date":"2016-12-12T16:18:30","date_gmt":"2016-12-12T16:18:30","guid":{"rendered":"https:\/\/www.accord-langues.com\/more-about-accord-language-school\/"},"modified":"2025-12-20T09:19:08","modified_gmt":"2025-12-20T09:19:08","slug":"escolher-a-escola-de-idiomas-accord","status":"publish","type":"page","link":"https:\/\/www.accord-langues.com\/pt-br\/escolher-a-escola-de-idiomas-accord\/","title":{"rendered":"Por que escolher a escola idiomas ÃÛÌÒ´«Ã½"},"content":{"rendered":"<div class=\"wpb-content-wrapper\"><p>[vc_row full_width=&#8221;stretch_row&#8221; content_placement=&#8221;middle&#8221; css=&#8221;.vc_custom_1481558247212{background-image: url(https:\/\/www.accord-langues.com\/wp-content\/uploads\/2016\/06\/18.jpg?id=52) !important;background-position: center !important;background-repeat: no-repeat !important;background-size: cover !important;}&#8221; el_class=&#8221;header-image bg-top-center&#8221;][vc_column width=&#8221;5\/6&#8243; offset=&#8221;vc_col-sm-offset-1&#8243;][vc_column_text]<\/p>\n<h1 style=\"text-align: center;\"><strong>Mais informa\u00e7\u00f5es sobre\u00a0Escola de idiomas ÃÛÌÒ´«Ã½<\/strong><\/h1>\n<p>[\/vc_column_text][\/vc_column][\/vc_row][vc_row][vc_column][vc_column_text]<\/p>\n<h2 style=\"text-align: center;\"><span style=\"color: #ff6600;\"><strong>Escola ÃÛÌÒ´«Ã½ em Francia<\/strong><\/span><\/h2>\n<p>[\/vc_column_text][vc_separator color=&#8221;custom&#8221; accent_color=&#8221;#dadada&#8221;][vc_row_inner][vc_column_inner width=&#8221;1\/2&#8243;][vc_column_text]<\/p>\n<ul>\n<li>Escola de idiomas ÃÛÌÒ´«Ã½ 1988-2018: <strong>30 anos de experi\u00eancia <\/strong>no ensino do franc\u00eas como idioma estrangeiro.<\/li>\n<li>A escola de idiomas ÃÛÌÒ´«Ã½ \u00e9 <strong>registrada como um <\/strong><strong>Instituto Particular de Ensino Superior<\/strong> (n<sup>o<\/sup> 588 na Academia de Paris &#8211; Minist\u00e9rio da Educa\u00e7\u00e3o), <strong>certificada pela \u201cQualit\u00e9 FLE\u201d oficial,<\/strong> e <strong>membro das organiza\u00e7\u00f5es <\/strong><strong>CAMPUS FRANCE<\/strong> e <strong>Souffle<\/strong> (organiza\u00e7\u00e3o profissional para centros de treinamento do franc\u00eas como idioma estrangeiro).<\/li>\n<li><strong>Uma ampla variedade de op\u00e7\u00f5es de cursos<\/strong><strong> dispon\u00edveis para todas as idades e a pre\u00e7os adequados ao seu or\u00e7amento.<\/strong><\/li>\n<li><span style=\"color: #ff6600;\"><strong>N\u00e3o existem taxas ocultas:<\/strong><\/span> Quando voc\u00ea se matricula em um curso da Escola de idiomas Accord, n\u00e3o existem taxas ocultas ou materiais did\u00e1ticos\/livros a serem comprados. Tudo est\u00e1 embutido no pre\u00e7o, incluindo o teste do seu n\u00edvel de dom\u00ednio do idioma ao chegar \u00e0 escola, o material did\u00e1tico e o certificado de fim de curso.<\/li>\n<li><strong>Fant\u00e1stica localiza\u00e7\u00e3o!<\/strong><\/li>\n<li><strong>Excelentes instala\u00e7\u00f5es!<\/strong><\/li>\n<li><strong><strong>wi-fi gratuita em toda a escola.\u00a0<\/strong><\/strong><\/li>\n<li><img decoding=\"async\" class=\"wp-image-3348 alignright\" src=\"https:\/\/www.accord-langues.com\/wp-content\/uploads\/2016\/12\/handicap-en-bleu.jpg\" alt=\"\" width=\"33\" height=\"33\" \/>A escola de idiomas ÃÛÌÒ´«Ã½ atende a <strong>alunos portadores de defici\u00eancias.<\/strong><\/li>\n<li><strong>Professores amig\u00e1veis e experientes:<\/strong> Todos os professores da ÃÛÌÒ´«Ã½ Paris t\u00eam gradua\u00e7\u00e3o universit\u00e1ria e experi\u00eancia no ensino do franc\u00eas como idioma estrangeiro. Eles tamb\u00e9m desenvolvem e atualizam nossos pr\u00f3prios materiais did\u00e1ticos.<\/li>\n<\/ul>\n<p>[\/vc_column_text][\/vc_column_inner][vc_column_inner width=&#8221;1\/2&#8243;][vc_column_text]<\/p>\n<ul>\n<li>Temos tamb\u00e9m uma <strong>equipe administrativa profissional <\/strong>para coordenar as matr\u00edculas, acomoda\u00e7\u00f5es, traslados e assegurar que os alunos tenham uma estadia agrad\u00e1vel na escola de idiomas. <strong>Quando voc\u00ea entra em contato conosco, procuramos responder dentro de 24 horas<\/strong>, fornecendo-lhe todas as informa\u00e7\u00f5es de que voc\u00ea precisa. N\u00f3s o aconselhamos e orientamos em todas as etapas do processo, deste as consultas iniciais at\u00e9 o momento em que voc\u00ea estiver pronto para se registrar.<\/li>\n<li><strong>\u00d3timo mix de nacionalidades:<\/strong> N\u00e3o mais que 12% de nenhuma nacionalidade.<\/li>\n<li><strong>Flexibilidade:<\/strong> A escola de idiomas ÃÛÌÒ´«Ã½ oferece uma ampla sele\u00e7\u00e3o de <a href=\"https:\/\/www.accord-langues.com\/pt-br\/\" target=\"_blank\" rel=\"noopener\">cursos e programas de franc\u00eas<\/a>\u00a0com datas e dura\u00e7\u00f5es flex\u00edveis. Estamos sempre dispon\u00edveis para orient\u00e1-lo durante sua estadia na ÃÛÌÒ´«Ã½, para que voc\u00ea possa selecionar as aulas que mais lhe sejam adequadas.<\/li>\n<li>A ÃÛÌÒ´«Ã½ Paris \u00e9 o <a href=\"https:\/\/examensparis.fr\/\" target=\"_blank\" rel=\"noopener noreferrer\"><strong>centro oficial de exames<\/strong><\/a><\/li>\n<li><strong>Cr\u00e9ditos universit\u00e1rios:<\/strong> Os estudantes matriculados em universidades americanas tamb\u00e9m podem obter cr\u00e9ditos, bem como beneficiar-se dos descontos.<\/li>\n<li>A ÃÛÌÒ´«Ã½ Paris tamb\u00e9m \u00e9 certificada pela <strong>CSN<\/strong> nos pa\u00edses do norte da Europa, e pela <strong>Bildungsurlaub<\/strong> em v\u00e1rias regi\u00f5es alem\u00e3s.<\/li>\n<\/ul>\n<p>[\/vc_column_text][\/vc_column_inner][\/vc_row_inner][\/vc_column][\/vc_row][vc_row full_width=&#8221;stretch_row&#8221; css=&#8221;.vc_custom_1509367896379{padding-bottom: 20px !important;background-color: #f9f9f9 !important;}&#8221;][vc_column][vc_separator color=&#8221;custom&#8221; accent_color=&#8221;#dadada&#8221;][\/vc_column][\/vc_row]<\/p>\n<\/div>","protected":false},"excerpt":{"rendered":"<p>[vc_row full_width=&#8221;stretch_row&#8221; content_placement=&#8221;middle&#8221; css=&#8221;.vc_custom_1481558247212{background-image: url(https:\/\/www.accord-langues.com\/wp-content\/uploads\/2016\/06\/18.jpg?id=52) !important;background-position: center !important;background-repeat: no-repeat !important;background-size: cover !important;}&#8221; el_class=&#8221;header-image bg-top-center&#8221;][vc_column width=&#8221;5\/6&#8243; offset=&#8221;vc_col-sm-offset-1&#8243;][vc_column_text] Mais informa\u00e7\u00f5es sobre\u00a0Escola de idiomas ÃÛÌÒ´«Ã½ [\/vc_column_text][\/vc_column][\/vc_row][vc_row][vc_column][vc_column_text] Escola ÃÛÌÒ´«Ã½ em Francia [\/vc_column_text][vc_separator color=&#8221;custom&#8221; accent_color=&#8221;#dadada&#8221;][vc_row_inner][vc_column_inner width=&#8221;1\/2&#8243;][vc_column_text] Escola de idiomas ÃÛÌÒ´«Ã½ 1988-2018: 30 anos de experi\u00eancia no ensino do franc\u00eas como idioma estrangeiro. A escola de idiomas ÃÛÌÒ´«Ã½ \u00e9 registrada como [&hellip;]<\/p>\n","protected":false},"author":10,"featured_media":16530,"parent":0,"menu_order":0,"comment_status":"closed","ping_status":"closed","template":"","meta":{"_acf_changed":false,"footnotes":""},"class_list":["post-6023","page","type-page","status-publish","has-post-thumbnail","hentry"],"acf":[],"yoast_head":"<!-- This site is optimized with the Yoast SEO Premium plugin v27.4 (Yoast SEO v27.4) - https:\/\/yoast.com\/product\/yoast-seo-premium-wordpress\/ -->\n<title>Por que escolher a escola idiomas ÃÛÌÒ´«Ã½ - Accord Paris Francia<\/title>\n<meta name=\"description\" content=\"A escola de idiomas ÃÛÌÒ´«Ã½ em Paris \u00e9 o melhor local para melhorar suas habilidades. Cursos e aulas de franc\u00eas em ÃÛÌÒ´«Ã½ Paris, na Fran\u00e7a.\" \/>\n<meta name=\"robots\" content=\"index, follow, max-snippet:-1, max-image-preview:large, max-video-preview:-1\" \/>\n<link rel=\"canonical\" href=\"https:\/\/www.accord-langues.com\/pt-br\/escolher-a-escola-de-idiomas-accord\/\" \/>\n<meta property=\"og:locale\" content=\"pt_BR\" \/>\n<meta property=\"og:type\" content=\"article\" \/>\n<meta property=\"og:title\" content=\"Por que escolher a escola idiomas ÃÛÌÒ´«Ã½\" \/>\n<meta property=\"og:description\" content=\"A escola de idiomas ÃÛÌÒ´«Ã½ em Paris \u00e9 o melhor local para melhorar suas habilidades. Cursos e aulas de franc\u00eas em ÃÛÌÒ´«Ã½ Paris, na Fran\u00e7a.\" \/>\n<meta property=\"og:url\" content=\"https:\/\/www.accord-langues.com\/pt-br\/escolher-a-escola-de-idiomas-accord\/\" \/>\n<meta property=\"og:site_name\" content=\"Accord Paris\" \/>\n<meta property=\"article:publisher\" content=\"https:\/\/www.facebook.com\/accordecoledelangues\" \/>\n<meta property=\"article:modified_time\" content=\"2025-12-20T09:19:08+00:00\" \/>\n<meta property=\"og:image\" content=\"https:\/\/www.accord-langues.com\/wp-content\/uploads\/2022\/08\/ÃÛÌÒ´«Ã½-French-Language-School-1.jpg\" \/>\n\t<meta property=\"og:image:width\" content=\"1152\" \/>\n\t<meta property=\"og:image:height\" content=\"833\" \/>\n\t<meta property=\"og:image:type\" content=\"image\/jpeg\" \/>\n<meta name=\"twitter:card\" content=\"summary_large_image\" \/>\n<meta name=\"twitter:label1\" content=\"Est. tempo de leitura\" \/>\n\t<meta name=\"twitter:data1\" content=\"3 minutos\" \/>\n<script type=\"application\/ld+json\" class=\"yoast-schema-graph\">{\"@context\":\"https:\\\/\\\/schema.org\",\"@graph\":[{\"@type\":\"WebPage\",\"@id\":\"https:\\\/\\\/www.accord-langues.com\\\/pt-br\\\/escolher-a-escola-de-idiomas-accord\\\/\",\"url\":\"https:\\\/\\\/www.accord-langues.com\\\/pt-br\\\/escolher-a-escola-de-idiomas-accord\\\/\",\"name\":\"Por que escolher a escola idiomas ÃÛÌÒ´«Ã½ - Accord Paris Francia\",\"isPartOf\":{\"@id\":\"https:\\\/\\\/www.accord-langues.com\\\/pt-br\\\/#website\"},\"primaryImageOfPage\":{\"@id\":\"https:\\\/\\\/www.accord-langues.com\\\/pt-br\\\/escolher-a-escola-de-idiomas-accord\\\/#primaryimage\"},\"image\":{\"@id\":\"https:\\\/\\\/www.accord-langues.com\\\/pt-br\\\/escolher-a-escola-de-idiomas-accord\\\/#primaryimage\"},\"thumbnailUrl\":\"https:\\\/\\\/www.accord-langues.com\\\/wp-content\\\/uploads\\\/2022\\\/08\\\/ÃÛÌÒ´«Ã½-French-Language-School-1.jpg\",\"datePublished\":\"2016-12-12T16:18:30+00:00\",\"dateModified\":\"2025-12-20T09:19:08+00:00\",\"description\":\"A escola de idiomas ÃÛÌÒ´«Ã½ em Paris \u00e9 o melhor local para melhorar suas habilidades. Cursos e aulas de franc\u00eas em ÃÛÌÒ´«Ã½ Paris, na Fran\u00e7a.\",\"inLanguage\":\"pt-BR\",\"potentialAction\":[{\"@type\":\"ReadAction\",\"target\":[\"https:\\\/\\\/www.accord-langues.com\\\/pt-br\\\/escolher-a-escola-de-idiomas-accord\\\/\"]}]},{\"@type\":\"ImageObject\",\"inLanguage\":\"pt-BR\",\"@id\":\"https:\\\/\\\/www.accord-langues.com\\\/pt-br\\\/escolher-a-escola-de-idiomas-accord\\\/#primaryimage\",\"url\":\"https:\\\/\\\/www.accord-langues.com\\\/wp-content\\\/uploads\\\/2022\\\/08\\\/ÃÛÌÒ´«Ã½-French-Language-School-1.jpg\",\"contentUrl\":\"https:\\\/\\\/www.accord-langues.com\\\/wp-content\\\/uploads\\\/2022\\\/08\\\/ÃÛÌÒ´«Ã½-French-Language-School-1.jpg\",\"width\":1152,\"height\":833,\"caption\":\"Escola idiomas ÃÛÌÒ´«Ã½\"},{\"@type\":\"WebSite\",\"@id\":\"https:\\\/\\\/www.accord-langues.com\\\/pt-br\\\/#website\",\"url\":\"https:\\\/\\\/www.accord-langues.com\\\/pt-br\\\/\",\"name\":\"Accord Paris\",\"description\":\"Learn French in France\",\"publisher\":{\"@id\":\"https:\\\/\\\/www.accord-langues.com\\\/pt-br\\\/#organization\"},\"potentialAction\":[{\"@type\":\"SearchAction\",\"target\":{\"@type\":\"EntryPoint\",\"urlTemplate\":\"https:\\\/\\\/www.accord-langues.com\\\/pt-br\\\/?s={search_term_string}\"},\"query-input\":{\"@type\":\"PropertyValueSpecification\",\"valueRequired\":true,\"valueName\":\"search_term_string\"}}],\"inLanguage\":\"pt-BR\"},{\"@type\":\"Organization\",\"@id\":\"https:\\\/\\\/www.accord-langues.com\\\/pt-br\\\/#organization\",\"name\":\"ÃÛÌÒ´«Ã½ Tour Eiffel\",\"alternateName\":\"Learn French in Paris\",\"url\":\"https:\\\/\\\/www.accord-langues.com\\\/pt-br\\\/\",\"logo\":{\"@type\":\"ImageObject\",\"inLanguage\":\"pt-BR\",\"@id\":\"https:\\\/\\\/www.accord-langues.com\\\/pt-br\\\/#\\\/schema\\\/logo\\\/image\\\/\",\"url\":\"https:\\\/\\\/www.accord-langues.com\\\/wp-content\\\/uploads\\\/2016\\\/06\\\/Logo.png\",\"contentUrl\":\"https:\\\/\\\/www.accord-langues.com\\\/wp-content\\\/uploads\\\/2016\\\/06\\\/Logo.png\",\"width\":290,\"height\":70,\"caption\":\"ÃÛÌÒ´«Ã½ Tour Eiffel\"},\"image\":{\"@id\":\"https:\\\/\\\/www.accord-langues.com\\\/pt-br\\\/#\\\/schema\\\/logo\\\/image\\\/\"},\"sameAs\":[\"https:\\\/\\\/www.facebook.com\\\/accordecoledelangues\",\"https:\\\/\\\/www.linkedin.com\\\/groups\\\/4542133\\\/\"],\"description\":\"ÃÛÌÒ´«Ã½ French Language School is one of the leading schools in France for teaching French to foreign students and offering high quality French language courses in Paris. The ÃÛÌÒ´«Ã½ language school is located in the heart of Paris, nearby the Eiffel Tower. The ÃÛÌÒ´«Ã½ school is open all year round and welcomes students from all over the world from the age of 16 in its French language courses. ÃÛÌÒ´«Ã½ school is accredited by the official \u201cQualit\u00e9 FLE\u201d label and is member of CAMPUS FRANCE, SOUFFLE and Atout France. ÃÛÌÒ´«Ã½ is official exam center for the TCF IRN, TCF TP, TCF Qu\u00e9bec and TCF Canada.\",\"email\":\"info@accord-langues.com\",\"telephone\":\"+33155335233\",\"legalName\":\"FORUM ÃÛÌÒ´«Ã½\",\"foundingDate\":\"1990-02-23\",\"numberOfEmployees\":{\"@type\":\"QuantitativeValue\",\"minValue\":\"11\",\"maxValue\":\"50\"}}]}<\/script>\n<!-- \/ Yoast SEO Premium plugin. -->","yoast_head_json":{"title":"Por que escolher a escola idiomas ÃÛÌÒ´«Ã½ - Accord Paris Francia","description":"A escola de idiomas ÃÛÌÒ´«Ã½ em Paris \u00e9 o melhor local para melhorar suas habilidades. Cursos e aulas de franc\u00eas em ÃÛÌÒ´«Ã½ Paris, na Fran\u00e7a.","robots":{"index":"index","follow":"follow","max-snippet":"max-snippet:-1","max-image-preview":"max-image-preview:large","max-video-preview":"max-video-preview:-1"},"canonical":"https:\/\/www.accord-langues.com\/pt-br\/escolher-a-escola-de-idiomas-accord\/","og_locale":"pt_BR","og_type":"article","og_title":"Por que escolher a escola idiomas ÃÛÌÒ´«Ã½","og_description":"A escola de idiomas ÃÛÌÒ´«Ã½ em Paris \u00e9 o melhor local para melhorar suas habilidades. Cursos e aulas de franc\u00eas em ÃÛÌÒ´«Ã½ Paris, na Fran\u00e7a.","og_url":"https:\/\/www.accord-langues.com\/pt-br\/escolher-a-escola-de-idiomas-accord\/","og_site_name":"Accord Paris","article_publisher":"https:\/\/www.facebook.com\/accordecoledelangues","article_modified_time":"2025-12-20T09:19:08+00:00","og_image":[{"width":1152,"height":833,"url":"https:\/\/www.accord-langues.com\/wp-content\/uploads\/2022\/08\/ÃÛÌÒ´«Ã½-French-Language-School-1.jpg","type":"image\/jpeg"}],"twitter_card":"summary_large_image","twitter_misc":{"Est. tempo de leitura":"3 minutos"},"schema":{"@context":"https:\/\/schema.org","@graph":[{"@type":"WebPage","@id":"https:\/\/www.accord-langues.com\/pt-br\/escolher-a-escola-de-idiomas-accord\/","url":"https:\/\/www.accord-langues.com\/pt-br\/escolher-a-escola-de-idiomas-accord\/","name":"Por que escolher a escola idiomas ÃÛÌÒ´«Ã½ - Accord Paris Francia","isPartOf":{"@id":"https:\/\/www.accord-langues.com\/pt-br\/#website"},"primaryImageOfPage":{"@id":"https:\/\/www.accord-langues.com\/pt-br\/escolher-a-escola-de-idiomas-accord\/#primaryimage"},"image":{"@id":"https:\/\/www.accord-langues.com\/pt-br\/escolher-a-escola-de-idiomas-accord\/#primaryimage"},"thumbnailUrl":"https:\/\/www.accord-langues.com\/wp-content\/uploads\/2022\/08\/ÃÛÌÒ´«Ã½-French-Language-School-1.jpg","datePublished":"2016-12-12T16:18:30+00:00","dateModified":"2025-12-20T09:19:08+00:00","description":"A escola de idiomas ÃÛÌÒ´«Ã½ em Paris \u00e9 o melhor local para melhorar suas habilidades. Cursos e aulas de franc\u00eas em ÃÛÌÒ´«Ã½ Paris, na Fran\u00e7a.","inLanguage":"pt-BR","potentialAction":[{"@type":"ReadAction","target":["https:\/\/www.accord-langues.com\/pt-br\/escolher-a-escola-de-idiomas-accord\/"]}]},{"@type":"ImageObject","inLanguage":"pt-BR","@id":"https:\/\/www.accord-langues.com\/pt-br\/escolher-a-escola-de-idiomas-accord\/#primaryimage","url":"https:\/\/www.accord-langues.com\/wp-content\/uploads\/2022\/08\/ÃÛÌÒ´«Ã½-French-Language-School-1.jpg","contentUrl":"https:\/\/www.accord-langues.com\/wp-content\/uploads\/2022\/08\/ÃÛÌÒ´«Ã½-French-Language-School-1.jpg","width":1152,"height":833,"caption":"Escola idiomas ÃÛÌÒ´«Ã½"},{"@type":"WebSite","@id":"https:\/\/www.accord-langues.com\/pt-br\/#website","url":"https:\/\/www.accord-langues.com\/pt-br\/","name":"Accord Paris","description":"Learn French in France","publisher":{"@id":"https:\/\/www.accord-langues.com\/pt-br\/#organization"},"potentialAction":[{"@type":"SearchAction","target":{"@type":"EntryPoint","urlTemplate":"https:\/\/www.accord-langues.com\/pt-br\/?s={search_term_string}"},"query-input":{"@type":"PropertyValueSpecification","valueRequired":true,"valueName":"search_term_string"}}],"inLanguage":"pt-BR"},{"@type":"Organization","@id":"https:\/\/www.accord-langues.com\/pt-br\/#organization","name":"ÃÛÌÒ´«Ã½ Tour Eiffel","alternateName":"Learn French in Paris","url":"https:\/\/www.accord-langues.com\/pt-br\/","logo":{"@type":"ImageObject","inLanguage":"pt-BR","@id":"https:\/\/www.accord-langues.com\/pt-br\/#\/schema\/logo\/image\/","url":"https:\/\/www.accord-langues.com\/wp-content\/uploads\/2016\/06\/Logo.png","contentUrl":"https:\/\/www.accord-langues.com\/wp-content\/uploads\/2016\/06\/Logo.png","width":290,"height":70,"caption":"ÃÛÌÒ´«Ã½ Tour Eiffel"},"image":{"@id":"https:\/\/www.accord-langues.com\/pt-br\/#\/schema\/logo\/image\/"},"sameAs":["https:\/\/www.facebook.com\/accordecoledelangues","https:\/\/www.linkedin.com\/groups\/4542133\/"],"description":"ÃÛÌÒ´«Ã½ French Language School is one of the leading schools in France for teaching French to foreign students and offering high quality French language courses in Paris. The ÃÛÌÒ´«Ã½ language school is located in the heart of Paris, nearby the Eiffel Tower. The ÃÛÌÒ´«Ã½ school is open all year round and welcomes students from all over the world from the age of 16 in its French language courses. ÃÛÌÒ´«Ã½ school is accredited by the official \u201cQualit\u00e9 FLE\u201d label and is member of CAMPUS FRANCE, SOUFFLE and Atout France. ÃÛÌÒ´«Ã½ is official exam center for the TCF IRN, TCF TP, TCF Qu\u00e9bec and TCF Canada.","email":"info@accord-langues.com","telephone":"+33155335233","legalName":"FORUM ÃÛÌÒ´«Ã½","foundingDate":"1990-02-23","numberOfEmployees":{"@type":"QuantitativeValue","minValue":"11","maxValue":"50"}}]}},"_links":{"self":[{"href":"https:\/\/www.accord-langues.com\/pt-br\/wp-json\/wp\/v2\/pages\/6023","targetHints":{"allow":["GET"]}}],"collection":[{"href":"https:\/\/www.accord-langues.com\/pt-br\/wp-json\/wp\/v2\/pages"}],"about":[{"href":"https:\/\/www.accord-langues.com\/pt-br\/wp-json\/wp\/v2\/types\/page"}],"author":[{"embeddable":true,"href":"https:\/\/www.accord-langues.com\/pt-br\/wp-json\/wp\/v2\/users\/10"}],"replies":[{"embeddable":true,"href":"https:\/\/www.accord-langues.com\/pt-br\/wp-json\/wp\/v2\/comments?post=6023"}],"version-history":[{"count":1,"href":"https:\/\/www.accord-langues.com\/pt-br\/wp-json\/wp\/v2\/pages\/6023\/revisions"}],"predecessor-version":[{"id":25832,"href":"https:\/\/www.accord-langues.com\/pt-br\/wp-json\/wp\/v2\/pages\/6023\/revisions\/25832"}],"wp:featuredmedia":[{"embeddable":true,"href":"https:\/\/www.accord-langues.com\/pt-br\/wp-json\/wp\/v2\/media\/16530"}],"wp:attachment":[{"href":"https:\/\/www.accord-langues.com\/pt-br\/wp-json\/wp\/v2\/media?parent=6023"}],"curies":[{"name":"wp","href":"https:\/\/api.w.org\/{rel}","templated":true}]}}