  {"id":5933,"date":"2018-01-15T12:14:19","date_gmt":"2018-01-15T12:14:19","guid":{"rendered":"https:\/\/www.accord-langues.com\/enjoy-paris\/"},"modified":"2025-06-06T10:02:26","modified_gmt":"2025-06-06T09:02:26","slug":"aproveite-paris","status":"publish","type":"page","link":"https:\/\/www.accord-langues.com\/pt-br\/aproveite-paris\/","title":{"rendered":"Inscreva-se num curso de franc\u00eas e aproveite Paris"},"content":{"rendered":"<div class=\"wpb-content-wrapper\"><p>[vc_row full_width=&#8221;stretch_row&#8221; content_placement=&#8221;middle&#8221; css=&#8221;.vc_custom_1509009556865{background-image: url(https:\/\/www.accord-langues.com\/wp-content\/uploads\/2016\/10\/adult-course.jpg?id=348) !important;background-position: center !important;background-repeat: no-repeat !important;background-size: cover !important;}&#8221; el_class=&#8221;header-image&#8221;][vc_column width=&#8221;2\/3&#8243; offset=&#8221;vc_col-sm-offset-2&#8243;][vc_column_text]<\/p>\n<h1><strong>Aproveite Paris<\/strong><\/h1>\n<p>[\/vc_column_text][\/vc_column][\/vc_row][vc_row][vc_column][vc_column_text]<\/p>\n<h3 style=\"text-align: center;\">Aproveite Paris!<\/h3>\n<p>[\/vc_column_text][vc_row_inner][vc_column_inner width=&#8221;1\/2&#8243;][vc_column_text]Em complementa\u00e7\u00e3o a seus cursos de franc\u00eas, os parceiros da escola de idiomas ÃÛÌÒ´«Ã½ (<a href=\"http:\/\/www.club-international.org\/\">o CIJP<\/a> e a ToBeErasmusinParis) oferecem um programa cultural que lhe permitir\u00e1 compreender e apreciar melhor a cultura francesa.[\/vc_column_text][\/vc_column_inner][vc_column_inner width=&#8221;1\/2&#8243;][vc_column_text]O programa dessas entidades varia de acordo com as esta\u00e7\u00f5es e com os eventos culturais parisienses realizados durante o ano.[\/vc_column_text][\/vc_column_inner][\/vc_row_inner][vc_separator][\/vc_column][\/vc_row][vc_row full_width=&#8221;stretch_row&#8221; css=&#8221;.vc_custom_1509364080525{padding-bottom: 40px !important;}&#8221;][vc_column][vc_column_text]<\/p>\n<div id='gallery-1' class='gallery galleryid-5933 gallery-columns-1 gallery-size-large'><figure class='gallery-item'>\n\t\t\t<div class='gallery-icon landscape'>\n\t\t\t\t<img decoding=\"async\" width=\"521\" height=\"347\" src=\"https:\/\/www.accord-langues.com\/wp-content\/uploads\/2018\/08\/Enjoy-Paris-with-ÃÛÌÒ´«Ã½-French-language-school-in-France-18-001.jpg\" class=\"attachment-large size-large\" alt=\"D\u00e9couvrez Paris\" srcset=\"https:\/\/www.accord-langues.com\/wp-content\/uploads\/2018\/08\/Enjoy-Paris-with-ÃÛÌÒ´«Ã½-French-language-school-in-France-18-001.jpg 521w, https:\/\/www.accord-langues.com\/wp-content\/uploads\/2018\/08\/Enjoy-Paris-with-ÃÛÌÒ´«Ã½-French-language-school-in-France-18-001-300x200.jpg 300w\" sizes=\"(max-width: 521px) 100vw, 521px\" title=\"Enjoy Paris with ÃÛÌÒ´«Ã½ French language school in France (18)-001\" \/>\n\t\t\t<\/div><\/figure>\n\t\t<\/div>\n\n<p>[\/vc_column_text][vc_row_inner][vc_column_inner][vc_column_text]<\/p>\n<h3 style=\"text-align: center;\"><strong>Club International des Jeunes \u00e0 Paris &#8211; CIJP<\/strong><\/h3>\n<p>[\/vc_column_text][\/vc_column_inner][\/vc_row_inner][vc_row_inner][vc_column_inner width=&#8221;1\/2&#8243;][vc_column_text]O CIJP, Club International des Jeunes \u00e0 Paris (<a href=\"http:\/\/www.club-international.org\/\" target=\"_blank\" rel=\"noopener noreferrer\">Clube Internacional para Jovens em Paris<\/a>) \u00e9 uma organiza\u00e7\u00e3o dedicada a receber estudantes internacionais em Paris. O clube incentiva a realiza\u00e7\u00e3o de interc\u00e2mbios culturais e a forma\u00e7\u00e3o de v\u00ednculos de amizade entre estudantes franceses e estrangeiros por meio da organiza\u00e7\u00e3o de atividades culturais e divertidas.\u00a0Ele oferece uma programa\u00e7\u00e3o mensal incluindo v\u00e1rias atividades: visitas a v\u00e1rios bairros (os chamados \u201cquartiers\u201d), museus, exposi\u00e7\u00f5es, shows, passeios, eventos noturnos e debates sobre diversos t\u00f3picos&#8230;[\/vc_column_text][\/vc_column_inner][vc_column_inner width=&#8221;1\/2&#8243;][vc_column_text]<strong>Aproveite Paris, a capital francesa, com o CIJP! <\/strong><\/p>\n<p>Todos os meses, o CIJP divulga uma lista de excurs\u00f5es e v\u00e1rias outras atividades (mais de 200 por ano), incluindo excurs\u00f5es, visitas aos distritos parisienses, museus, exposi\u00e7\u00f5es, shows, festas, etc.<\/p>\n<p>P\u00e1gina do CIJP no Facebook: AQUI[\/vc_column_text][\/vc_column_inner][\/vc_row_inner][vc_separator][vc_row_inner][vc_column_inner][\/vc_column_inner][\/vc_row_inner][vc_row_inner][vc_column_inner width=&#8221;1\/2&#8243;][vc_column_text]<\/p>\n<h3 style=\"text-align: left;\"><span style=\"color: #ff6600;\">ToBeErasmusinParis<\/span><\/h3>\n<p>Aproveite Paris, a capital francesa, com a To Be Erasmus In Paris!<\/p>\n<p>A To Be Erasmus In Paris quer incentiv\u00e1-lo a explorar Paris. A organiza\u00e7\u00e3o \u00e9 uma esp\u00e9cie de v\u00ednculo social que procurar garantir que voc\u00ea aproveite Paris e descubra a Cidade-Luz. Com mais de cinco anos de experi\u00eancia no c\u00edrculo estudantil, a equipe din\u00e2mica do To Be Erasmus In Paris certamente ser\u00e1 uma das melhores maneiras de atender \u00e0s suas necessidades e vontades.<\/p>\n<p>Eles s\u00e3o especializados em turismo e planejamento de eventos e t\u00eam vasta experi\u00eancia nessas \u00e1reas. \u00a0Eles organizam quase 26 viagens por ano e pelo menos um evento noturno toda semana.<\/p>\n<p>Esperando que sua nova vida em Paris seja uma experi\u00eancia memor\u00e1vel enquanto <a href=\"https:\/\/www.accord-langues.com\/pt-br\/cursos-de-frances-na-accord-paris-em-francia\/\" target=\"_blank\" rel=\"noopener noreferrer\">aprende franc\u00eas na ÃÛÌÒ´«Ã½<\/a>, talvez at\u00e9 mesmo fazendo nossas <a href=\"https:\/\/www.accord-langues.com\/pt-br\/curso\/aulas-de-cultura-e-civilizacao-francesas\/\" target=\"_blank\" rel=\"noopener noreferrer\">aulas de cultura e civiliza\u00e7\u00e3o francesas<\/a>, voc\u00ea pode participar de algumas excurs\u00f5es ou eventos planejados pela To Be Erasmus In Paris.<\/p>\n<p>P\u00e1gina da To Be Erasmus In Paris no Facebook: <a href=\"https:\/\/www.facebook.com\/login\/?next=https%3A%2F%2Fwww.facebook.com%2FToBeErasmusInParis\" target=\"_blank\" rel=\"noopener noreferrer\">AQUI<\/a><br \/>\nWebsite da To Be Erasmus In Paris: AQUI[\/vc_column_text][\/vc_column_inner][vc_column_inner width=&#8221;1\/2&#8243;][vc_column_text]<\/p>\n<h3><\/h3>\n<p><strong>Atividades, visitas e excurs\u00f5es<\/strong><\/p>\n<p>Estes s\u00e3o alguns exemplos de atividades, visitas e excurs\u00f5es oferecidas por nossos parceiros:<\/p>\n<ul>\n<li>Viagens de barco pelo Sena e pelos canais de Paris.<\/li>\n<li>Tours guiados nos mais famosos museus de Paris: o Louvre, o Museu de Arte Moderna, o Museu Picasso, o Grand-Palais, etc.<\/li>\n<li>Passeios guiados em outros museus menos conhecidos mas igualmente empolgantes: o Museu Zadkine (casa e atelier do artista), a casa de Victor Hugo, o museu Rodin, o museu Delacroix, o museu do Perfume, etc.<\/li>\n<li>Excurs\u00f5es a diversos pontos famosos fora de Paris: O Pal\u00e1cio de Versailles, o Vale do Loire e seus famosos castelos, Giverny, Chantilly, Senlis, Beaune, Fontainebleau, etc.<\/li>\n<li>Fins de semana no <a href=\"https:\/\/en.wikipedia.org\/wiki\/Mont-Saint-Michel\" target=\"_blank\" rel=\"noopener noreferrer\">Monte Saint-Michel<\/a>, na Normandia, em Amsterd\u00e3, na B\u00e9lgica, etc.<\/li>\n<\/ul>\n<p>[\/vc_column_text][\/vc_column_inner][\/vc_row_inner][vc_separator][vc_row_inner][vc_column_inner][vc_column_text]<\/p>\n<h3 style=\"text-align: center;\"><strong>Aproveite Paris, a capital francesa<\/strong><\/h3>\n<p>[\/vc_column_text][\/vc_column_inner][\/vc_row_inner][vc_row_inner][vc_column_inner width=&#8221;1\/2&#8243;][vc_column_text]<\/p>\n<div id='gallery-2' class='gallery galleryid-5933 gallery-columns-1 gallery-size-large'><figure class='gallery-item'>\n\t\t\t<div class='gallery-icon landscape'>\n\t\t\t\t<img decoding=\"async\" width=\"640\" height=\"428\" src=\"https:\/\/www.accord-langues.com\/wp-content\/uploads\/2018\/08\/The-Seine-river-4-001-1024x684.jpg\" class=\"attachment-large size-large\" alt=\"Book a French language course and enjoy Paris\" srcset=\"https:\/\/www.accord-langues.com\/wp-content\/uploads\/2018\/08\/The-Seine-river-4-001-1024x684.jpg 1024w, https:\/\/www.accord-langues.com\/wp-content\/uploads\/2018\/08\/The-Seine-river-4-001-300x200.jpg 300w, https:\/\/www.accord-langues.com\/wp-content\/uploads\/2018\/08\/The-Seine-river-4-001-768x513.jpg 768w, https:\/\/www.accord-langues.com\/wp-content\/uploads\/2018\/08\/The-Seine-river-4-001.jpg 1043w\" sizes=\"(max-width: 640px) 100vw, 640px\" title=\"The Seine river (4)-001\" \/>\n\t\t\t<\/div><\/figure>\n\t\t<\/div>\n\n<p>Existem in\u00fameras atividades dispon\u00edveis, incluindo concertos, pe\u00e7as teatrais, etc. Informativos com os programas oferecidos pelo CIJP e pela ToBeErasmusinParis podem ser encontrados em ÃÛÌÒ´«Ã½. Confira a programa\u00e7\u00e3o enquanto estiver aqui conosco.<\/p>\n<p>E n\u00e3o se esque\u00e7a de conversar sobre isso com seus colegas de classe. Eles tamb\u00e9m dever\u00e3o ter ideias do que desejam fazer depois das aulas, talvez tomar um caf\u00e9 ou saborear um croque-monsieur em um bistr\u00f4 franc\u00eas t\u00edpico, ou quem sabe ir a um clube de jazz na rue des Lombards. Temos certeza de que eles querem a sua companhia![\/vc_column_text][\/vc_column_inner][vc_column_inner width=&#8221;1\/2&#8243;][vc_column_text]<\/p>\n<div id='gallery-3' class='gallery galleryid-5933 gallery-columns-1 gallery-size-large'><figure class='gallery-item'>\n\t\t\t<div class='gallery-icon landscape'>\n\t\t\t\t<img decoding=\"async\" width=\"640\" height=\"428\" src=\"https:\/\/www.accord-langues.com\/wp-content\/uploads\/2018\/08\/enjoy-Paris-2-1024x684.jpg\" class=\"attachment-large size-large\" alt=\"Book a French language course and enjoy Paris\" srcset=\"https:\/\/www.accord-langues.com\/wp-content\/uploads\/2018\/08\/enjoy-Paris-2-1024x684.jpg 1024w, https:\/\/www.accord-langues.com\/wp-content\/uploads\/2018\/08\/enjoy-Paris-2-300x200.jpg 300w, https:\/\/www.accord-langues.com\/wp-content\/uploads\/2018\/08\/enjoy-Paris-2-768x513.jpg 768w\" sizes=\"(max-width: 640px) 100vw, 640px\" title=\"enjoy Paris (2)\" \/>\n\t\t\t<\/div><\/figure>\n\t\t<\/div>\n\n<p><strong>Aproveite Paris!<\/strong><\/p>\n<p>Ou voc\u00ea pode convid\u00e1-los para visitar <a href=\"https:\/\/en.wikipedia.org\/wiki\/Montmartre\" target=\"_blank\" rel=\"noopener noreferrer\">Montmartre<\/a> com voc\u00ea e ver sua caricatura desenhada no Place du Tertre.<\/p>\n<p>ÃÛÌÒ´«Ã½ tamb\u00e9m tem uma \u00e1rea de informa\u00e7\u00f5es com v\u00e1rios flyers, folhetos e brochuras de museus, etc.[\/vc_column_text][\/vc_column_inner][\/vc_row_inner][vc_separator][vc_row_inner][vc_column_inner][vc_column_text]<\/p>\n<h3 style=\"text-align: center;\"><strong>Aulas da ÃÛÌÒ´«Ã½ sobre cultura e civiliza\u00e7\u00e3o francesas<\/strong><\/h3>\n<p>[\/vc_column_text][\/vc_column_inner][\/vc_row_inner][vc_row_inner][vc_column_inner width=&#8221;1\/2&#8243;][vc_column_text]Com a ÃÛÌÒ´«Ã½, tamb\u00e9m \u00e9 poss\u00edvel descobrir Paris e sua cultura e civiliza\u00e7\u00e3o matriculando-se em <a href=\"https:\/\/www.accord-langues.com\/pt-br\/curso\/aulas-de-cultura-e-civilizacao-francesas\/\" target=\"_blank\" rel=\"noopener noreferrer\">nossas aulas de Cultura e Civiliza\u00e7\u00e3o Francesas<\/a> (todas as tardes de segunda e sexta-feira).<\/p>\n<p>Se voc\u00ea tiver interesse nessas aulas, basta falar com seus professores ou com nosso Diretor de Estudos para se informar mais.<\/p>\n<p>Aproveite Paris, a capital francesa, descobrindo suas \u00e1reas hist\u00f3ricas e pitorescas em conjunto com o <a href=\"https:\/\/www.accord-langues.com\/pt-br\/curso\/aulas-de-cultura-e-civilizacao-francesas\/\" target=\"_blank\" rel=\"noopener noreferrer\">workshop de Cultura e Civiliza\u00e7\u00e3o Parisienses da Accord<\/a>.[\/vc_column_text][\/vc_column_inner][vc_column_inner width=&#8221;1\/2&#8243;][vc_column_text]Voc\u00ea poder\u00e1 visitar \u00e1reas como Le Marais, Montmartre, o Quartier Latin, o cemit\u00e9rio P\u00e8re-Lachaise, a Ile de la Cit\u00e9, Montparnasse e outras, juntamente com seu professor.<\/p>\n<p>O programa para estas aulas pode ser obtido no escrit\u00f3rio do Diretor de Estudos, para que voc\u00ea possa ficar sabendo antecipadamente o que ir\u00e1 aprender nessas tardes.<\/p>\n<p>As aulas de Cultura e Civiliza\u00e7\u00e3o Francesas s\u00e3o abertas a todos os n\u00edveis, desde o iniciante completo at\u00e9 o avan\u00e7ado.[\/vc_column_text][\/vc_column_inner][\/vc_row_inner][vc_separator][vc_row_inner][vc_column_inner][vc_column_text]<\/p>\n<p>&nbsp;<\/p>\n<\/div>","protected":false},"excerpt":{"rendered":"<p>[vc_row full_width=&#8221;stretch_row&#8221; content_placement=&#8221;middle&#8221; css=&#8221;.vc_custom_1509009556865{background-image: url(https:\/\/www.accord-langues.com\/wp-content\/uploads\/2016\/10\/adult-course.jpg?id=348) !important;background-position: center !important;background-repeat: no-repeat !important;background-size: cover !important;}&#8221; el_class=&#8221;header-image&#8221;][vc_column width=&#8221;2\/3&#8243; offset=&#8221;vc_col-sm-offset-2&#8243;][vc_column_text] Aproveite Paris [\/vc_column_text][\/vc_column][\/vc_row][vc_row][vc_column][vc_column_text] Aproveite Paris! [\/vc_column_text][vc_row_inner][vc_column_inner width=&#8221;1\/2&#8243;][vc_column_text]Em complementa\u00e7\u00e3o a seus cursos de franc\u00eas, os parceiros da escola de idiomas ÃÛÌÒ´«Ã½ (o CIJP e a ToBeErasmusinParis) oferecem um programa cultural que lhe permitir\u00e1 compreender e apreciar melhor a cultura francesa.[\/vc_column_text][\/vc_column_inner][vc_column_inner width=&#8221;1\/2&#8243;][vc_column_text]O [&hellip;]<\/p>\n","protected":false},"author":10,"featured_media":0,"parent":0,"menu_order":0,"comment_status":"closed","ping_status":"closed","template":"","meta":{"_acf_changed":false,"footnotes":""},"class_list":["post-5933","page","type-page","status-publish","hentry"],"acf":[],"yoast_head":"<!-- This site is optimized with the Yoast SEO Premium plugin v27.4 (Yoast SEO v27.4) - https:\/\/yoast.com\/product\/yoast-seo-premium-wordpress\/ -->\n<title>Inscreva-se num curso de franc\u00eas e aproveite Paris - Accord Paris<\/title>\n<meta name=\"description\" content=\"Aproveite Paris, a capital francesa, com a escola de franc\u00eas ÃÛÌÒ´«Ã½! Aproveite Paris: jante em um barco, v\u00e1 a um clube de jazz, visite museus...\" \/>\n<meta name=\"robots\" content=\"index, follow, max-snippet:-1, max-image-preview:large, max-video-preview:-1\" \/>\n<link rel=\"canonical\" href=\"https:\/\/www.accord-langues.com\/pt-br\/aproveite-paris\/\" \/>\n<meta property=\"og:locale\" content=\"pt_BR\" \/>\n<meta property=\"og:type\" content=\"article\" \/>\n<meta property=\"og:title\" content=\"Inscreva-se num curso de franc\u00eas e aproveite Paris\" \/>\n<meta property=\"og:description\" content=\"Aproveite Paris, a capital francesa, com a escola de franc\u00eas ÃÛÌÒ´«Ã½! Aproveite Paris: jante em um barco, v\u00e1 a um clube de jazz, visite museus...\" \/>\n<meta property=\"og:url\" content=\"https:\/\/www.accord-langues.com\/pt-br\/aproveite-paris\/\" \/>\n<meta property=\"og:site_name\" content=\"Accord Paris\" \/>\n<meta property=\"article:publisher\" content=\"https:\/\/www.facebook.com\/accordecoledelangues\" \/>\n<meta property=\"article:modified_time\" content=\"2025-06-06T09:02:26+00:00\" \/>\n<meta property=\"og:image\" content=\"https:\/\/www.accord-langues.com\/wp-content\/uploads\/2024\/02\/ÃÛÌÒ´«Ã½-French-Language-School-in-Paris-low-res.jpg\" \/>\n\t<meta property=\"og:image:width\" content=\"1200\" \/>\n\t<meta property=\"og:image:height\" content=\"867\" \/>\n\t<meta property=\"og:image:type\" content=\"image\/jpeg\" \/>\n<meta name=\"twitter:card\" content=\"summary_large_image\" \/>\n<meta name=\"twitter:label1\" content=\"Est. tempo de leitura\" \/>\n\t<meta name=\"twitter:data1\" content=\"6 minutos\" \/>\n<script type=\"application\/ld+json\" class=\"yoast-schema-graph\">{\"@context\":\"https:\\\/\\\/schema.org\",\"@graph\":[{\"@type\":\"WebPage\",\"@id\":\"https:\\\/\\\/www.accord-langues.com\\\/pt-br\\\/aproveite-paris\\\/\",\"url\":\"https:\\\/\\\/www.accord-langues.com\\\/pt-br\\\/aproveite-paris\\\/\",\"name\":\"Inscreva-se num curso de franc\u00eas e aproveite Paris - Accord Paris\",\"isPartOf\":{\"@id\":\"https:\\\/\\\/www.accord-langues.com\\\/pt-br\\\/#website\"},\"datePublished\":\"2018-01-15T12:14:19+00:00\",\"dateModified\":\"2025-06-06T09:02:26+00:00\",\"description\":\"Aproveite Paris, a capital francesa, com a escola de franc\u00eas ÃÛÌÒ´«Ã½! Aproveite Paris: jante em um barco, v\u00e1 a um clube de jazz, visite museus...\",\"inLanguage\":\"pt-BR\",\"potentialAction\":[{\"@type\":\"ReadAction\",\"target\":[\"https:\\\/\\\/www.accord-langues.com\\\/pt-br\\\/aproveite-paris\\\/\"]}]},{\"@type\":\"WebSite\",\"@id\":\"https:\\\/\\\/www.accord-langues.com\\\/pt-br\\\/#website\",\"url\":\"https:\\\/\\\/www.accord-langues.com\\\/pt-br\\\/\",\"name\":\"Accord Paris\",\"description\":\"Learn French in France\",\"publisher\":{\"@id\":\"https:\\\/\\\/www.accord-langues.com\\\/pt-br\\\/#organization\"},\"potentialAction\":[{\"@type\":\"SearchAction\",\"target\":{\"@type\":\"EntryPoint\",\"urlTemplate\":\"https:\\\/\\\/www.accord-langues.com\\\/pt-br\\\/?s={search_term_string}\"},\"query-input\":{\"@type\":\"PropertyValueSpecification\",\"valueRequired\":true,\"valueName\":\"search_term_string\"}}],\"inLanguage\":\"pt-BR\"},{\"@type\":\"Organization\",\"@id\":\"https:\\\/\\\/www.accord-langues.com\\\/pt-br\\\/#organization\",\"name\":\"ÃÛÌÒ´«Ã½ Tour Eiffel\",\"alternateName\":\"Learn French in Paris\",\"url\":\"https:\\\/\\\/www.accord-langues.com\\\/pt-br\\\/\",\"logo\":{\"@type\":\"ImageObject\",\"inLanguage\":\"pt-BR\",\"@id\":\"https:\\\/\\\/www.accord-langues.com\\\/pt-br\\\/#\\\/schema\\\/logo\\\/image\\\/\",\"url\":\"https:\\\/\\\/www.accord-langues.com\\\/wp-content\\\/uploads\\\/2016\\\/06\\\/Logo.png\",\"contentUrl\":\"https:\\\/\\\/www.accord-langues.com\\\/wp-content\\\/uploads\\\/2016\\\/06\\\/Logo.png\",\"width\":290,\"height\":70,\"caption\":\"ÃÛÌÒ´«Ã½ Tour Eiffel\"},\"image\":{\"@id\":\"https:\\\/\\\/www.accord-langues.com\\\/pt-br\\\/#\\\/schema\\\/logo\\\/image\\\/\"},\"sameAs\":[\"https:\\\/\\\/www.facebook.com\\\/accordecoledelangues\",\"https:\\\/\\\/www.linkedin.com\\\/groups\\\/4542133\\\/\"],\"description\":\"ÃÛÌÒ´«Ã½ French Language School is one of the leading schools in France for teaching French to foreign students and offering high quality French language courses in Paris. The ÃÛÌÒ´«Ã½ language school is located in the heart of Paris, nearby the Eiffel Tower. The ÃÛÌÒ´«Ã½ school is open all year round and welcomes students from all over the world from the age of 16 in its French language courses. ÃÛÌÒ´«Ã½ school is accredited by the official \u201cQualit\u00e9 FLE\u201d label and is member of CAMPUS FRANCE, SOUFFLE and Atout France. ÃÛÌÒ´«Ã½ is official exam center for the TCF IRN, TCF TP, TCF Qu\u00e9bec and TCF Canada.\",\"email\":\"info@accord-langues.com\",\"telephone\":\"+33155335233\",\"legalName\":\"FORUM ÃÛÌÒ´«Ã½\",\"foundingDate\":\"1990-02-23\",\"numberOfEmployees\":{\"@type\":\"QuantitativeValue\",\"minValue\":\"11\",\"maxValue\":\"50\"}}]}<\/script>\n<!-- \/ Yoast SEO Premium plugin. -->","yoast_head_json":{"title":"Inscreva-se num curso de franc\u00eas e aproveite Paris - Accord Paris","description":"Aproveite Paris, a capital francesa, com a escola de franc\u00eas ÃÛÌÒ´«Ã½! Aproveite Paris: jante em um barco, v\u00e1 a um clube de jazz, visite museus...","robots":{"index":"index","follow":"follow","max-snippet":"max-snippet:-1","max-image-preview":"max-image-preview:large","max-video-preview":"max-video-preview:-1"},"canonical":"https:\/\/www.accord-langues.com\/pt-br\/aproveite-paris\/","og_locale":"pt_BR","og_type":"article","og_title":"Inscreva-se num curso de franc\u00eas e aproveite Paris","og_description":"Aproveite Paris, a capital francesa, com a escola de franc\u00eas ÃÛÌÒ´«Ã½! Aproveite Paris: jante em um barco, v\u00e1 a um clube de jazz, visite museus...","og_url":"https:\/\/www.accord-langues.com\/pt-br\/aproveite-paris\/","og_site_name":"Accord Paris","article_publisher":"https:\/\/www.facebook.com\/accordecoledelangues","article_modified_time":"2025-06-06T09:02:26+00:00","og_image":[{"width":1200,"height":867,"url":"https:\/\/www.accord-langues.com\/wp-content\/uploads\/2024\/02\/ÃÛÌÒ´«Ã½-French-Language-School-in-Paris-low-res.jpg","type":"image\/jpeg"}],"twitter_card":"summary_large_image","twitter_misc":{"Est. tempo de leitura":"6 minutos"},"schema":{"@context":"https:\/\/schema.org","@graph":[{"@type":"WebPage","@id":"https:\/\/www.accord-langues.com\/pt-br\/aproveite-paris\/","url":"https:\/\/www.accord-langues.com\/pt-br\/aproveite-paris\/","name":"Inscreva-se num curso de franc\u00eas e aproveite Paris - Accord Paris","isPartOf":{"@id":"https:\/\/www.accord-langues.com\/pt-br\/#website"},"datePublished":"2018-01-15T12:14:19+00:00","dateModified":"2025-06-06T09:02:26+00:00","description":"Aproveite Paris, a capital francesa, com a escola de franc\u00eas ÃÛÌÒ´«Ã½! Aproveite Paris: jante em um barco, v\u00e1 a um clube de jazz, visite museus...","inLanguage":"pt-BR","potentialAction":[{"@type":"ReadAction","target":["https:\/\/www.accord-langues.com\/pt-br\/aproveite-paris\/"]}]},{"@type":"WebSite","@id":"https:\/\/www.accord-langues.com\/pt-br\/#website","url":"https:\/\/www.accord-langues.com\/pt-br\/","name":"Accord Paris","description":"Learn French in France","publisher":{"@id":"https:\/\/www.accord-langues.com\/pt-br\/#organization"},"potentialAction":[{"@type":"SearchAction","target":{"@type":"EntryPoint","urlTemplate":"https:\/\/www.accord-langues.com\/pt-br\/?s={search_term_string}"},"query-input":{"@type":"PropertyValueSpecification","valueRequired":true,"valueName":"search_term_string"}}],"inLanguage":"pt-BR"},{"@type":"Organization","@id":"https:\/\/www.accord-langues.com\/pt-br\/#organization","name":"ÃÛÌÒ´«Ã½ Tour Eiffel","alternateName":"Learn French in Paris","url":"https:\/\/www.accord-langues.com\/pt-br\/","logo":{"@type":"ImageObject","inLanguage":"pt-BR","@id":"https:\/\/www.accord-langues.com\/pt-br\/#\/schema\/logo\/image\/","url":"https:\/\/www.accord-langues.com\/wp-content\/uploads\/2016\/06\/Logo.png","contentUrl":"https:\/\/www.accord-langues.com\/wp-content\/uploads\/2016\/06\/Logo.png","width":290,"height":70,"caption":"ÃÛÌÒ´«Ã½ Tour Eiffel"},"image":{"@id":"https:\/\/www.accord-langues.com\/pt-br\/#\/schema\/logo\/image\/"},"sameAs":["https:\/\/www.facebook.com\/accordecoledelangues","https:\/\/www.linkedin.com\/groups\/4542133\/"],"description":"ÃÛÌÒ´«Ã½ French Language School is one of the leading schools in France for teaching French to foreign students and offering high quality French language courses in Paris. The ÃÛÌÒ´«Ã½ language school is located in the heart of Paris, nearby the Eiffel Tower. The ÃÛÌÒ´«Ã½ school is open all year round and welcomes students from all over the world from the age of 16 in its French language courses. ÃÛÌÒ´«Ã½ school is accredited by the official \u201cQualit\u00e9 FLE\u201d label and is member of CAMPUS FRANCE, SOUFFLE and Atout France. ÃÛÌÒ´«Ã½ is official exam center for the TCF IRN, TCF TP, TCF Qu\u00e9bec and TCF Canada.","email":"info@accord-langues.com","telephone":"+33155335233","legalName":"FORUM ÃÛÌÒ´«Ã½","foundingDate":"1990-02-23","numberOfEmployees":{"@type":"QuantitativeValue","minValue":"11","maxValue":"50"}}]}},"_links":{"self":[{"href":"https:\/\/www.accord-langues.com\/pt-br\/wp-json\/wp\/v2\/pages\/5933","targetHints":{"allow":["GET"]}}],"collection":[{"href":"https:\/\/www.accord-langues.com\/pt-br\/wp-json\/wp\/v2\/pages"}],"about":[{"href":"https:\/\/www.accord-langues.com\/pt-br\/wp-json\/wp\/v2\/types\/page"}],"author":[{"embeddable":true,"href":"https:\/\/www.accord-langues.com\/pt-br\/wp-json\/wp\/v2\/users\/10"}],"replies":[{"embeddable":true,"href":"https:\/\/www.accord-langues.com\/pt-br\/wp-json\/wp\/v2\/comments?post=5933"}],"version-history":[{"count":0,"href":"https:\/\/www.accord-langues.com\/pt-br\/wp-json\/wp\/v2\/pages\/5933\/revisions"}],"wp:attachment":[{"href":"https:\/\/www.accord-langues.com\/pt-br\/wp-json\/wp\/v2\/media?parent=5933"}],"curies":[{"name":"wp","href":"https:\/\/api.w.org\/{rel}","templated":true}]}}