  {"id":5587,"date":"2019-01-18T14:48:37","date_gmt":"2019-01-18T14:48:37","guid":{"rendered":"https:\/\/www.accord-langues.com\/internship-in-paris\/"},"modified":"2024-11-29T15:36:17","modified_gmt":"2024-11-29T15:36:17","slug":"estagio-em-paris","status":"publish","type":"page","link":"https:\/\/www.accord-langues.com\/pt-br\/estagio-em-paris\/","title":{"rendered":"Est\u00e1gio em Paris"},"content":{"rendered":"<div class=\"wpb-content-wrapper\"><p>[vc_row][vc_column][\/vc_column][\/vc_row][vc_row full_width=&#8221;stretch_row&#8221; content_placement=&#8221;middle&#8221; css=&#8221;.vc_custom_1532955235869{background-image: url(https:\/\/www.accord-langues.com\/wp-content\/uploads\/2016\/10\/adult-course.jpg?id=348) !important;background-position: center !important;background-repeat: no-repeat !important;background-size: cover !important;}&#8221; el_class=&#8221;header-image&#8221;][vc_column width=&#8221;2\/3&#8243; offset=&#8221;vc_col-sm-offset-2&#8243;][vc_column_text]<\/p>\n<h1 style=\"text-align: center;\">Est\u00e1gio em Paris<\/h1>\n<h3 style=\"text-align: center;\"><span style=\"color: #ff6600;\"><strong>Est\u00e1gio em Paris<\/strong><\/span><br \/>\n<span style=\"color: #ff6600;\"><strong>Fa\u00e7a est\u00e1gio na Fran\u00e7a<\/strong><\/span><br \/>\n<span style=\"color: #ff6600;\"><strong>Est\u00e1gio em per\u00edodo integral no exterior<\/strong><\/span><\/h3>\n<p>[\/vc_column_text][\/vc_column][\/vc_row][vc_row full_width=&#8221;stretch_row&#8221;][vc_column][vc_column_text]<\/p>\n<h3 style=\"text-align: center;\"><span style=\"color: #ff6600;\"><strong>Est\u00e1gio em Paris<\/strong><\/span><br \/>\n<span style=\"color: #ff6600;\"><strong>Fa\u00e7a est\u00e1gio na\u00a0Fran\u00e7a<\/strong><\/span><br \/>\n<span style=\"color: #ff6600;\"><strong>Est\u00e1gio em per\u00edodo integral no exterior<\/strong><\/span><\/h3>\n<p>Um est\u00e1gio em Paris \u00e9 uma excelente maneira de vivenciar a cidade de perto e pessoalmente, com o tempo necess\u00e1rio para apreciar todos os seus encantos e a cultura parisiense enquanto aprimora seu curr\u00edculo e adquire valiosos conhecimentos do idioma franc\u00eas<\/p>\n<p>Famosa por sua rica hist\u00f3ria, magn\u00edfica arquitetura e diversidade cultural, Paris continua a ser uma das cidades mais visitadas do mundo. Paris sempre foi um centro de atividades art\u00edsticas e intelectuais, com seus 134 museus, 170 teatros, universidades famosas e festivais culturais acontecendo o ano todo.<\/p>\n<p>Al\u00e9m disso, \u00e9 claro, Paris tamb\u00e9m \u00e9 a capital da moda e do design, sendo internacionalmente renomada por suas butiques, lojas de departamentos e jovens designers.<\/p>\n<p>Ao fazer um est\u00e1gio em Paris na <a href=\"https:\/\/www.accord-langues.com\/pt-br\/\" target=\"_blank\" rel=\"noopener noreferrer\">Escola de Idiomas ÃÛÌÒ´«Ã½<\/a>, voc\u00ea tamb\u00e9m ter\u00e1 uma \u00f3tima oportunidade de explorar Paris e todas as suas famosas atra\u00e7\u00f5es e pontos tur\u00edsticos, enquanto aproveita o estilo de vida franc\u00eas.<\/p>\n<p>Com a ÃÛÌÒ´«Ã½, tamb\u00e9m \u00e9 poss\u00edvel descobrir Paris e sua cultura e civiliza\u00e7\u00e3o matriculando-se em <a href=\"https:\/\/www.accord-langues.com\/pt-br\/curso\/aulas-de-cultura-e-civilizacao-francesas\/\" target=\"_blank\" rel=\"noopener noreferrer\">nossas aulas de Cultura e Civiliza\u00e7\u00e3o Francesas<\/a> (todas as tardes de segunda e sexta-feira).<\/p>\n<p>O est\u00e1gio no programa de Paris se destina exclusivamente a alunos universit\u00e1rios\/de n\u00edvel superior com pelo menos 18 anos de idade.[\/vc_column_text][vc_column_text]<\/p>\n<h3>Est\u00e1gio em Paris: viva e trabalhe em Paris!<\/h3>\n<p>Com a ÃÛÌÒ´«Ã½, voc\u00ea pode complementar <a href=\"https:\/\/www.accord-langues.com\/pt-br\/cursos-de-frances-na-accord-paris-em-francia\/\" target=\"_blank\" rel=\"noopener noreferrer\">seu curso de franc\u00eas no exterior<\/a> com um est\u00e1gio fora da sala de aula ou fazer um est\u00e1gio em per\u00edodo integral na ÃÛÌÒ´«Ã½, se seu n\u00edvel de franc\u00eas for muito bom.\u2028Veja abaixo os 3 est\u00e1gios que oferecemos na ÃÛÌÒ´«Ã½.[\/vc_column_text][vc_column_text]<\/p>\n<h3>Est\u00e1gio em Paris: 3 est\u00e1gios na ÃÛÌÒ´«Ã½<\/h3>\n<p>Antes de se inscrever e selecionar seu programa, leia os detalhes dos 3 est\u00e1gios oferecidos pela ÃÛÌÒ´«Ã½ em Paris:<\/p>\n<ol>\n<li>Se o seu n\u00edvel de franc\u00eas \u00e9 muito bom, voc\u00ea pode solicitar um est\u00e1gio em per\u00edodo integral no escrit\u00f3rio de marketing e vendas, no escrit\u00f3rio do Diretor de Estudos ou no escrit\u00f3rio de Exames da ÃÛÌÒ´«Ã½. Tamb\u00e9m oferecemos est\u00e1gios no departamento de marketing sob supervis\u00e3o do gerente de marketing do Grupo ÃÛÌÒ´«Ã½.<\/li>\n<li>Se o seu n\u00edvel de franc\u00eas \u00e9 bom, voc\u00ea pode solicitar um est\u00e1gio de meio per\u00edodo no escrit\u00f3rio de marketing e vendas ou no escrit\u00f3rio de Exames da ÃÛÌÒ´«Ã½. Depois de passar por um teste para verifica\u00e7\u00e3o do seu n\u00edvel de franc\u00eas, voc\u00ea ser\u00e1 colocado em <a href=\"https:\/\/www.accord-langues.com\/pt-br\/curso\/curso-intensivo-de-frances\/\" target=\"_blank\" rel=\"noopener noreferrer\">um curso intensivo matinal<\/a> e far\u00e1 seu est\u00e1gio no per\u00edodo da tarde, ou no curso vespertino, fazendo o est\u00e1gio pela manh\u00e3.<\/li>\n<\/ol>\n<p>[\/vc_column_text][vc_column_text]<\/p>\n<h3>Est\u00e1gio em Paris: Invista em uma experi\u00eancia internacional de trabalho e vida<\/h3>\n<p>Na ÃÛÌÒ´«Ã½, voc\u00ea pode fazer um est\u00e1gio em per\u00edodo integral ou meio per\u00edodo que lhe permite acompanhar <a href=\"https:\/\/www.accord-langues.com\/pt-br\/curso\/curso-intensivo-de-frances\/\" target=\"_blank\" rel=\"noopener noreferrer\">um curso do idioma franc\u00eas<\/a>.<\/p>\n<p>Um est\u00e1gio no exterior proporciona aos alunos a confian\u00e7a e a experi\u00eancia necess\u00e1rias para buscar com sucesso a carreira escolhida no mercado internacional depois de graduados.<\/p>\n<p>Um est\u00e1gio em Paris se destaca em um curr\u00edculo, proporciona a voc\u00ea uma vantagem competitiva no mercado de trabalho e lhe assegura uma valiosa perspectiva internacional \u2013 o que atrai a aten\u00e7\u00e3o dos empregadores.[\/vc_column_text][vc_column_text]<\/p>\n<h3>Est\u00e1gio em Paris: Aprofunde sua experi\u00eancia global e pr\u00e1tica<\/h3>\n<p>Desenvolva suas perspectivas de carreira atrav\u00e9s de uma experi\u00eancia global exclusiva em uma empresa que trabalha com mais de 25 pa\u00edses. Como voc\u00ea sabe, est\u00e1gios profissionais no exterior desenvolvem habilidades lingu\u00edsticas essenciais altamente desej\u00e1veis na busca por um emprego.[\/vc_column_text][vc_column_text]<\/p>\n<h3>Est\u00e1gio em Paris: Destaques do programa<\/h3>\n<p>Nosso programa de est\u00e1gio em Paris na ÃÛÌÒ´«Ã½ oferece cinco benef\u00edcios principais:<\/p>\n<ol>\n<li>Fa\u00e7a um est\u00e1gio no exterior, em <a href=\"https:\/\/www.accord-langues.com\/pt-br\/credenciais-da-escola-de-frances-accord\/\" target=\"_blank\" rel=\"noopener noreferrer\">uma escola de idiomas reconhecida<\/a> e famosa pertencente ao Grupo ALS (Grupo de Escolas de Idiomas Accord).<\/li>\n<li>Melhore seu curr\u00edculo e fa\u00e7a a diferen\u00e7a com futuros empregadores.<\/li>\n<li>Desfrute de uma experi\u00eancia fant\u00e1stica em uma das mais empolgantes capitais do mundo, a Cidade-Luz.<\/li>\n<li>Melhor suas habilidades no idioma franc\u00eas.<\/li>\n<li>Fa\u00e7a amigos e crie uma rede profissional com pessoas de todas as partes do mundo, uma vez que a ÃÛÌÒ´«Ã½ possui parceiros e agentes em mais de 25 pa\u00edses.<\/li>\n<\/ol>\n<p>[\/vc_column_text][\/vc_column][\/vc_row][vc_row el_class=&#8221;button-blocks&#8221;][vc_column width=&#8221;1\/3&#8243; offset=&#8221;vc_col-lg-offset-4 vc_col-md-offset-4&#8243;]<div class=\"RFIbox yellow one-line\">\n\t<div class=\"RFIbox__media\">\n        <a href=\"https:\/\/www.accord-langues.com\/pt-br\/entre-em-contato-conosco\/\" title=\"\" target=\"_blank\"><img decoding=\"async\" width=\"72\" height=\"78\" src=\"https:\/\/www.accord-langues.com\/wp-content\/uploads\/2016\/10\/contact-us-icon.gif\" class=\"img-responsive\" alt=\"\" title=\"contact-us-icon\" \/><\/a>        \t<\/div>\n\n        <div class=\"RFIBox__title\">\n        <a href=\"https:\/\/www.accord-langues.com\/pt-br\/entre-em-contato-conosco\/\" title=\"\" target=\"_blank\">Fale Conosco<\/a>    <\/div>\n    \n    \t<div class=\"RFIbox__content\">\n\t\t<a href=\"https:\/\/www.accord-langues.com\/pt-br\/entre-em-contato-conosco\/\" title=\"\" target=\"_blank\"><\/a>\t<\/div>\n    <\/div>[\/vc_column][\/vc_row]<\/p>\n<\/div>","protected":false},"excerpt":{"rendered":"<p>[vc_row][vc_column][\/vc_column][\/vc_row][vc_row full_width=&#8221;stretch_row&#8221; content_placement=&#8221;middle&#8221; css=&#8221;.vc_custom_1532955235869{background-image: url(https:\/\/www.accord-langues.com\/wp-content\/uploads\/2016\/10\/adult-course.jpg?id=348) !important;background-position: center !important;background-repeat: no-repeat !important;background-size: cover !important;}&#8221; el_class=&#8221;header-image&#8221;][vc_column width=&#8221;2\/3&#8243; offset=&#8221;vc_col-sm-offset-2&#8243;][vc_column_text] Est\u00e1gio em Paris Est\u00e1gio em Paris Fa\u00e7a est\u00e1gio na Fran\u00e7a Est\u00e1gio em per\u00edodo integral no exterior [\/vc_column_text][\/vc_column][\/vc_row][vc_row full_width=&#8221;stretch_row&#8221;][vc_column][vc_column_text] Est\u00e1gio em Paris Fa\u00e7a est\u00e1gio na\u00a0Fran\u00e7a Est\u00e1gio em per\u00edodo integral no exterior Um est\u00e1gio em Paris \u00e9 uma excelente maneira de vivenciar [&hellip;]<\/p>\n","protected":false},"author":10,"featured_media":0,"parent":0,"menu_order":0,"comment_status":"closed","ping_status":"closed","template":"","meta":{"_acf_changed":false,"footnotes":""},"class_list":["post-5587","page","type-page","status-publish","hentry"],"acf":[],"yoast_head":"<!-- This site is optimized with the Yoast SEO Premium plugin v27.4 (Yoast SEO v27.4) - https:\/\/yoast.com\/product\/yoast-seo-premium-wordpress\/ -->\n<title>Est\u00e1gio em Paris - Accord Paris<\/title>\n<meta name=\"description\" content=\"Est\u00e1gio em Paris: Invista em uma experi\u00eancia internacional de trabalho e vida. Est\u00e1gio em Paris: Aprofunde sua experi\u00eancia global e pr\u00e1tica em Francia.\" \/>\n<meta name=\"robots\" content=\"index, follow, max-snippet:-1, max-image-preview:large, max-video-preview:-1\" \/>\n<link rel=\"canonical\" href=\"https:\/\/www.accord-langues.com\/pt-br\/estagio-em-paris\/\" \/>\n<meta property=\"og:locale\" content=\"pt_BR\" \/>\n<meta property=\"og:type\" content=\"article\" \/>\n<meta property=\"og:title\" content=\"Est\u00e1gio em Paris\" \/>\n<meta property=\"og:description\" content=\"Est\u00e1gio em Paris: Invista em uma experi\u00eancia internacional de trabalho e vida. Est\u00e1gio em Paris: Aprofunde sua experi\u00eancia global e pr\u00e1tica em Francia.\" \/>\n<meta property=\"og:url\" content=\"https:\/\/www.accord-langues.com\/pt-br\/estagio-em-paris\/\" \/>\n<meta property=\"og:site_name\" content=\"Accord Paris\" \/>\n<meta property=\"article:publisher\" content=\"https:\/\/www.facebook.com\/accordecoledelangues\" \/>\n<meta property=\"article:modified_time\" content=\"2024-11-29T15:36:17+00:00\" \/>\n<meta property=\"og:image\" content=\"https:\/\/www.accord-langues.com\/wp-content\/uploads\/2024\/02\/ÃÛÌÒ´«Ã½-French-Language-School-in-Paris-low-res.jpg\" \/>\n\t<meta property=\"og:image:width\" content=\"1200\" \/>\n\t<meta property=\"og:image:height\" content=\"867\" \/>\n\t<meta property=\"og:image:type\" content=\"image\/jpeg\" \/>\n<meta name=\"twitter:card\" content=\"summary_large_image\" \/>\n<meta name=\"twitter:label1\" content=\"Est. tempo de leitura\" \/>\n\t<meta name=\"twitter:data1\" content=\"5 minutos\" \/>\n<script type=\"application\/ld+json\" class=\"yoast-schema-graph\">{\"@context\":\"https:\\\/\\\/schema.org\",\"@graph\":[{\"@type\":\"WebPage\",\"@id\":\"https:\\\/\\\/www.accord-langues.com\\\/pt-br\\\/estagio-em-paris\\\/\",\"url\":\"https:\\\/\\\/www.accord-langues.com\\\/pt-br\\\/estagio-em-paris\\\/\",\"name\":\"Est\u00e1gio em Paris - Accord Paris\",\"isPartOf\":{\"@id\":\"https:\\\/\\\/www.accord-langues.com\\\/pt-br\\\/#website\"},\"datePublished\":\"2019-01-18T14:48:37+00:00\",\"dateModified\":\"2024-11-29T15:36:17+00:00\",\"description\":\"Est\u00e1gio em Paris: Invista em uma experi\u00eancia internacional de trabalho e vida. Est\u00e1gio em Paris: Aprofunde sua experi\u00eancia global e pr\u00e1tica em Francia.\",\"inLanguage\":\"pt-BR\",\"potentialAction\":[{\"@type\":\"ReadAction\",\"target\":[\"https:\\\/\\\/www.accord-langues.com\\\/pt-br\\\/estagio-em-paris\\\/\"]}]},{\"@type\":\"WebSite\",\"@id\":\"https:\\\/\\\/www.accord-langues.com\\\/pt-br\\\/#website\",\"url\":\"https:\\\/\\\/www.accord-langues.com\\\/pt-br\\\/\",\"name\":\"Accord Paris\",\"description\":\"Learn French in France\",\"publisher\":{\"@id\":\"https:\\\/\\\/www.accord-langues.com\\\/pt-br\\\/#organization\"},\"potentialAction\":[{\"@type\":\"SearchAction\",\"target\":{\"@type\":\"EntryPoint\",\"urlTemplate\":\"https:\\\/\\\/www.accord-langues.com\\\/pt-br\\\/?s={search_term_string}\"},\"query-input\":{\"@type\":\"PropertyValueSpecification\",\"valueRequired\":true,\"valueName\":\"search_term_string\"}}],\"inLanguage\":\"pt-BR\"},{\"@type\":\"Organization\",\"@id\":\"https:\\\/\\\/www.accord-langues.com\\\/pt-br\\\/#organization\",\"name\":\"ÃÛÌÒ´«Ã½ Tour Eiffel\",\"alternateName\":\"Learn French in Paris\",\"url\":\"https:\\\/\\\/www.accord-langues.com\\\/pt-br\\\/\",\"logo\":{\"@type\":\"ImageObject\",\"inLanguage\":\"pt-BR\",\"@id\":\"https:\\\/\\\/www.accord-langues.com\\\/pt-br\\\/#\\\/schema\\\/logo\\\/image\\\/\",\"url\":\"https:\\\/\\\/www.accord-langues.com\\\/wp-content\\\/uploads\\\/2016\\\/06\\\/Logo.png\",\"contentUrl\":\"https:\\\/\\\/www.accord-langues.com\\\/wp-content\\\/uploads\\\/2016\\\/06\\\/Logo.png\",\"width\":290,\"height\":70,\"caption\":\"ÃÛÌÒ´«Ã½ Tour Eiffel\"},\"image\":{\"@id\":\"https:\\\/\\\/www.accord-langues.com\\\/pt-br\\\/#\\\/schema\\\/logo\\\/image\\\/\"},\"sameAs\":[\"https:\\\/\\\/www.facebook.com\\\/accordecoledelangues\",\"https:\\\/\\\/www.linkedin.com\\\/groups\\\/4542133\\\/\"],\"description\":\"ÃÛÌÒ´«Ã½ French Language School is one of the leading schools in France for teaching French to foreign students and offering high quality French language courses in Paris. The ÃÛÌÒ´«Ã½ language school is located in the heart of Paris, nearby the Eiffel Tower. The ÃÛÌÒ´«Ã½ school is open all year round and welcomes students from all over the world from the age of 16 in its French language courses. ÃÛÌÒ´«Ã½ school is accredited by the official \u201cQualit\u00e9 FLE\u201d label and is member of CAMPUS FRANCE, SOUFFLE and Atout France. ÃÛÌÒ´«Ã½ is official exam center for the TCF IRN, TCF TP, TCF Qu\u00e9bec and TCF Canada.\",\"email\":\"info@accord-langues.com\",\"telephone\":\"+33155335233\",\"legalName\":\"FORUM ÃÛÌÒ´«Ã½\",\"foundingDate\":\"1990-02-23\",\"numberOfEmployees\":{\"@type\":\"QuantitativeValue\",\"minValue\":\"11\",\"maxValue\":\"50\"}}]}<\/script>\n<!-- \/ Yoast SEO Premium plugin. -->","yoast_head_json":{"title":"Est\u00e1gio em Paris - Accord Paris","description":"Est\u00e1gio em Paris: Invista em uma experi\u00eancia internacional de trabalho e vida. Est\u00e1gio em Paris: Aprofunde sua experi\u00eancia global e pr\u00e1tica em Francia.","robots":{"index":"index","follow":"follow","max-snippet":"max-snippet:-1","max-image-preview":"max-image-preview:large","max-video-preview":"max-video-preview:-1"},"canonical":"https:\/\/www.accord-langues.com\/pt-br\/estagio-em-paris\/","og_locale":"pt_BR","og_type":"article","og_title":"Est\u00e1gio em Paris","og_description":"Est\u00e1gio em Paris: Invista em uma experi\u00eancia internacional de trabalho e vida. Est\u00e1gio em Paris: Aprofunde sua experi\u00eancia global e pr\u00e1tica em Francia.","og_url":"https:\/\/www.accord-langues.com\/pt-br\/estagio-em-paris\/","og_site_name":"Accord Paris","article_publisher":"https:\/\/www.facebook.com\/accordecoledelangues","article_modified_time":"2024-11-29T15:36:17+00:00","og_image":[{"width":1200,"height":867,"url":"https:\/\/www.accord-langues.com\/wp-content\/uploads\/2024\/02\/ÃÛÌÒ´«Ã½-French-Language-School-in-Paris-low-res.jpg","type":"image\/jpeg"}],"twitter_card":"summary_large_image","twitter_misc":{"Est. tempo de leitura":"5 minutos"},"schema":{"@context":"https:\/\/schema.org","@graph":[{"@type":"WebPage","@id":"https:\/\/www.accord-langues.com\/pt-br\/estagio-em-paris\/","url":"https:\/\/www.accord-langues.com\/pt-br\/estagio-em-paris\/","name":"Est\u00e1gio em Paris - Accord Paris","isPartOf":{"@id":"https:\/\/www.accord-langues.com\/pt-br\/#website"},"datePublished":"2019-01-18T14:48:37+00:00","dateModified":"2024-11-29T15:36:17+00:00","description":"Est\u00e1gio em Paris: Invista em uma experi\u00eancia internacional de trabalho e vida. Est\u00e1gio em Paris: Aprofunde sua experi\u00eancia global e pr\u00e1tica em Francia.","inLanguage":"pt-BR","potentialAction":[{"@type":"ReadAction","target":["https:\/\/www.accord-langues.com\/pt-br\/estagio-em-paris\/"]}]},{"@type":"WebSite","@id":"https:\/\/www.accord-langues.com\/pt-br\/#website","url":"https:\/\/www.accord-langues.com\/pt-br\/","name":"Accord Paris","description":"Learn French in France","publisher":{"@id":"https:\/\/www.accord-langues.com\/pt-br\/#organization"},"potentialAction":[{"@type":"SearchAction","target":{"@type":"EntryPoint","urlTemplate":"https:\/\/www.accord-langues.com\/pt-br\/?s={search_term_string}"},"query-input":{"@type":"PropertyValueSpecification","valueRequired":true,"valueName":"search_term_string"}}],"inLanguage":"pt-BR"},{"@type":"Organization","@id":"https:\/\/www.accord-langues.com\/pt-br\/#organization","name":"ÃÛÌÒ´«Ã½ Tour Eiffel","alternateName":"Learn French in Paris","url":"https:\/\/www.accord-langues.com\/pt-br\/","logo":{"@type":"ImageObject","inLanguage":"pt-BR","@id":"https:\/\/www.accord-langues.com\/pt-br\/#\/schema\/logo\/image\/","url":"https:\/\/www.accord-langues.com\/wp-content\/uploads\/2016\/06\/Logo.png","contentUrl":"https:\/\/www.accord-langues.com\/wp-content\/uploads\/2016\/06\/Logo.png","width":290,"height":70,"caption":"ÃÛÌÒ´«Ã½ Tour Eiffel"},"image":{"@id":"https:\/\/www.accord-langues.com\/pt-br\/#\/schema\/logo\/image\/"},"sameAs":["https:\/\/www.facebook.com\/accordecoledelangues","https:\/\/www.linkedin.com\/groups\/4542133\/"],"description":"ÃÛÌÒ´«Ã½ French Language School is one of the leading schools in France for teaching French to foreign students and offering high quality French language courses in Paris. The ÃÛÌÒ´«Ã½ language school is located in the heart of Paris, nearby the Eiffel Tower. The ÃÛÌÒ´«Ã½ school is open all year round and welcomes students from all over the world from the age of 16 in its French language courses. ÃÛÌÒ´«Ã½ school is accredited by the official \u201cQualit\u00e9 FLE\u201d label and is member of CAMPUS FRANCE, SOUFFLE and Atout France. ÃÛÌÒ´«Ã½ is official exam center for the TCF IRN, TCF TP, TCF Qu\u00e9bec and TCF Canada.","email":"info@accord-langues.com","telephone":"+33155335233","legalName":"FORUM ÃÛÌÒ´«Ã½","foundingDate":"1990-02-23","numberOfEmployees":{"@type":"QuantitativeValue","minValue":"11","maxValue":"50"}}]}},"_links":{"self":[{"href":"https:\/\/www.accord-langues.com\/pt-br\/wp-json\/wp\/v2\/pages\/5587","targetHints":{"allow":["GET"]}}],"collection":[{"href":"https:\/\/www.accord-langues.com\/pt-br\/wp-json\/wp\/v2\/pages"}],"about":[{"href":"https:\/\/www.accord-langues.com\/pt-br\/wp-json\/wp\/v2\/types\/page"}],"author":[{"embeddable":true,"href":"https:\/\/www.accord-langues.com\/pt-br\/wp-json\/wp\/v2\/users\/10"}],"replies":[{"embeddable":true,"href":"https:\/\/www.accord-langues.com\/pt-br\/wp-json\/wp\/v2\/comments?post=5587"}],"version-history":[{"count":0,"href":"https:\/\/www.accord-langues.com\/pt-br\/wp-json\/wp\/v2\/pages\/5587\/revisions"}],"wp:attachment":[{"href":"https:\/\/www.accord-langues.com\/pt-br\/wp-json\/wp\/v2\/media?parent=5587"}],"curies":[{"name":"wp","href":"https:\/\/api.w.org\/{rel}","templated":true}]}}