  {"id":5791,"date":"2018-01-15T10:12:52","date_gmt":"2018-01-15T10:12:52","guid":{"rendered":"https:\/\/www.accord-langues.com\/teaching-method\/"},"modified":"2025-03-07T09:41:06","modified_gmt":"2025-03-07T09:41:06","slug":"il-metodo-didattico-di-accord-parigi","status":"publish","type":"page","link":"https:\/\/www.accord-langues.com\/it\/il-metodo-didattico-di-accord-parigi\/","title":{"rendered":"Il metodo didattico di ÃÛÌÒ´«Ã½"},"content":{"rendered":"<div class=\"wpb-content-wrapper\"><p>[vc_row full_width=&#8221;stretch_row&#8221; content_placement=&#8221;middle&#8221; css=&#8221;.vc_custom_1509009556865{background-image: url(https:\/\/www.accord-langues.com\/wp-content\/uploads\/2016\/10\/adult-course.jpg?id=348) !important;background-position: center !important;background-repeat: no-repeat !important;background-size: cover !important;}&#8221; el_class=&#8221;header-image&#8221;][vc_column width=&#8221;2\/3&#8243; offset=&#8221;vc_col-sm-offset-2&#8243;][vc_column_text]<\/p>\n<h1>Il metodo didattico di ÃÛÌÒ´«Ã½<\/h1>\n<p><strong>Partecipate a un corso intensivo di francese in Francia<\/strong>[\/vc_column_text][\/vc_column][\/vc_row][vc_row][vc_column][vc_row_inner][vc_column_inner width=&#8221;1\/4&#8243; offset=&#8221;vc_col-sm-offset-3&#8243;][vc_column_text]<\/p>\n<ul class=\"ticks\">\n<li><a href=\"#TeachingMethod\">Il metodo didattico<\/a><\/li>\n<li><a href=\"#TeachingMaterial\">Materiale didattico<\/a><\/li>\n<li><a href=\"#LanguageLevels\">Livelli linguistici<\/a><\/li>\n<\/ul>\n<p>[\/vc_column_text][\/vc_column_inner][vc_column_inner width=&#8221;1\/4&#8243;][vc_column_text]<\/p>\n<ul class=\"ticks\">\n<li><a href=\"#PlacementTest\">Test d&#8217;ingresso<\/a><\/li>\n<li><a href=\"#Certificate\">Certificato<\/a><\/li>\n<li><a href=\"#Diploma\">Diploma<\/a><\/li>\n<\/ul>\n<p>[\/vc_column_text][\/vc_column_inner][\/vc_row_inner][vc_separator][\/vc_column][\/vc_row][vc_row full_width=&#8221;stretch_row&#8221; css=&#8221;.vc_custom_1509364080525{padding-bottom: 40px !important;}&#8221;][vc_column][vc_row_inner el_id=&#8221;TeachingMethod&#8221;][vc_column_inner][vc_column_text css=&#8221;&#8221;]<\/p>\n<h2 style=\"text-align: center;\"><span style=\"color: #ff6600;\">Il metodo didattico di ÃÛÌÒ´«Ã½<\/span><\/h2>\n<p>[\/vc_column_text][\/vc_column_inner][\/vc_row_inner][vc_row_inner][vc_column_inner width=&#8221;1\/2&#8243;][vc_column_text]Il metodo didattico di <a href=\"https:\/\/www.accord-langues.com\/it\/\" target=\"_blank\" rel=\"noopener noreferrer\">ÃÛÌÒ´«Ã½ Parigi<\/a>\u00a0si basa su:<\/p>\n<ul class=\"ticks\">\n<li>30 anni di esperienza nell&#8217;accoglienza degli studenti e nel soddisfare le loro esigenze.<\/li>\n<li>Un metodo di insegnamento di alta qualit\u00e0 riconosciuto da molti partner internazionali.<\/li>\n<li>Un team di insegnanti esperti coinvolti nella creazione del proprio materiale didattico e nel costante aggiornamento del metodo di insegnamento di ÃÛÌÒ´«Ã½.<\/li>\n<\/ul>\n<p>Ad ÃÛÌÒ´«Ã½ Paris, seguiamo il Quadro Comune Europeo di Riferimento (QCER) per l&#8217;insegnamento e la valutazione del francese come lingua straniera, e mettiamo i nostri studenti in gruppi in base ai livelli definiti da questo quadro.<\/p>\n<p>Il nostro obiettivo principale \u00e8 quello di ricreare situazioni di vita reale in cui sarete in grado di mettere in pratica il francese e sviluppare le vostre strategie di apprendimento, consentendovi di utilizzare le competenze comunicative che gi\u00e0 avete nella vostra lingua madre quando parlate francese.<\/p>\n<p>Il nostro obiettivo finale \u00e8 quello di aiutarvi a raggiungere un livello di fluidit\u00e0 in cui sarete in grado di comunicare in modo efficiente ed efficace in francese. Per raggiungere questo obiettivo \u00e8 necessaria una forte padronanza della lingua e una conoscenza approfondita della cultura francese.<\/p>\n<p>Questo \u00e8 il motivo per cui le <strong>uscite educative<\/strong> sono organizzate molto regolarmente, al fine di mettere gli studenti in totale immersione, per consentire loro di mettere in pratica ci\u00f2 che hanno imparato in classe mentre esplorano Parigi, la sua cultura e la vita parigina.<\/p>\n<p><strong>La comunicazione orale \u00e8 una priorit\u00e0 nel <a href=\"https:\/\/www.accord-langues.com\/it\/corso\/corso-intensivo-di-francese\/\" target=\"_blank\" rel=\"noopener noreferrer\">nostro corso mattutino<\/a>:<\/strong> imparare ad ascoltare, capire, parlare ed esprimersi in modo naturale e appropriato, con fluidit\u00e0 e corretta pronuncia e intonazione.<\/p>\n<p>Nella nostra classe mattutina \u00e8 prevista una pausa di 20 minuti (= 5 minuti per un&#8217;ora di lezione) che permette agli studenti di rilassarsi, uscire da scuola per comprare da bere o un pasticcino, chiacchierare tra loro (in francese!) o discutere con il loro insegnante su un punto discusso in classe la mattina presto.<\/p>\n<p>Se avete bisogno di migliorare ulteriormente il vostro francese orale, scegliete una o due lezioni pomeridiane dedicate alla comunicazione orale francese, il luned\u00ec e il venerd\u00ec.[\/vc_column_text][\/vc_column_inner][vc_column_inner width=&#8221;1\/2&#8243;][vc_column_text]Con il nostro Metodo didattico potrete praticare tutte e quattro le competenze linguistiche in un ambiente comunicativo autentico.<\/p>\n<ul class=\"ticks\">\n<li>Ascolto: utilizzo di materiale audiovisivo autentico, come estratti di film, programmi televisivi e radiofonici e canzoni.<\/li>\n<li>Partecipare a una conversazione e parlare correntemente: attraverso giochi di ruolo, dibattiti, esercizi di improvvisazione, che vi daranno pi\u00f9 sicurezza, esercizi di pronuncia, l&#8217;uso dei gesti e la fluidit\u00e0.<\/li>\n<li>Lettura: analisi di testi scritti autentici, come articoli di giornali e riviste, documenti professionali, moduli amministrativi, letteratura, brochure e opuscoli.<\/li>\n<li>Scrittura: una serie di attivit\u00e0 di scrittura finalizzate al raggiungimento di obiettivi comunicativi e al miglioramento della conoscenza della lingua.<\/li>\n<\/ul>\n<p>Nel nostro Metodo didattico, la grammatica viene insegnata attraverso giochi linguistici ed esercizi incorporati nelle lezioni.<br \/>\nSe avete bisogno di lavorare di pi\u00f9 sul francese scritto e sulla grammatica francese, selezionate una, due o tre lezioni pomeridiane dedicate alla grammatica e al francese scritto il marted\u00ec, mercoled\u00ec e gioved\u00ec.<\/p>\n<p>Dalla creazione della scuola ÃÛÌÒ´«Ã½, le uscite educative sono state parte del curriculum della scuola e sono un complemento ai corsi che i nostri studenti seguono in classe. Sono integrati nel progetto scuola e nel progetto educativo d&#8217;aula. Queste uscite educative aumentano le opportunit\u00e0 di scambi e pratiche della lingua. Le uscite preparate dai nostri insegnanti promuovono la comunicazione orale e il contatto diretto con l&#8217;ambiente sociale e culturale di Parigi.<br \/>\nQueste uscite aiutano quindi a completare l&#8217;apprendimento o il miglioramento della lingua francese in classe immergendo gli studenti nella vita quotidiana dei francesi. Queste uscite sono un modo per scoprire e comprendere l&#8217;ambiente parigino, costituendo fonti di interrogazione, confronto e stimolo alla curiosit\u00e0. Si attiva il bisogno di interrogarsi, esprimersi e ascoltare.<\/p>\n<p>Tutti i nostri corsi intensivi sono pensati per preparare gli esami DELF e DALF in quanto contengono tutti i contenuti pedagogici necessari per sostenere entrambi gli esami.<br \/>\nSe volete preparare l&#8217;esame DELF o DALF nelle migliori condizioni, partecipate alle nostre lezioni pomeridiane DELF o alle nostre lezioni pomeridiane DALF che sono disponibili ogni marted\u00ec e mercoled\u00ec. Non esitate a parlarne con il nostro responsabile degli studi o con il personale ÃÛÌÒ´«Ã½ alla reception.[\/vc_column_text][\/vc_column_inner][\/vc_row_inner][vc_separator][vc_row_inner el_id=&#8221;TeachingMaterial&#8221;][vc_column_inner][vc_column_text css=&#8221;&#8221;]<\/p>\n<h3 style=\"text-align: center;\"><span style=\"color: #ff6600;\">Materiale didattico<\/span><\/h3>\n<p>[\/vc_column_text][\/vc_column_inner][\/vc_row_inner][vc_row_inner][vc_column_inner width=&#8221;1\/2&#8243;][vc_column_text]Il primo giorno vi verr\u00e0 consegnata una cartella contenente informazioni sulla scuola ÃÛÌÒ´«Ã½, incluso il nostro metodo di insegnamento. Potrete utilizzare questa cartella per archiviare i documenti che vi verranno consegnati dagli insegnanti, oltre a tutte gli appunti del corso.[\/vc_column_text][\/vc_column_inner][vc_column_inner width=&#8221;1\/2&#8243;][vc_column_text]In ÃÛÌÒ´«Ã½ Paris non ci sono spese nascoste in quanto tutto il materiale pedagogico fornito dalla scuola \u00e8 incluso nelle tasse d&#8217;iscrizione. Non dovrete acquistare nessun libro o altro materiale didattico per seguire i nostri corsi![\/vc_column_text][\/vc_column_inner][\/vc_row_inner][vc_separator][vc_row_inner el_id=&#8221;LanguageLevels&#8221;][vc_column_inner][vc_column_text css=&#8221;&#8221;]<\/p>\n<h3 style=\"text-align: center;\"><span style=\"color: #ff6600;\">Livelli linguistici<\/span><\/h3>\n<p>[\/vc_column_text][\/vc_column_inner][\/vc_row_inner][vc_row_inner][vc_column_inner width=&#8221;1\/2&#8243;][vc_column_text]Come parte del nostro metodo di insegnamento, le lezioni per ogni livello di comunicazione in francese sono disponibili tutto l&#8217;anno per garantire la migliore distribuzione possibile degli studenti.<br \/>\nLa scuola di lingua francese ÃÛÌÒ´«Ã½ segue il Quadro Comune Europeo di Riferimento (QCER), un quadro sviluppato dal Consiglio d&#8217;Europa per tutte le lingue moderne come strumento pratico per determinare le competenze linguistiche generali e comunicative degli studenti.<\/p>\n<p>Il quadro di riferimento \u00e8 utilizzato come strumento di valutazione, coordinamento e dialogo tra gli allievi, gli amministratori o le istituzioni professionali, i responsabili del corso e gli insegnanti per determinare il livello di competenza dello studente, pianificare programmi di apprendimento linguistico e descrivere le competenze linguistiche acquisite da ogni studente.<\/p>\n<p>Nel QCER ci sono sei livelli principali, da A1 (utente di base) a C2 (utente esperto).<\/p>\n<p>In ÃÛÌÒ´«Ã½ Paris offriamo un livello A0 per i principianti completi.[\/vc_column_text][\/vc_column_inner][vc_column_inner width=&#8221;1\/2&#8243;][vc_column_text]Livelli di competenza presso ÃÛÌÒ´«Ã½ Paris:<\/p>\n<ul>\n<li>A0\u00a0 Principiante totale<\/li>\n<li>A1\u00a0 Principiante<\/li>\n<li>A2\u00a0 Elementare<\/li>\n<li>B1\u00a0 Pre-intermedio<\/li>\n<li>B2\u00a0 Intermedio<\/li>\n<li>C1\u00a0 Avanzato<\/li>\n<li>C2\u00a0 Competente<\/li>\n<\/ul>\n<p>[\/vc_column_text][\/vc_column_inner][\/vc_row_inner][vc_separator][vc_row_inner el_id=&#8221;PlacementTest&#8221;][vc_column_inner][vc_column_text css=&#8221;&#8221;]<\/p>\n<h3 style=\"text-align: center;\"><span style=\"color: #ff6600;\">Test d&#8217;ingresso<\/span><\/h3>\n<p>[\/vc_column_text][\/vc_column_inner][\/vc_row_inner][vc_row_inner][vc_column_inner width=&#8221;1\/2&#8243;][vc_column_text]Dopo la registrazione, riceverai un test di livello da restituire prima del tuo arrivo per essere inserito in una classe al tuo livello a partire dal primo luned\u00ec mattina.[\/vc_column_text][\/vc_column_inner][vc_column_inner width=&#8221;1\/2&#8243;][vc_column_text]In qualsiasi momento durante il vostro soggiorno, potrete parlare con i vostri insegnanti o con il capo degli studi e\/o la sua assistente per discutere i vostri progressi e scegliere il corso giusto per le vostre esigenze.[\/vc_column_text][\/vc_column_inner][\/vc_row_inner][vc_separator][vc_row_inner el_id=&#8221;Certificate&#8221;][vc_column_inner][vc_column_text css=&#8221;&#8221;]<\/p>\n<h3 style=\"text-align: center;\"><span style=\"color: #ff6600;\">Certificato del corso<\/span><\/h3>\n<p>[\/vc_column_text][\/vc_column_inner][\/vc_row_inner][vc_row_inner][vc_column_inner width=&#8221;1\/2&#8243;][vc_column_text]Alla fine del corso, vi verr\u00e0 rilasciato un &#8220;Certificato del corso&#8221; che indica il numero di ore di frequenza, il livello iniziale e il livello raggiunto.<\/p>\n<p>Su richiesta, \u00e8 possibile ricevere anche un &#8220;End of Course Teaching Assessment&#8221;, che include un&#8217;analisi dettagliata della vostra competenza in lingua francese. Questa valutazione \u00e8 disponibile al costo di 50 euro.[\/vc_column_text][\/vc_column_inner][vc_column_inner width=&#8221;1\/2&#8243;][vc_column_text]Comprende il livello previsto, il livello generale raggiunto e i livelli raggiunti nelle 4 abilit\u00e0, una descrizione dettagliata delle vostre abilit\u00e0 e dei vostri progressi nelle diverse aree: orale, scritta e socio-culturale pi\u00f9 commenti generali.<\/p>\n<p>Questa valutazione pu\u00f2 essere utilizzata all&#8217;universit\u00e0 (per ottenere crediti) o per scopi professionali (validazione di corsi di formazione, CV, ecc.).[\/vc_column_text][\/vc_column_inner][\/vc_row_inner][vc_separator][vc_row_inner el_id=&#8221;Diploma&#8221;][vc_column_inner][vc_column_text css=&#8221;&#8221;]<\/p>\n<h3 style=\"text-align: center;\"><span style=\"color: #ff6600;\">Dipl\u00f4me de Langue et Culture Fran\u00e7aises<\/span><\/h3>\n<p>[\/vc_column_text][\/vc_column_inner][\/vc_row_inner][vc_column_text]Alla fine del corso, se lo desiderate, potete superare l&#8217;esame per ottenere il &#8220;Dipl\u00f4me de Langue et Culture Fran\u00e7aises&#8221;, riconosciuto dall&#8217;Acad\u00e9mie de Paris, a soli 50 euro.<br \/>\nUn esempio del Diploma pu\u00f2 essere visualizzato <a href=\"https:\/\/www.accord-langues.com\/wp-content\/uploads\/2017\/02\/ÃÛÌÒ´«Ã½-Paris-Diploma-sample.pdf\" target=\"_blank\" rel=\"noopener noreferrer\">QUI<\/a>[\/vc_column_text][\/vc_column][\/vc_row]<\/p>\n<\/div>","protected":false},"excerpt":{"rendered":"<p>[vc_row full_width=&#8221;stretch_row&#8221; content_placement=&#8221;middle&#8221; css=&#8221;.vc_custom_1509009556865{background-image: url(https:\/\/www.accord-langues.com\/wp-content\/uploads\/2016\/10\/adult-course.jpg?id=348) !important;background-position: center !important;background-repeat: no-repeat !important;background-size: cover !important;}&#8221; el_class=&#8221;header-image&#8221;][vc_column width=&#8221;2\/3&#8243; offset=&#8221;vc_col-sm-offset-2&#8243;][vc_column_text] Il metodo didattico di ÃÛÌÒ´«Ã½ Partecipate a un corso intensivo di francese in Francia[\/vc_column_text][\/vc_column][\/vc_row][vc_row][vc_column][vc_row_inner][vc_column_inner width=&#8221;1\/4&#8243; offset=&#8221;vc_col-sm-offset-3&#8243;][vc_column_text] Il metodo didattico Materiale didattico Livelli linguistici [\/vc_column_text][\/vc_column_inner][vc_column_inner width=&#8221;1\/4&#8243;][vc_column_text] Test d&#8217;ingresso Certificato Diploma [\/vc_column_text][\/vc_column_inner][\/vc_row_inner][vc_separator][\/vc_column][\/vc_row][vc_row full_width=&#8221;stretch_row&#8221; css=&#8221;.vc_custom_1509364080525{padding-bottom: 40px !important;}&#8221;][vc_column][vc_row_inner el_id=&#8221;TeachingMethod&#8221;][vc_column_inner][vc_column_text css=&#8221;&#8221;] Il metodo didattico di [&hellip;]<\/p>\n","protected":false},"author":10,"featured_media":0,"parent":0,"menu_order":0,"comment_status":"closed","ping_status":"closed","template":"","meta":{"_acf_changed":false,"footnotes":""},"class_list":["post-5791","page","type-page","status-publish","hentry"],"acf":[],"yoast_head":"<!-- This site is optimized with the Yoast SEO Premium plugin v27.4 (Yoast SEO v27.4) - https:\/\/yoast.com\/product\/yoast-seo-premium-wordpress\/ -->\n<title>Il metodo didattico di ÃÛÌÒ´«Ã½ - Accord Paris<\/title>\n<meta name=\"description\" content=\"Corso intensivo di francese in Francia, a Parigi: Ulteriori informazioni sul metodo didattico di ÃÛÌÒ´«Ã½ per imparare il francese in Francia.\" \/>\n<meta name=\"robots\" content=\"index, follow, max-snippet:-1, max-image-preview:large, max-video-preview:-1\" \/>\n<link rel=\"canonical\" href=\"https:\/\/www.accord-langues.com\/it\/il-metodo-didattico-di-accord-parigi\/\" \/>\n<meta property=\"og:locale\" content=\"it_IT\" \/>\n<meta property=\"og:type\" content=\"article\" \/>\n<meta property=\"og:title\" content=\"Il metodo didattico di ÃÛÌÒ´«Ã½\" \/>\n<meta property=\"og:description\" content=\"Corso intensivo di francese in Francia, a Parigi: Ulteriori informazioni sul metodo didattico di ÃÛÌÒ´«Ã½ per imparare il francese in Francia.\" \/>\n<meta property=\"og:url\" content=\"https:\/\/www.accord-langues.com\/it\/il-metodo-didattico-di-accord-parigi\/\" \/>\n<meta property=\"og:site_name\" content=\"Accord Paris\" \/>\n<meta property=\"article:publisher\" content=\"https:\/\/www.facebook.com\/accordecoledelangues\" \/>\n<meta property=\"article:modified_time\" content=\"2025-03-07T09:41:06+00:00\" \/>\n<meta property=\"og:image\" content=\"https:\/\/www.accord-langues.com\/wp-content\/uploads\/2024\/02\/ÃÛÌÒ´«Ã½-French-Language-School-in-Paris-low-res.jpg\" \/>\n\t<meta property=\"og:image:width\" content=\"1200\" \/>\n\t<meta property=\"og:image:height\" content=\"867\" \/>\n\t<meta property=\"og:image:type\" content=\"image\/jpeg\" \/>\n<meta name=\"twitter:card\" content=\"summary_large_image\" \/>\n<meta name=\"twitter:label1\" content=\"Tempo di lettura stimato\" \/>\n\t<meta name=\"twitter:data1\" content=\"7 minuti\" \/>\n<script type=\"application\/ld+json\" class=\"yoast-schema-graph\">{\"@context\":\"https:\\\/\\\/schema.org\",\"@graph\":[{\"@type\":\"WebPage\",\"@id\":\"https:\\\/\\\/www.accord-langues.com\\\/it\\\/il-metodo-didattico-di-accord-parigi\\\/\",\"url\":\"https:\\\/\\\/www.accord-langues.com\\\/it\\\/il-metodo-didattico-di-accord-parigi\\\/\",\"name\":\"Il metodo didattico di ÃÛÌÒ´«Ã½ - Accord Paris\",\"isPartOf\":{\"@id\":\"https:\\\/\\\/www.accord-langues.com\\\/it\\\/#website\"},\"datePublished\":\"2018-01-15T10:12:52+00:00\",\"dateModified\":\"2025-03-07T09:41:06+00:00\",\"description\":\"Corso intensivo di francese in Francia, a Parigi: Ulteriori informazioni sul metodo didattico di ÃÛÌÒ´«Ã½ per imparare il francese in Francia.\",\"inLanguage\":\"it-IT\",\"potentialAction\":[{\"@type\":\"ReadAction\",\"target\":[\"https:\\\/\\\/www.accord-langues.com\\\/it\\\/il-metodo-didattico-di-accord-parigi\\\/\"]}]},{\"@type\":\"WebSite\",\"@id\":\"https:\\\/\\\/www.accord-langues.com\\\/it\\\/#website\",\"url\":\"https:\\\/\\\/www.accord-langues.com\\\/it\\\/\",\"name\":\"Accord Paris\",\"description\":\"Learn French in France\",\"publisher\":{\"@id\":\"https:\\\/\\\/www.accord-langues.com\\\/it\\\/#organization\"},\"potentialAction\":[{\"@type\":\"SearchAction\",\"target\":{\"@type\":\"EntryPoint\",\"urlTemplate\":\"https:\\\/\\\/www.accord-langues.com\\\/it\\\/?s={search_term_string}\"},\"query-input\":{\"@type\":\"PropertyValueSpecification\",\"valueRequired\":true,\"valueName\":\"search_term_string\"}}],\"inLanguage\":\"it-IT\"},{\"@type\":\"Organization\",\"@id\":\"https:\\\/\\\/www.accord-langues.com\\\/it\\\/#organization\",\"name\":\"ÃÛÌÒ´«Ã½ Tour Eiffel\",\"alternateName\":\"Learn French in Paris\",\"url\":\"https:\\\/\\\/www.accord-langues.com\\\/it\\\/\",\"logo\":{\"@type\":\"ImageObject\",\"inLanguage\":\"it-IT\",\"@id\":\"https:\\\/\\\/www.accord-langues.com\\\/it\\\/#\\\/schema\\\/logo\\\/image\\\/\",\"url\":\"https:\\\/\\\/www.accord-langues.com\\\/wp-content\\\/uploads\\\/2016\\\/06\\\/Logo.png\",\"contentUrl\":\"https:\\\/\\\/www.accord-langues.com\\\/wp-content\\\/uploads\\\/2016\\\/06\\\/Logo.png\",\"width\":290,\"height\":70,\"caption\":\"ÃÛÌÒ´«Ã½ Tour Eiffel\"},\"image\":{\"@id\":\"https:\\\/\\\/www.accord-langues.com\\\/it\\\/#\\\/schema\\\/logo\\\/image\\\/\"},\"sameAs\":[\"https:\\\/\\\/www.facebook.com\\\/accordecoledelangues\",\"https:\\\/\\\/www.linkedin.com\\\/groups\\\/4542133\\\/\"],\"description\":\"ÃÛÌÒ´«Ã½ French Language School is one of the leading schools in France for teaching French to foreign students and offering high quality French language courses in Paris. The ÃÛÌÒ´«Ã½ language school is located in the heart of Paris, nearby the Eiffel Tower. The ÃÛÌÒ´«Ã½ school is open all year round and welcomes students from all over the world from the age of 16 in its French language courses. ÃÛÌÒ´«Ã½ school is accredited by the official \u201cQualit\u00e9 FLE\u201d label and is member of CAMPUS FRANCE, SOUFFLE and Atout France. ÃÛÌÒ´«Ã½ is official exam center for the TCF IRN, TCF TP, TCF Qu\u00e9bec and TCF Canada.\",\"email\":\"info@accord-langues.com\",\"telephone\":\"+33155335233\",\"legalName\":\"FORUM ÃÛÌÒ´«Ã½\",\"foundingDate\":\"1990-02-23\",\"numberOfEmployees\":{\"@type\":\"QuantitativeValue\",\"minValue\":\"11\",\"maxValue\":\"50\"}}]}<\/script>\n<!-- \/ Yoast SEO Premium plugin. -->","yoast_head_json":{"title":"Il metodo didattico di ÃÛÌÒ´«Ã½ - Accord Paris","description":"Corso intensivo di francese in Francia, a Parigi: Ulteriori informazioni sul metodo didattico di ÃÛÌÒ´«Ã½ per imparare il francese in Francia.","robots":{"index":"index","follow":"follow","max-snippet":"max-snippet:-1","max-image-preview":"max-image-preview:large","max-video-preview":"max-video-preview:-1"},"canonical":"https:\/\/www.accord-langues.com\/it\/il-metodo-didattico-di-accord-parigi\/","og_locale":"it_IT","og_type":"article","og_title":"Il metodo didattico di ÃÛÌÒ´«Ã½","og_description":"Corso intensivo di francese in Francia, a Parigi: Ulteriori informazioni sul metodo didattico di ÃÛÌÒ´«Ã½ per imparare il francese in Francia.","og_url":"https:\/\/www.accord-langues.com\/it\/il-metodo-didattico-di-accord-parigi\/","og_site_name":"Accord Paris","article_publisher":"https:\/\/www.facebook.com\/accordecoledelangues","article_modified_time":"2025-03-07T09:41:06+00:00","og_image":[{"width":1200,"height":867,"url":"https:\/\/www.accord-langues.com\/wp-content\/uploads\/2024\/02\/ÃÛÌÒ´«Ã½-French-Language-School-in-Paris-low-res.jpg","type":"image\/jpeg"}],"twitter_card":"summary_large_image","twitter_misc":{"Tempo di lettura stimato":"7 minuti"},"schema":{"@context":"https:\/\/schema.org","@graph":[{"@type":"WebPage","@id":"https:\/\/www.accord-langues.com\/it\/il-metodo-didattico-di-accord-parigi\/","url":"https:\/\/www.accord-langues.com\/it\/il-metodo-didattico-di-accord-parigi\/","name":"Il metodo didattico di ÃÛÌÒ´«Ã½ - Accord Paris","isPartOf":{"@id":"https:\/\/www.accord-langues.com\/it\/#website"},"datePublished":"2018-01-15T10:12:52+00:00","dateModified":"2025-03-07T09:41:06+00:00","description":"Corso intensivo di francese in Francia, a Parigi: Ulteriori informazioni sul metodo didattico di ÃÛÌÒ´«Ã½ per imparare il francese in Francia.","inLanguage":"it-IT","potentialAction":[{"@type":"ReadAction","target":["https:\/\/www.accord-langues.com\/it\/il-metodo-didattico-di-accord-parigi\/"]}]},{"@type":"WebSite","@id":"https:\/\/www.accord-langues.com\/it\/#website","url":"https:\/\/www.accord-langues.com\/it\/","name":"Accord Paris","description":"Learn French in France","publisher":{"@id":"https:\/\/www.accord-langues.com\/it\/#organization"},"potentialAction":[{"@type":"SearchAction","target":{"@type":"EntryPoint","urlTemplate":"https:\/\/www.accord-langues.com\/it\/?s={search_term_string}"},"query-input":{"@type":"PropertyValueSpecification","valueRequired":true,"valueName":"search_term_string"}}],"inLanguage":"it-IT"},{"@type":"Organization","@id":"https:\/\/www.accord-langues.com\/it\/#organization","name":"ÃÛÌÒ´«Ã½ Tour Eiffel","alternateName":"Learn French in Paris","url":"https:\/\/www.accord-langues.com\/it\/","logo":{"@type":"ImageObject","inLanguage":"it-IT","@id":"https:\/\/www.accord-langues.com\/it\/#\/schema\/logo\/image\/","url":"https:\/\/www.accord-langues.com\/wp-content\/uploads\/2016\/06\/Logo.png","contentUrl":"https:\/\/www.accord-langues.com\/wp-content\/uploads\/2016\/06\/Logo.png","width":290,"height":70,"caption":"ÃÛÌÒ´«Ã½ Tour Eiffel"},"image":{"@id":"https:\/\/www.accord-langues.com\/it\/#\/schema\/logo\/image\/"},"sameAs":["https:\/\/www.facebook.com\/accordecoledelangues","https:\/\/www.linkedin.com\/groups\/4542133\/"],"description":"ÃÛÌÒ´«Ã½ French Language School is one of the leading schools in France for teaching French to foreign students and offering high quality French language courses in Paris. The ÃÛÌÒ´«Ã½ language school is located in the heart of Paris, nearby the Eiffel Tower. The ÃÛÌÒ´«Ã½ school is open all year round and welcomes students from all over the world from the age of 16 in its French language courses. ÃÛÌÒ´«Ã½ school is accredited by the official \u201cQualit\u00e9 FLE\u201d label and is member of CAMPUS FRANCE, SOUFFLE and Atout France. ÃÛÌÒ´«Ã½ is official exam center for the TCF IRN, TCF TP, TCF Qu\u00e9bec and TCF Canada.","email":"info@accord-langues.com","telephone":"+33155335233","legalName":"FORUM ÃÛÌÒ´«Ã½","foundingDate":"1990-02-23","numberOfEmployees":{"@type":"QuantitativeValue","minValue":"11","maxValue":"50"}}]}},"_links":{"self":[{"href":"https:\/\/www.accord-langues.com\/it\/wp-json\/wp\/v2\/pages\/5791","targetHints":{"allow":["GET"]}}],"collection":[{"href":"https:\/\/www.accord-langues.com\/it\/wp-json\/wp\/v2\/pages"}],"about":[{"href":"https:\/\/www.accord-langues.com\/it\/wp-json\/wp\/v2\/types\/page"}],"author":[{"embeddable":true,"href":"https:\/\/www.accord-langues.com\/it\/wp-json\/wp\/v2\/users\/10"}],"replies":[{"embeddable":true,"href":"https:\/\/www.accord-langues.com\/it\/wp-json\/wp\/v2\/comments?post=5791"}],"version-history":[{"count":0,"href":"https:\/\/www.accord-langues.com\/it\/wp-json\/wp\/v2\/pages\/5791\/revisions"}],"wp:attachment":[{"href":"https:\/\/www.accord-langues.com\/it\/wp-json\/wp\/v2\/media?parent=5791"}],"curies":[{"name":"wp","href":"https:\/\/api.w.org\/{rel}","templated":true}]}}