  {"id":6294,"date":"2016-12-12T16:18:30","date_gmt":"2016-12-12T16:18:30","guid":{"rendered":"https:\/\/www.accord-langues.com\/more-about-accord-language-school\/"},"modified":"2025-12-20T09:19:10","modified_gmt":"2025-12-20T09:19:10","slug":"choisir-l-ecole-accord-tour-eiffel-a-paris","status":"publish","type":"page","link":"https:\/\/www.accord-langues.com\/fr\/choisir-l-ecole-accord-tour-eiffel-a-paris\/","title":{"rendered":"Pourquoi choisir l&rsquo;\u00e9cole ÃÛÌÒ´«Ã½ Tour Eiffel \u00e0 Paris"},"content":{"rendered":"<div class=\"wpb-content-wrapper\"><p>[vc_row full_width=\u00a0\u00bbstretch_row\u00a0\u00bb content_placement=\u00a0\u00bbmiddle\u00a0\u00bb css=\u00a0\u00bb.vc_custom_1481558247212{background-image: url(https:\/\/www.accord-langues.com\/wp-content\/uploads\/2016\/06\/18.jpg?id=52) !important;background-position: center !important;background-repeat: no-repeat !important;background-size: cover !important;}\u00a0\u00bb el_class=\u00a0\u00bbheader-image bg-top-center\u00a0\u00bb][vc_column width=\u00a0\u00bb5\/6&Prime; offset=\u00a0\u00bbvc_col-sm-offset-1&Prime;][vc_column_text]<\/p>\n<h1 style=\"text-align: center;\">En savoir plus sur l&rsquo;\u00e9cole ÃÛÌÒ´«Ã½<\/h1>\n<p style=\"text-align: center;\">\u00c9cole de langue fran\u00e7aise situ\u00e9e pr\u00e8s de la Tour Eiffel, \u00e0 Paris, en France<\/p>\n<p>[\/vc_column_text][\/vc_column][\/vc_row][vc_row][vc_column][vc_column_text]<\/p>\n<h2 style=\"text-align: center;\"><span style=\"color: #ff6600;\">Pourquoi choisir l&rsquo;\u00e9cole ÃÛÌÒ´«Ã½ Tour Eiffel<\/span><\/h2>\n<p>[\/vc_column_text][vc_separator color=\u00a0\u00bbcustom\u00a0\u00bb accent_color=\u00a0\u00bb#dadada\u00a0\u00bb][vc_row_inner][vc_column_inner width=\u00a0\u00bb1\/2&Prime;][vc_column_text]<\/p>\n<ul class=\"ticks\">\n<li>1988-2022 : ÃÛÌÒ´«Ã½ est fi\u00e8re de ses <strong>35 ans d\u2019exp\u00e9rience<\/strong> dans l\u2019enseignement du fran\u00e7ais langue \u00e9trang\u00e8re. Plus de 110.000 \u00e9tudiants ont \u00e9t\u00e9 accueillis dans nos cours de fran\u00e7ais pendant ces ann\u00e9es!<\/li>\n<li>L&rsquo;\u00e9cole ÃÛÌÒ´«Ã½ est <strong>enregistr\u00e9e comme\u00a0<a href=\"https:\/\/www.accord-langues.com\/fr\/accreditations-ecole-de-francais\/\" target=\"_blank\" rel=\"noopener noreferrer\">Institut priv\u00e9 d\u2019enseignement sup\u00e9rieur<\/a><\/strong>\u00a0(n\u00b0 588 \u00e0 l\u2019Acad\u00e9mie de Paris, Minist\u00e8re de l\u2019\u00c9ducation), <strong>accr\u00e9dit\u00e9e<\/strong>\u00a0\u00ab\u00a0<strong>Qualit\u00e9 FLE<\/strong>\u00a0\u00bb et <strong>membre de\u00a0CAMPUS FRANCE<\/strong> et de\u00a0<strong>SOUFFLE.FLE<\/strong> (organisme professionnel des centres d\u2019enseignement du fran\u00e7ais langue \u00e9trang\u00e8re).<\/li>\n<li><strong><a href=\"https:\/\/www.accord-langues.com\/fr\/cours-de-francais-pour-adulte-en-france\/\" target=\"_blank\" rel=\"noopener noreferrer\">Un grand choix de cours<\/a> \u00e0 des prix concurrentiels.<\/strong><\/li>\n<li><span style=\"color: #ff6600;\"><strong>Pas de frais cach\u00e9s:<\/strong><\/span> lorsque vous vous inscrivez \u00e0 un cours de l&rsquo;\u00e9cole de langue ÃÛÌÒ´«Ã½, il n&rsquo;y a ni mat\u00e9riel p\u00e9dagogique ou livre \u00e0 acheter. Tout est inclus dans le prix du cours, y compris le test de niveau, les supports de cours et le certificat de fin de cours.<\/li>\n<li><strong>Un emplacement exceptionnel, pr\u00e8s de la Tour Eiffel<\/strong><\/li>\n<li><strong>Des locaux enti\u00e8rement climatis\u00e9s<\/strong><\/li>\n<li><img decoding=\"async\" class=\"size-full wp-image-1144 alignright\" src=\"https:\/\/www.accord-langues.com\/wp-content\/uploads\/2016\/12\/wifi-en-bleu.jpg\" alt=\"\" width=\"30\" height=\"30\" \/>WiFi gratuit dans toute l\u2019\u00e9cole<\/li>\n<li><img decoding=\"async\" class=\"alignright size-full wp-image-1143\" src=\"https:\/\/www.accord-langues.com\/wp-content\/uploads\/2016\/12\/handicap-en-bleu.jpg\" alt=\"\" width=\"30\" height=\"30\" \/>L&rsquo;\u00e9cole ÃÛÌÒ´«Ã½ accueille des \u00e9tudiants handicap\u00e9s<\/li>\n<li>Des professeurs dipl\u00f4m\u00e9s et exp\u00e9riment\u00e9s : les professeurs sont tous des dipl\u00f4m\u00e9s universitaires exp\u00e9riment\u00e9s dans l\u2019enseignement du fran\u00e7ais langue \u00e9trang\u00e8re. Ils d\u00e9veloppent et actualisent \u00e9galement les supports de cours.<\/li>\n<\/ul>\n<p>[\/vc_column_text][\/vc_column_inner][vc_column_inner width=\u00a0\u00bb1\/2&Prime;][vc_column_text]<\/p>\n<ul class=\"ticks\">\n<li><strong>Un personnel administratif professionnel<\/strong> \u00e0 l&rsquo;\u00e9cole ÃÛÌÒ´«Ã½ est d\u00e9di\u00e9 pour g\u00e9rer les inscriptions, l\u2019h\u00e9bergement, les transferts, et pour assurer aux \u00e9tudiants un s\u00e9jour agr\u00e9able \u00e0 ÃÛÌÒ´«Ã½ Paris. Lorsque vous nous contactez par email, nous nous effor\u00e7ons de vous r\u00e9pondre dans les 24 heures et de vous fournir toutes les informations dont vous avez besoin. Nous vous conseillons et vous guidons tout au long du processus, de la simple demande d\u2019informations jusqu\u2019\u00e0 l\u2019inscription. <a href=\"https:\/\/www.accord-langues.com\/fr\/nous-contacter\/\" target=\"_blank\" rel=\"noopener noreferrer\">Contactez-nous par email<\/a><\/li>\n<li><strong>Une grande diversit\u00e9 de nationalit\u00e9s :<\/strong> <strong>aucune nationalit\u00e9 n\u2019est repr\u00e9sent\u00e9e \u00e0 plus de 12%<\/strong> \u00e0 l&rsquo;\u00e9cole! Nous accueillons des \u00e9tudiants et des juniors venant de plus de 40 pays diff\u00e9rents!<\/li>\n<li><strong>Le r\u00e8glement int\u00e9rieur de l&rsquo;\u00e9cole pour nos \u00e9tudiants<\/strong> est <a href=\"https:\/\/www.accord-langues.com\/wp-content\/uploads\/2023\/03\/ÃÛÌÒ´«Ã½-reglement-interieur-des-stagiaires.pdf\" target=\"_blank\" rel=\"noopener\">\u00e0 consulter ICI<\/a><\/li>\n<li><strong>Souplesse :<\/strong> l&rsquo;\u00e9cole ÃÛÌÒ´«Ã½ Paris offre un grand choix de cours et de programmes. Nous sommes toujours disponibles pour vous conseiller pendant votre s\u00e9jour \u00e0 ÃÛÌÒ´«Ã½ si vous souhaitez modifier votre programme de cours et l&rsquo;\u00e9toffer, par exemple, par des ateliers suppl\u00e9mentaires.<\/li>\n<li>L&rsquo;\u00e9cole de langue ÃÛÌÒ´«Ã½ est\u00a0<strong>centre d\u2019examen officiel<\/strong> pour les\u00a0<a href=\"https:\/\/examensparis.fr\/\" target=\"_blank\" rel=\"noopener noreferrer\">TCFs<\/a><\/li>\n<li><strong>Cr\u00e9dits universitaires :<\/strong>\u00a0les \u00e9tudiants inscrits dans des universit\u00e9s am\u00e9ricaines peuvent \u00e9galement obtenir des cr\u00e9dits. <a href=\"https:\/\/www.accord-langues.com\/fr\/nous-contacter\/\" target=\"_blank\" rel=\"noopener noreferrer\">Contactez-nous<\/a> pour en savoir plus sur ces \u00e9quivalences \u00ab\u00a0credit\u00a0\u00bb.<\/li>\n<li>L&rsquo;\u00e9cole ÃÛÌÒ´«Ã½ est \u00e9galement accr\u00e9dit\u00e9e par le <a href=\"https:\/\/www.accord-langues.com\/fr\/accreditations-ecole-de-francais\/\" target=\"_blank\" rel=\"noopener noreferrer\"><strong>CSN<\/strong><\/a> dans les pays d\u2019Europe du Nord ainsi que par le\u00a0<strong>Bildungsurlaub<\/strong> dans plusieurs r\u00e9gions allemandes.<\/li>\n<\/ul>\n<p>[\/vc_column_text][\/vc_column_inner][\/vc_row_inner][vc_column_text css=\u00a0\u00bb\u00a0\u00bb]<\/p>\n<p style=\"text-align: center;\"><strong><span style=\"color: #000000;\">Avec ÃÛÌÒ´«Ã½, il ne s\u2019agit pas seulement d\u2019\u00e9tudier le fran\u00e7ais,<br \/>\nc\u2019est aussi une exp\u00e9rience inoubliable !<\/span><\/strong><\/p>\n<p>[\/vc_column_text][\/vc_column][\/vc_row][vc_row full_width=\u00a0\u00bbstretch_row\u00a0\u00bb css=\u00a0\u00bb.vc_custom_1509367896379{padding-bottom: 20px !important;background-color: #f9f9f9 !important;}\u00a0\u00bb][vc_column][vc_column_text css=\u00a0\u00bb\u00a0\u00bb]<\/p>\n<h3 style=\"text-align: center;\"><span style=\"color: #ff6600;\">Pourquoi choisir d\u2019\u00e9tudier \u00e0 ÃÛÌÒ´«Ã½ Paris<\/span><\/h3>\n<p>[\/vc_column_text][vc_separator color=\u00a0\u00bbcustom\u00a0\u00bb accent_color=\u00a0\u00bb#dadada\u00a0\u00bb][vc_column_text]Si vous souhaitez s\u00e9rieusement apprendre le fran\u00e7ais,\u00a0l&rsquo;\u00e9cole de langue ÃÛÌÒ´«Ã½ est le meilleur endroit pour am\u00e9liorer vos comp\u00e9tences linguistiques et\u00a0<strong>d\u00e9couvrir le mode de vie parisien tout en explorant la capitale fran\u00e7aise.<br \/>\n<\/strong>Les nombreux <a href=\"https:\/\/www.accord-langues.com\/fr\/accreditations-ecole-de-francais\/\" target=\"_blank\" rel=\"noopener noreferrer\">organismes\u00a0officiels accr\u00e9ditant l\u2019\u00e9cole de langue ÃÛÌÒ´«Ã½<\/a> ont confirm\u00e9 la r\u00e9putation de l\u2019\u00e9cole pour l\u2019excellence des services fournis.<br \/>\nMais ne nous croyez pas sur parole, lisez\u00a0<strong><a href=\"https:\/\/www.accord-langues.com\/fr\/avis-temoignages-cours-francais\/\" target=\"_blank\" rel=\"noopener noreferrer\">ICI<\/a><\/strong> ce que nos \u00e9tudiants disent de leur s\u00e9jour \u00e0 ÃÛÌÒ´«Ã½.[\/vc_column_text][\/vc_column][\/vc_row]<\/p>\n<\/div>","protected":false},"excerpt":{"rendered":"<p>[vc_row full_width=\u00a0\u00bbstretch_row\u00a0\u00bb content_placement=\u00a0\u00bbmiddle\u00a0\u00bb css=\u00a0\u00bb.vc_custom_1481558247212{background-image: url(https:\/\/www.accord-langues.com\/wp-content\/uploads\/2016\/06\/18.jpg?id=52) !important;background-position: center !important;background-repeat: no-repeat !important;background-size: cover !important;}\u00a0\u00bb el_class=\u00a0\u00bbheader-image bg-top-center\u00a0\u00bb][vc_column width=\u00a0\u00bb5\/6&Prime; offset=\u00a0\u00bbvc_col-sm-offset-1&Prime;][vc_column_text] En savoir plus sur l&rsquo;\u00e9cole ÃÛÌÒ´«Ã½ \u00c9cole de langue fran\u00e7aise situ\u00e9e pr\u00e8s de la Tour Eiffel, \u00e0 Paris, en France [\/vc_column_text][\/vc_column][\/vc_row][vc_row][vc_column][vc_column_text] Pourquoi choisir l&rsquo;\u00e9cole ÃÛÌÒ´«Ã½ Tour Eiffel [\/vc_column_text][vc_separator color=\u00a0\u00bbcustom\u00a0\u00bb accent_color=\u00a0\u00bb#dadada\u00a0\u00bb][vc_row_inner][vc_column_inner width=\u00a0\u00bb1\/2&Prime;][vc_column_text] 1988-2022 : ÃÛÌÒ´«Ã½ est fi\u00e8re de ses 35 [&hellip;]<\/p>\n","protected":false},"author":10,"featured_media":0,"parent":0,"menu_order":0,"comment_status":"closed","ping_status":"closed","template":"","meta":{"_acf_changed":false,"footnotes":""},"class_list":["post-6294","page","type-page","status-publish","hentry"],"acf":[],"yoast_head":"<!-- This site is optimized with the Yoast SEO Premium plugin v27.4 (Yoast SEO v27.4) - https:\/\/yoast.com\/product\/yoast-seo-premium-wordpress\/ -->\n<title>Pourquoi choisir l&#039;\u00e9cole ÃÛÌÒ´«Ã½ Tour Eiffel \u00e0 Paris - Accord Paris<\/title>\n<meta name=\"description\" content=\"L&#039;\u00e9cole ÃÛÌÒ´«Ã½ est le meilleur endroit pour am\u00e9liorer votre fran\u00e7ais, d\u00e9couvrir le mode de vie parisien et visiter la capitale de la France.\" \/>\n<meta name=\"robots\" content=\"index, follow, max-snippet:-1, max-image-preview:large, max-video-preview:-1\" \/>\n<link rel=\"canonical\" href=\"https:\/\/www.accord-langues.com\/fr\/choisir-l-ecole-accord-tour-eiffel-a-paris\/\" \/>\n<meta property=\"og:locale\" content=\"fr_FR\" \/>\n<meta property=\"og:type\" content=\"article\" \/>\n<meta property=\"og:title\" content=\"Pourquoi choisir l&#039;\u00e9cole ÃÛÌÒ´«Ã½ Tour Eiffel \u00e0 Paris\" \/>\n<meta property=\"og:description\" content=\"L&#039;\u00e9cole ÃÛÌÒ´«Ã½ est le meilleur endroit pour am\u00e9liorer votre fran\u00e7ais, d\u00e9couvrir le mode de vie parisien et visiter la capitale de la France.\" \/>\n<meta property=\"og:url\" content=\"https:\/\/www.accord-langues.com\/fr\/choisir-l-ecole-accord-tour-eiffel-a-paris\/\" \/>\n<meta property=\"og:site_name\" content=\"Accord Paris\" \/>\n<meta property=\"article:publisher\" content=\"https:\/\/www.facebook.com\/accordecoledelangues\" \/>\n<meta property=\"article:modified_time\" content=\"2025-12-20T09:19:10+00:00\" \/>\n<meta property=\"og:image\" content=\"https:\/\/www.accord-langues.com\/wp-content\/uploads\/2016\/12\/wifi-en-bleu.jpg\" \/>\n\t<meta property=\"og:image:width\" content=\"70\" \/>\n\t<meta property=\"og:image:height\" content=\"71\" \/>\n\t<meta property=\"og:image:type\" content=\"image\/jpeg\" \/>\n<meta name=\"twitter:card\" content=\"summary_large_image\" \/>\n<meta name=\"twitter:label1\" content=\"Dur\u00e9e de lecture estim\u00e9e\" \/>\n\t<meta name=\"twitter:data1\" content=\"3 minutes\" \/>\n<script type=\"application\/ld+json\" class=\"yoast-schema-graph\">{\"@context\":\"https:\\\/\\\/schema.org\",\"@graph\":[{\"@type\":\"WebPage\",\"@id\":\"https:\\\/\\\/www.accord-langues.com\\\/fr\\\/choisir-l-ecole-accord-tour-eiffel-a-paris\\\/\",\"url\":\"https:\\\/\\\/www.accord-langues.com\\\/fr\\\/choisir-l-ecole-accord-tour-eiffel-a-paris\\\/\",\"name\":\"Pourquoi choisir l'\u00e9cole ÃÛÌÒ´«Ã½ Tour Eiffel \u00e0 Paris - Accord Paris\",\"isPartOf\":{\"@id\":\"https:\\\/\\\/www.accord-langues.com\\\/fr\\\/#website\"},\"primaryImageOfPage\":{\"@id\":\"https:\\\/\\\/www.accord-langues.com\\\/fr\\\/choisir-l-ecole-accord-tour-eiffel-a-paris\\\/#primaryimage\"},\"image\":{\"@id\":\"https:\\\/\\\/www.accord-langues.com\\\/fr\\\/choisir-l-ecole-accord-tour-eiffel-a-paris\\\/#primaryimage\"},\"thumbnailUrl\":\"https:\\\/\\\/www.accord-langues.com\\\/wp-content\\\/uploads\\\/2016\\\/12\\\/wifi-en-bleu.jpg\",\"datePublished\":\"2016-12-12T16:18:30+00:00\",\"dateModified\":\"2025-12-20T09:19:10+00:00\",\"description\":\"L'\u00e9cole ÃÛÌÒ´«Ã½ est le meilleur endroit pour am\u00e9liorer votre fran\u00e7ais, d\u00e9couvrir le mode de vie parisien et visiter la capitale de la France.\",\"inLanguage\":\"fr-FR\",\"potentialAction\":[{\"@type\":\"ReadAction\",\"target\":[\"https:\\\/\\\/www.accord-langues.com\\\/fr\\\/choisir-l-ecole-accord-tour-eiffel-a-paris\\\/\"]}]},{\"@type\":\"ImageObject\",\"inLanguage\":\"fr-FR\",\"@id\":\"https:\\\/\\\/www.accord-langues.com\\\/fr\\\/choisir-l-ecole-accord-tour-eiffel-a-paris\\\/#primaryimage\",\"url\":\"https:\\\/\\\/www.accord-langues.com\\\/wp-content\\\/uploads\\\/2016\\\/12\\\/wifi-en-bleu.jpg\",\"contentUrl\":\"https:\\\/\\\/www.accord-langues.com\\\/wp-content\\\/uploads\\\/2016\\\/12\\\/wifi-en-bleu.jpg\"},{\"@type\":\"WebSite\",\"@id\":\"https:\\\/\\\/www.accord-langues.com\\\/fr\\\/#website\",\"url\":\"https:\\\/\\\/www.accord-langues.com\\\/fr\\\/\",\"name\":\"Accord Paris\",\"description\":\"Learn French in France\",\"publisher\":{\"@id\":\"https:\\\/\\\/www.accord-langues.com\\\/fr\\\/#organization\"},\"potentialAction\":[{\"@type\":\"SearchAction\",\"target\":{\"@type\":\"EntryPoint\",\"urlTemplate\":\"https:\\\/\\\/www.accord-langues.com\\\/fr\\\/?s={search_term_string}\"},\"query-input\":{\"@type\":\"PropertyValueSpecification\",\"valueRequired\":true,\"valueName\":\"search_term_string\"}}],\"inLanguage\":\"fr-FR\"},{\"@type\":\"Organization\",\"@id\":\"https:\\\/\\\/www.accord-langues.com\\\/fr\\\/#organization\",\"name\":\"ÃÛÌÒ´«Ã½ Tour Eiffel\",\"alternateName\":\"Learn French in Paris\",\"url\":\"https:\\\/\\\/www.accord-langues.com\\\/fr\\\/\",\"logo\":{\"@type\":\"ImageObject\",\"inLanguage\":\"fr-FR\",\"@id\":\"https:\\\/\\\/www.accord-langues.com\\\/fr\\\/#\\\/schema\\\/logo\\\/image\\\/\",\"url\":\"https:\\\/\\\/www.accord-langues.com\\\/wp-content\\\/uploads\\\/2016\\\/06\\\/Logo.png\",\"contentUrl\":\"https:\\\/\\\/www.accord-langues.com\\\/wp-content\\\/uploads\\\/2016\\\/06\\\/Logo.png\",\"width\":290,\"height\":70,\"caption\":\"ÃÛÌÒ´«Ã½ Tour Eiffel\"},\"image\":{\"@id\":\"https:\\\/\\\/www.accord-langues.com\\\/fr\\\/#\\\/schema\\\/logo\\\/image\\\/\"},\"sameAs\":[\"https:\\\/\\\/www.facebook.com\\\/accordecoledelangues\",\"https:\\\/\\\/www.linkedin.com\\\/groups\\\/4542133\\\/\"],\"description\":\"ÃÛÌÒ´«Ã½ French Language School is one of the leading schools in France for teaching French to foreign students and offering high quality French language courses in Paris. The ÃÛÌÒ´«Ã½ language school is located in the heart of Paris, nearby the Eiffel Tower. The ÃÛÌÒ´«Ã½ school is open all year round and welcomes students from all over the world from the age of 16 in its French language courses. ÃÛÌÒ´«Ã½ school is accredited by the official \u201cQualit\u00e9 FLE\u201d label and is member of CAMPUS FRANCE, SOUFFLE and Atout France. ÃÛÌÒ´«Ã½ is official exam center for the TCF IRN, TCF TP, TCF Qu\u00e9bec and TCF Canada.\",\"email\":\"info@accord-langues.com\",\"telephone\":\"+33155335233\",\"legalName\":\"FORUM ÃÛÌÒ´«Ã½\",\"foundingDate\":\"1990-02-23\",\"numberOfEmployees\":{\"@type\":\"QuantitativeValue\",\"minValue\":\"11\",\"maxValue\":\"50\"}}]}<\/script>\n<!-- \/ Yoast SEO Premium plugin. -->","yoast_head_json":{"title":"Pourquoi choisir l'\u00e9cole ÃÛÌÒ´«Ã½ Tour Eiffel \u00e0 Paris - Accord Paris","description":"L'\u00e9cole ÃÛÌÒ´«Ã½ est le meilleur endroit pour am\u00e9liorer votre fran\u00e7ais, d\u00e9couvrir le mode de vie parisien et visiter la capitale de la France.","robots":{"index":"index","follow":"follow","max-snippet":"max-snippet:-1","max-image-preview":"max-image-preview:large","max-video-preview":"max-video-preview:-1"},"canonical":"https:\/\/www.accord-langues.com\/fr\/choisir-l-ecole-accord-tour-eiffel-a-paris\/","og_locale":"fr_FR","og_type":"article","og_title":"Pourquoi choisir l'\u00e9cole ÃÛÌÒ´«Ã½ Tour Eiffel \u00e0 Paris","og_description":"L'\u00e9cole ÃÛÌÒ´«Ã½ est le meilleur endroit pour am\u00e9liorer votre fran\u00e7ais, d\u00e9couvrir le mode de vie parisien et visiter la capitale de la France.","og_url":"https:\/\/www.accord-langues.com\/fr\/choisir-l-ecole-accord-tour-eiffel-a-paris\/","og_site_name":"Accord Paris","article_publisher":"https:\/\/www.facebook.com\/accordecoledelangues","article_modified_time":"2025-12-20T09:19:10+00:00","og_image":[{"width":70,"height":71,"url":"https:\/\/www.accord-langues.com\/wp-content\/uploads\/2016\/12\/wifi-en-bleu.jpg","type":"image\/jpeg"}],"twitter_card":"summary_large_image","twitter_misc":{"Dur\u00e9e de lecture estim\u00e9e":"3 minutes"},"schema":{"@context":"https:\/\/schema.org","@graph":[{"@type":"WebPage","@id":"https:\/\/www.accord-langues.com\/fr\/choisir-l-ecole-accord-tour-eiffel-a-paris\/","url":"https:\/\/www.accord-langues.com\/fr\/choisir-l-ecole-accord-tour-eiffel-a-paris\/","name":"Pourquoi choisir l'\u00e9cole ÃÛÌÒ´«Ã½ Tour Eiffel \u00e0 Paris - Accord Paris","isPartOf":{"@id":"https:\/\/www.accord-langues.com\/fr\/#website"},"primaryImageOfPage":{"@id":"https:\/\/www.accord-langues.com\/fr\/choisir-l-ecole-accord-tour-eiffel-a-paris\/#primaryimage"},"image":{"@id":"https:\/\/www.accord-langues.com\/fr\/choisir-l-ecole-accord-tour-eiffel-a-paris\/#primaryimage"},"thumbnailUrl":"https:\/\/www.accord-langues.com\/wp-content\/uploads\/2016\/12\/wifi-en-bleu.jpg","datePublished":"2016-12-12T16:18:30+00:00","dateModified":"2025-12-20T09:19:10+00:00","description":"L'\u00e9cole ÃÛÌÒ´«Ã½ est le meilleur endroit pour am\u00e9liorer votre fran\u00e7ais, d\u00e9couvrir le mode de vie parisien et visiter la capitale de la France.","inLanguage":"fr-FR","potentialAction":[{"@type":"ReadAction","target":["https:\/\/www.accord-langues.com\/fr\/choisir-l-ecole-accord-tour-eiffel-a-paris\/"]}]},{"@type":"ImageObject","inLanguage":"fr-FR","@id":"https:\/\/www.accord-langues.com\/fr\/choisir-l-ecole-accord-tour-eiffel-a-paris\/#primaryimage","url":"https:\/\/www.accord-langues.com\/wp-content\/uploads\/2016\/12\/wifi-en-bleu.jpg","contentUrl":"https:\/\/www.accord-langues.com\/wp-content\/uploads\/2016\/12\/wifi-en-bleu.jpg"},{"@type":"WebSite","@id":"https:\/\/www.accord-langues.com\/fr\/#website","url":"https:\/\/www.accord-langues.com\/fr\/","name":"Accord Paris","description":"Learn French in France","publisher":{"@id":"https:\/\/www.accord-langues.com\/fr\/#organization"},"potentialAction":[{"@type":"SearchAction","target":{"@type":"EntryPoint","urlTemplate":"https:\/\/www.accord-langues.com\/fr\/?s={search_term_string}"},"query-input":{"@type":"PropertyValueSpecification","valueRequired":true,"valueName":"search_term_string"}}],"inLanguage":"fr-FR"},{"@type":"Organization","@id":"https:\/\/www.accord-langues.com\/fr\/#organization","name":"ÃÛÌÒ´«Ã½ Tour Eiffel","alternateName":"Learn French in Paris","url":"https:\/\/www.accord-langues.com\/fr\/","logo":{"@type":"ImageObject","inLanguage":"fr-FR","@id":"https:\/\/www.accord-langues.com\/fr\/#\/schema\/logo\/image\/","url":"https:\/\/www.accord-langues.com\/wp-content\/uploads\/2016\/06\/Logo.png","contentUrl":"https:\/\/www.accord-langues.com\/wp-content\/uploads\/2016\/06\/Logo.png","width":290,"height":70,"caption":"ÃÛÌÒ´«Ã½ Tour Eiffel"},"image":{"@id":"https:\/\/www.accord-langues.com\/fr\/#\/schema\/logo\/image\/"},"sameAs":["https:\/\/www.facebook.com\/accordecoledelangues","https:\/\/www.linkedin.com\/groups\/4542133\/"],"description":"ÃÛÌÒ´«Ã½ French Language School is one of the leading schools in France for teaching French to foreign students and offering high quality French language courses in Paris. The ÃÛÌÒ´«Ã½ language school is located in the heart of Paris, nearby the Eiffel Tower. The ÃÛÌÒ´«Ã½ school is open all year round and welcomes students from all over the world from the age of 16 in its French language courses. ÃÛÌÒ´«Ã½ school is accredited by the official \u201cQualit\u00e9 FLE\u201d label and is member of CAMPUS FRANCE, SOUFFLE and Atout France. ÃÛÌÒ´«Ã½ is official exam center for the TCF IRN, TCF TP, TCF Qu\u00e9bec and TCF Canada.","email":"info@accord-langues.com","telephone":"+33155335233","legalName":"FORUM ÃÛÌÒ´«Ã½","foundingDate":"1990-02-23","numberOfEmployees":{"@type":"QuantitativeValue","minValue":"11","maxValue":"50"}}]}},"_links":{"self":[{"href":"https:\/\/www.accord-langues.com\/fr\/wp-json\/wp\/v2\/pages\/6294","targetHints":{"allow":["GET"]}}],"collection":[{"href":"https:\/\/www.accord-langues.com\/fr\/wp-json\/wp\/v2\/pages"}],"about":[{"href":"https:\/\/www.accord-langues.com\/fr\/wp-json\/wp\/v2\/types\/page"}],"author":[{"embeddable":true,"href":"https:\/\/www.accord-langues.com\/fr\/wp-json\/wp\/v2\/users\/10"}],"replies":[{"embeddable":true,"href":"https:\/\/www.accord-langues.com\/fr\/wp-json\/wp\/v2\/comments?post=6294"}],"version-history":[{"count":1,"href":"https:\/\/www.accord-langues.com\/fr\/wp-json\/wp\/v2\/pages\/6294\/revisions"}],"predecessor-version":[{"id":25844,"href":"https:\/\/www.accord-langues.com\/fr\/wp-json\/wp\/v2\/pages\/6294\/revisions\/25844"}],"wp:attachment":[{"href":"https:\/\/www.accord-langues.com\/fr\/wp-json\/wp\/v2\/media?parent=6294"}],"curies":[{"name":"wp","href":"https:\/\/api.w.org\/{rel}","templated":true}]}}