  {"id":6291,"date":"2017-10-30T11:14:27","date_gmt":"2017-10-30T11:14:27","guid":{"rendered":"https:\/\/www.accord-langues.com\/french-school-accreditations\/"},"modified":"2025-12-20T09:20:41","modified_gmt":"2025-12-20T09:20:41","slug":"accreditations-ecole-de-francais","status":"publish","type":"page","link":"https:\/\/www.accord-langues.com\/fr\/accreditations-ecole-de-francais\/","title":{"rendered":"Labellisations et accr\u00e9ditations de ÃÛÌÒ´«Ã½ Paris"},"content":{"rendered":"<div class=\"wpb-content-wrapper\"><p>[vc_row full_width=\u00a0\u00bbstretch_row\u00a0\u00bb content_placement=\u00a0\u00bbmiddle\u00a0\u00bb css=\u00a0\u00bb.vc_custom_1509009556865{background-image: url(https:\/\/www.accord-langues.com\/wp-content\/uploads\/2016\/10\/adult-course.jpg?id=348) !important;background-position: center !important;background-repeat: no-repeat !important;background-size: cover !important;}\u00a0\u00bb el_class=\u00a0\u00bbheader-image\u00a0\u00bb][vc_column width=\u00a0\u00bb2\/3&Prime; offset=\u00a0\u00bbvc_col-sm-offset-2&Prime;][vc_column_text]<\/p>\n<h1 style=\"text-align: center; margin-bottom: 0px;\">Accr\u00e9ditations de ÃÛÌÒ´«Ã½ Paris<\/h1>\n<p style=\"text-align: center;\">Accr\u00e9ditations de ÃÛÌÒ´«Ã½ Paris, Institut Sup\u00e9rieur Priv\u00e9 membre de Campus France<br \/>\nApprendre le fran\u00e7ais dans une \u00e9cole de fran\u00e7ais de grande qualit\u00e9<br \/>\nLabellisations et accr\u00e9ditations permettant de choisir une bonne \u00e9cole de fran\u00e7ais<br \/>\nLes accr\u00e9ditations sont synonymes de haute qualit\u00e9. Choisissez votre \u00e9cole de fran\u00e7ais accr\u00e9dit\u00e9e!<\/p>\n<p>[\/vc_column_text][\/vc_column][\/vc_row][vc_row][vc_column][vc_column_text css=\u00a0\u00bb\u00a0\u00bb]<\/p>\n<h2 style=\"text-align: center; margin-bottom: 0px;\">Labellisations et accr\u00e9ditations de ÃÛÌÒ´«Ã½ Paris<\/h2>\n<p>[\/vc_column_text][vc_column_text]<\/p>\n<p style=\"text-align: left;\">Les accr\u00e9ditations des \u00e9coles de fran\u00e7ais permettent aux \u00e9tudiants d\u2019identifier, de reconna\u00eetre et de choisir une \u00e9cole de langue offrant des cours et des services r\u00e9pondant \u00e0 leurs attentes. D\u00e9couvrez ici les\u00a0accr\u00e9ditations de ÃÛÌÒ´«Ã½ Paris:<\/p>\n<p>[\/vc_column_text][vc_separator][\/vc_column][\/vc_row][vc_row full_width=\u00a0\u00bbstretch_row\u00a0\u00bb css=\u00a0\u00bb.vc_custom_1524566371249{padding-bottom: 40px !important;}\u00a0\u00bb][vc_column][vc_row_inner][vc_column_inner width=\u00a0\u00bb1\/6&Prime;][vc_single_image image=\u00a0\u00bb9704&Prime; img_size=\u00a0\u00bb130&#215;187&Prime; onclick=\u00a0\u00bbcustom_link\u00a0\u00bb img_link_target=\u00a0\u00bb_blank\u00a0\u00bb link=\u00a0\u00bbhttp:\/\/www.qualitefle.fr\/en\u00a0\u00bb][\/vc_column_inner][vc_column_inner width=\u00a0\u00bb5\/6&Prime;][vc_column_text]<\/p>\n<h3>Label Qualit\u00e9 FLE<\/h3>\n<p>L\u2019une des principales accr\u00e9ditations officielles des \u00e9coles fran\u00e7aises est le label Qualit\u00e9 FLE. En 2007, ÃÛÌÒ´«Ã½ Paris a \u00e9t\u00e9 l\u2019une des premi\u00e8res \u00e9coles en France \u00e0 avoir \u00e9t\u00e9 labellis\u00e9e Qualit\u00e9 FLE, l\u2019accr\u00e9ditation officielle fran\u00e7aise qui garantit la qualit\u00e9 de l\u2019enseignement, des locaux et des services fournis (administration, inscription, h\u00e9bergement, etc.) pour une\u00a0\u00e9cole situ\u00e9e en France et enseignant le fran\u00e7ais langue \u00e9trang\u00e8re.[\/vc_column_text][\/vc_column_inner][\/vc_row_inner][vc_separator][vc_row_inner][vc_column_inner width=\u00a0\u00bb1\/6&Prime;][vc_single_image image=\u00a0\u00bb3360&Prime; img_size=\u00a0\u00bbfull\u00a0\u00bb onclick=\u00a0\u00bbcustom_link\u00a0\u00bb img_link_target=\u00a0\u00bb_blank\u00a0\u00bb link=\u00a0\u00bbhttps:\/\/www.accord-langues.com\/\u00a0\u00bb][\/vc_column_inner][vc_column_inner width=\u00a0\u00bb5\/6&Prime;][vc_column_text]<\/p>\n<h3>Institut priv\u00e9 d\u2019enseignement sup\u00e9rieur<\/h3>\n<p>ÃÛÌÒ´«Ã½ Paris est enregistr\u00e9e en tant qu\u2019Institut priv\u00e9 d\u2019enseignement sup\u00e9rieur (n\u00b0 588) \u00e0 l\u2019Acad\u00e9mie de Paris, rattach\u00e9e au Minist\u00e8re de l\u2019Enseignement sup\u00e9rieur. Semblable aux accr\u00e9ditations des \u00e9coles fran\u00e7aises, l\u2019enregistrement de notre \u00e9cole de langue fran\u00e7aise en tant qu\u2019Institut priv\u00e9 d\u2019enseignement sup\u00e9rieur est un autre gage de la qualit\u00e9 de ÃÛÌÒ´«Ã½ Paris.[\/vc_column_text][\/vc_column_inner][\/vc_row_inner][vc_separator][vc_row_inner][vc_column_inner width=\u00a0\u00bb1\/6&Prime;][vc_single_image image=\u00a0\u00bb3185&Prime; img_size=\u00a0\u00bbfull\u00a0\u00bb onclick=\u00a0\u00bbcustom_link\u00a0\u00bb img_link_target=\u00a0\u00bb_blank\u00a0\u00bb link=\u00a0\u00bbhttps:\/\/www.campusfrance.org\/en\u00a0\u00bb][\/vc_column_inner][vc_column_inner width=\u00a0\u00bb5\/6&Prime;][vc_column_text]<\/p>\n<h3>Campus France<\/h3>\n<p>ÃÛÌÒ´«Ã½ Paris est membre de\u00a0CAMPUS FRANCE.<br \/>\nCAMPUS FRANCE est un organisme officiel (cr\u00e9\u00e9 par l\u2019\u00c9tat fran\u00e7ais, Loi n\u00b0 2010-873 du 27 juillet 2010) qui vise \u00e0 informer et promouvoir le syst\u00e8me d\u2019enseignement sup\u00e9rieur fran\u00e7ais \u00e0 l\u2019\u00e9tranger. L\u2019adh\u00e9sion \u00e0 CAMPUS FRANCE est une autre garantie de la qualit\u00e9 de\u00a0l\u2019\u00e9cole de langues ÃÛÌÒ´«Ã½ Paris.[\/vc_column_text][\/vc_column_inner][\/vc_row_inner][vc_separator][vc_row_inner][vc_column_inner width=\u00a0\u00bb1\/6&Prime;][vc_single_image image=\u00a0\u00bb3330&Prime; img_size=\u00a0\u00bbfull\u00a0\u00bb onclick=\u00a0\u00bbcustom_link\u00a0\u00bb img_link_target=\u00a0\u00bb_blank\u00a0\u00bb link=\u00a0\u00bbhttp:\/\/www.souffle.asso.fr\/\u00a0\u00bb][\/vc_column_inner][vc_column_inner width=\u00a0\u00bb5\/6&Prime;][vc_column_text css=\u00a0\u00bb\u00a0\u00bb]<\/p>\n<h3><a href=\"https:\/\/souffle-fle.com\/ecoles-adultes\/accord-paris\/\" target=\"_blank\" rel=\"noopener\">SOUFFLE<\/a><\/h3>\n<p>L&rsquo;\u00e9cole ÃÛÌÒ´«Ã½ Paris est membre de\u00a0SOUFFLE, une association professionnelle d\u2019\u00e9coles de qualit\u00e9 enseignant le fran\u00e7ais langue \u00e9trang\u00e8re en France. Les \u00e9coles membres de SOUFFLE s\u2019engagent \u00e0 maintenir une haute qualit\u00e9 pour leurs cours et services. C\u2019est pourquoi toutes les \u00e9coles SOUFFLE de France disposent \u00e9galement de toutes les accr\u00e9ditations fran\u00e7aises requises.[\/vc_column_text][\/vc_column_inner][\/vc_row_inner][vc_separator][vc_row_inner][vc_column_inner width=\u00a0\u00bb1\/6&Prime;][vc_single_image image=\u00a0\u00bb3525&Prime; img_size=\u00a0\u00bbfull\u00a0\u00bb onclick=\u00a0\u00bbcustom_link\u00a0\u00bb img_link_target=\u00a0\u00bb_blank\u00a0\u00bb css=\u00a0\u00bb.vc_custom_1532335020762{margin-top: 20px !important;}\u00a0\u00bb link=\u00a0\u00bbhttp:\/\/www.bildungsurlaub.de\/home.html\u00a0\u00bb][\/vc_column_inner][vc_column_inner width=\u00a0\u00bb5\/6&Prime;][vc_column_text]<\/p>\n<h3>Bildungsurlaub<\/h3>\n<p>Le Bildungsurlaub est un cong\u00e9 d\u2019enseignement subventionn\u00e9 \u00e0 des fins de d\u00e9veloppement personnel et de formation contr\u00f4l\u00e9e par les L\u00e4nder allemands. ÃÛÌÒ´«Ã½ Paris est l\u2019une des \u00e9coles de langue fran\u00e7aise agr\u00e9\u00e9es que les employ\u00e9s allemands peuvent choisir pour leur formation linguistique en fran\u00e7ais en France.<\/p>\n<p>Par cons\u00e9quent, l\u2019\u00e9cole de langue fran\u00e7aise ÃÛÌÒ´«Ã½ est reconnue dans\u00a0les L\u00e4nder allemands suivants: Berlin, Brandenburg, Bremen, Hamburg, Hessen, Mecklenburg-Vorpommern, Niedersachsen, Rheinland-Pfalz&#8230;<br \/>\nToutes les accr\u00e9ditations sont pr\u00e9sent\u00e9es\u00a0ICI[\/vc_column_text][\/vc_column_inner][\/vc_row_inner][vc_separator][vc_row_inner][vc_column_inner width=\u00a0\u00bb1\/6&Prime;][vc_single_image image=\u00a0\u00bb3445&Prime; img_size=\u00a0\u00bbfull\u00a0\u00bb alignment=\u00a0\u00bbcenter\u00a0\u00bb onclick=\u00a0\u00bbcustom_link\u00a0\u00bb img_link_target=\u00a0\u00bb_blank\u00a0\u00bb link=\u00a0\u00bbhttps:\/\/www.csn.se\/\u00a0\u00bb][\/vc_column_inner][vc_column_inner width=\u00a0\u00bb5\/6&Prime;][vc_column_text]<\/p>\n<h3>CSN<\/h3>\n<p>Les cours de fran\u00e7ais ÃÛÌÒ´«Ã½ Paris sont approuv\u00e9s par le Conseil national su\u00e9dois d\u2019aide aux \u00e9tudiants (<a href=\"https:\/\/www.csn.se\/\" target=\"_blank\" rel=\"noopener noreferrer\">CSN<\/a>). Par cons\u00e9quent, les \u00e9tudiants su\u00e9dois souhaitant am\u00e9liorer leur fran\u00e7ais \u00e0 ÃÛÌÒ´«Ã½ Paris sont admissibles \u00e0 l\u2019obtention d\u2019une bourse de cet organisme.[\/vc_column_text][\/vc_column_inner][\/vc_row_inner][vc_separator][vc_row_inner][vc_column_inner width=\u00a0\u00bb1\/6&Prime;][vc_single_image image=\u00a0\u00bb3340&Prime; img_size=\u00a0\u00bbfull\u00a0\u00bb onclick=\u00a0\u00bbcustom_link\u00a0\u00bb img_link_target=\u00a0\u00bb_blank\u00a0\u00bb link=\u00a0\u00bbhttp:\/\/www.europarl.europa.eu\/portal\/en\u00a0\u00bb][\/vc_column_inner][vc_column_inner width=\u00a0\u00bb5\/6&Prime;][vc_column_text]<\/p>\n<h3>Parlement europ\u00e9en<\/h3>\n<p>ÃÛÌÒ´«Ã½ Paris est reconnue comme \u00e9cole de langue partenaire par le Parlement europ\u00e9en pour l\u2019enseignement du fran\u00e7ais langue \u00e9trang\u00e8re aux traducteurs, interpr\u00e8tes et membres du Parlement europ\u00e9en.[\/vc_column_text][\/vc_column_inner][\/vc_row_inner][vc_separator][vc_separator][vc_row_inner][vc_column_inner][vc_column_text]<strong>Gr\u00e2ce aux accr\u00e9ditations obtenues par\u00a0ÃÛÌÒ´«Ã½ Paris, les \u00e9tudiants ont la certitude de suivre un cours de fran\u00e7ais de qualit\u00e9 dans une \u00e9cole offrant \u00e9galement des services de haute qualit\u00e9 et qui correspondent \u00e0 leurs attentes.<\/strong>[\/vc_column_text][\/vc_column_inner][\/vc_row_inner][\/vc_column][\/vc_row][vc_row el_class=\u00a0\u00bbbutton-blocks\u00a0\u00bb][vc_column width=\u00a0\u00bb1\/3&Prime;]<div class=\"RFIbox yellow one-line\">\n\t<div class=\"RFIbox__media\">\n        <a href=\"https:\/\/www.accord-langues.com\/fr\/la-pedagogie-accord\/\" title=\"\" target=\"_blank\"><img decoding=\"async\" width=\"95\" height=\"79\" src=\"https:\/\/www.accord-langues.com\/wp-content\/uploads\/2016\/10\/students-icon.gif\" class=\"img-responsive\" alt=\"\" title=\"students-icon\" \/><\/a>        \t<\/div>\n\n        <div class=\"RFIBox__title\">\n        <a href=\"https:\/\/www.accord-langues.com\/fr\/la-pedagogie-accord\/\" title=\"\" target=\"_blank\">La p\u00e9dagogie ÃÛÌÒ´«Ã½<\/a>    <\/div>\n    \n    \t<div class=\"RFIbox__content\">\n\t\t<a href=\"https:\/\/www.accord-langues.com\/fr\/la-pedagogie-accord\/\" title=\"\" target=\"_blank\"><\/a>\t<\/div>\n    <\/div>[\/vc_column][vc_column width=\u00a0\u00bb1\/3&Prime;]<div class=\"RFIbox yellow one-line\">\n\t<div class=\"RFIbox__media\">\n        <a href=\"https:\/\/www.accord-langues.com\/fr\/nous-contacter\/\" title=\"\" target=\"_blank\"><img decoding=\"async\" width=\"72\" height=\"78\" src=\"https:\/\/www.accord-langues.com\/wp-content\/uploads\/2016\/10\/contact-us-icon.gif\" class=\"img-responsive\" alt=\"\" title=\"contact-us-icon\" \/><\/a>        \t<\/div>\n\n        <div class=\"RFIBox__title\">\n        <a href=\"https:\/\/www.accord-langues.com\/fr\/nous-contacter\/\" title=\"\" target=\"_blank\">Avez-vous une question ?<\/a>    <\/div>\n    \n    \t<div class=\"RFIbox__content\">\n\t\t<a href=\"https:\/\/www.accord-langues.com\/fr\/nous-contacter\/\" title=\"\" target=\"_blank\"><\/a>\t<\/div>\n    <\/div>[\/vc_column][\/vc_row][vc_row full_width=\u00a0\u00bbstretch_row\u00a0\u00bb css=\u00a0\u00bb.vc_custom_1471605768894{padding-top: 20px !important;background-color: #f0f0f0 !important;}\u00a0\u00bb el_id=\u00a0\u00bbhomepage-boxes\u00a0\u00bb][vc_column][vc_row_inner][vc_column_inner width=\u00a0\u00bb1\/3&Prime;]<div class=\"RFIbox green a-man\">\n\t<div class=\"RFIbox__media\">\n        <a href=\"https:\/\/www.accord-langues.com\/fr\/cours-de-francais-pour-adulte-a-paris\/\" title=\"\" target=\"_blank\"><img decoding=\"async\" width=\"500\" height=\"333\" src=\"https:\/\/www.accord-langues.com\/wp-content\/uploads\/2016\/06\/box-adults.jpg\" class=\"img-responsive\" alt=\"\" srcset=\"https:\/\/www.accord-langues.com\/wp-content\/uploads\/2016\/06\/box-adults.jpg 500w, https:\/\/www.accord-langues.com\/wp-content\/uploads\/2016\/06\/box-adults-300x200.jpg 300w\" sizes=\"(max-width: 500px) 100vw, 500px\" title=\"box-adults\" \/><\/a>        \t<\/div>\n\n        <div class=\"RFIBox__title\">\n        <a href=\"https:\/\/www.accord-langues.com\/fr\/cours-de-francais-pour-adulte-a-paris\/\" title=\"\" target=\"_blank\">Cours de fran\u00e7ais pour adultes<\/a>    <\/div>\n    \n    <\/div>[\/vc_column_inner][vc_column_inner width=\u00a0\u00bb1\/3&Prime;]<div class=\"RFIbox pink\">\n\t<div class=\"RFIbox__media\">\n        <a href=\"https:\/\/examensparis.fr\/\" title=\"\" target=\"_blank\"><img decoding=\"async\" width=\"500\" height=\"333\" src=\"https:\/\/www.accord-langues.com\/wp-content\/uploads\/2016\/06\/box-exams.jpg\" class=\"img-responsive\" alt=\"\" srcset=\"https:\/\/www.accord-langues.com\/wp-content\/uploads\/2016\/06\/box-exams.jpg 500w, https:\/\/www.accord-langues.com\/wp-content\/uploads\/2016\/06\/box-exams-300x200.jpg 300w\" sizes=\"(max-width: 500px) 100vw, 500px\" title=\"box-exams\" \/><\/a>        \t<\/div>\n\n        <div class=\"RFIBox__title\">\n        <a href=\"https:\/\/examensparis.fr\/\" title=\"\" target=\"_blank\">Examens de fran\u00e7ais<\/a>    <\/div>\n    \n    <\/div>[\/vc_column_inner][\/vc_row_inner][\/vc_column][\/vc_row]<\/p>\n<\/div>","protected":false},"excerpt":{"rendered":"<p>[vc_row full_width=\u00a0\u00bbstretch_row\u00a0\u00bb content_placement=\u00a0\u00bbmiddle\u00a0\u00bb css=\u00a0\u00bb.vc_custom_1509009556865{background-image: url(https:\/\/www.accord-langues.com\/wp-content\/uploads\/2016\/10\/adult-course.jpg?id=348) !important;background-position: center !important;background-repeat: no-repeat !important;background-size: cover !important;}\u00a0\u00bb el_class=\u00a0\u00bbheader-image\u00a0\u00bb][vc_column width=\u00a0\u00bb2\/3&Prime; offset=\u00a0\u00bbvc_col-sm-offset-2&Prime;][vc_column_text] Accr\u00e9ditations de ÃÛÌÒ´«Ã½ Paris Accr\u00e9ditations de ÃÛÌÒ´«Ã½ Paris, Institut Sup\u00e9rieur Priv\u00e9 membre de Campus France Apprendre le fran\u00e7ais dans une \u00e9cole de fran\u00e7ais de grande qualit\u00e9 Labellisations et accr\u00e9ditations permettant de choisir une bonne \u00e9cole de fran\u00e7ais Les accr\u00e9ditations sont [&hellip;]<\/p>\n","protected":false},"author":10,"featured_media":0,"parent":0,"menu_order":0,"comment_status":"closed","ping_status":"closed","template":"","meta":{"_acf_changed":false,"footnotes":""},"class_list":["post-6291","page","type-page","status-publish","hentry"],"acf":[],"yoast_head":"<!-- This site is optimized with the Yoast SEO Premium plugin v27.4 (Yoast SEO v27.4) - https:\/\/yoast.com\/product\/yoast-seo-premium-wordpress\/ -->\n<title>Labellisations et accr\u00e9ditations de ÃÛÌÒ´«Ã½ Paris - Accord Paris<\/title>\n<meta name=\"description\" content=\"Labellisations et accr\u00e9ditations de ÃÛÌÒ´«Ã½ Paris - Liste des accr\u00e9ditations et des labels obtenus par l\u2019\u00e9cole de fran\u00e7ais ÃÛÌÒ´«Ã½ en France.\" \/>\n<meta name=\"robots\" content=\"index, follow, max-snippet:-1, max-image-preview:large, max-video-preview:-1\" \/>\n<link rel=\"canonical\" href=\"https:\/\/www.accord-langues.com\/fr\/accreditations-ecole-de-francais\/\" \/>\n<meta property=\"og:locale\" content=\"fr_FR\" \/>\n<meta property=\"og:type\" content=\"article\" \/>\n<meta property=\"og:title\" content=\"Labellisations et accr\u00e9ditations de ÃÛÌÒ´«Ã½ Paris\" \/>\n<meta property=\"og:description\" content=\"Labellisations et accr\u00e9ditations de ÃÛÌÒ´«Ã½ Paris - Liste des accr\u00e9ditations et des labels obtenus par l\u2019\u00e9cole de fran\u00e7ais ÃÛÌÒ´«Ã½ en France.\" \/>\n<meta property=\"og:url\" content=\"https:\/\/www.accord-langues.com\/fr\/accreditations-ecole-de-francais\/\" \/>\n<meta property=\"og:site_name\" content=\"Accord Paris\" \/>\n<meta property=\"article:publisher\" content=\"https:\/\/www.facebook.com\/accordecoledelangues\" \/>\n<meta property=\"article:modified_time\" content=\"2025-12-20T09:20:41+00:00\" \/>\n<meta property=\"og:image\" content=\"https:\/\/www.accord-langues.com\/wp-content\/uploads\/2024\/02\/ÃÛÌÒ´«Ã½-French-Language-School-in-Paris-low-res.jpg\" \/>\n\t<meta property=\"og:image:width\" content=\"1200\" \/>\n\t<meta property=\"og:image:height\" content=\"867\" \/>\n\t<meta property=\"og:image:type\" content=\"image\/jpeg\" \/>\n<meta name=\"twitter:card\" content=\"summary_large_image\" \/>\n<meta name=\"twitter:label1\" content=\"Dur\u00e9e de lecture estim\u00e9e\" \/>\n\t<meta name=\"twitter:data1\" content=\"3 minutes\" \/>\n<script type=\"application\/ld+json\" class=\"yoast-schema-graph\">{\"@context\":\"https:\\\/\\\/schema.org\",\"@graph\":[{\"@type\":\"WebPage\",\"@id\":\"https:\\\/\\\/www.accord-langues.com\\\/fr\\\/accreditations-ecole-de-francais\\\/\",\"url\":\"https:\\\/\\\/www.accord-langues.com\\\/fr\\\/accreditations-ecole-de-francais\\\/\",\"name\":\"Labellisations et accr\u00e9ditations de ÃÛÌÒ´«Ã½ Paris - Accord Paris\",\"isPartOf\":{\"@id\":\"https:\\\/\\\/www.accord-langues.com\\\/fr\\\/#website\"},\"datePublished\":\"2017-10-30T11:14:27+00:00\",\"dateModified\":\"2025-12-20T09:20:41+00:00\",\"description\":\"Labellisations et accr\u00e9ditations de ÃÛÌÒ´«Ã½ Paris - Liste des accr\u00e9ditations et des labels obtenus par l\u2019\u00e9cole de fran\u00e7ais ÃÛÌÒ´«Ã½ en France.\",\"inLanguage\":\"fr-FR\",\"potentialAction\":[{\"@type\":\"ReadAction\",\"target\":[\"https:\\\/\\\/www.accord-langues.com\\\/fr\\\/accreditations-ecole-de-francais\\\/\"]}]},{\"@type\":\"WebSite\",\"@id\":\"https:\\\/\\\/www.accord-langues.com\\\/fr\\\/#website\",\"url\":\"https:\\\/\\\/www.accord-langues.com\\\/fr\\\/\",\"name\":\"Accord Paris\",\"description\":\"Learn French in France\",\"publisher\":{\"@id\":\"https:\\\/\\\/www.accord-langues.com\\\/fr\\\/#organization\"},\"potentialAction\":[{\"@type\":\"SearchAction\",\"target\":{\"@type\":\"EntryPoint\",\"urlTemplate\":\"https:\\\/\\\/www.accord-langues.com\\\/fr\\\/?s={search_term_string}\"},\"query-input\":{\"@type\":\"PropertyValueSpecification\",\"valueRequired\":true,\"valueName\":\"search_term_string\"}}],\"inLanguage\":\"fr-FR\"},{\"@type\":\"Organization\",\"@id\":\"https:\\\/\\\/www.accord-langues.com\\\/fr\\\/#organization\",\"name\":\"ÃÛÌÒ´«Ã½ Tour Eiffel\",\"alternateName\":\"Learn French in Paris\",\"url\":\"https:\\\/\\\/www.accord-langues.com\\\/fr\\\/\",\"logo\":{\"@type\":\"ImageObject\",\"inLanguage\":\"fr-FR\",\"@id\":\"https:\\\/\\\/www.accord-langues.com\\\/fr\\\/#\\\/schema\\\/logo\\\/image\\\/\",\"url\":\"https:\\\/\\\/www.accord-langues.com\\\/wp-content\\\/uploads\\\/2016\\\/06\\\/Logo.png\",\"contentUrl\":\"https:\\\/\\\/www.accord-langues.com\\\/wp-content\\\/uploads\\\/2016\\\/06\\\/Logo.png\",\"width\":290,\"height\":70,\"caption\":\"ÃÛÌÒ´«Ã½ Tour Eiffel\"},\"image\":{\"@id\":\"https:\\\/\\\/www.accord-langues.com\\\/fr\\\/#\\\/schema\\\/logo\\\/image\\\/\"},\"sameAs\":[\"https:\\\/\\\/www.facebook.com\\\/accordecoledelangues\",\"https:\\\/\\\/www.linkedin.com\\\/groups\\\/4542133\\\/\"],\"description\":\"ÃÛÌÒ´«Ã½ French Language School is one of the leading schools in France for teaching French to foreign students and offering high quality French language courses in Paris. The ÃÛÌÒ´«Ã½ language school is located in the heart of Paris, nearby the Eiffel Tower. The ÃÛÌÒ´«Ã½ school is open all year round and welcomes students from all over the world from the age of 16 in its French language courses. ÃÛÌÒ´«Ã½ school is accredited by the official \u201cQualit\u00e9 FLE\u201d label and is member of CAMPUS FRANCE, SOUFFLE and Atout France. ÃÛÌÒ´«Ã½ is official exam center for the TCF IRN, TCF TP, TCF Qu\u00e9bec and TCF Canada.\",\"email\":\"info@accord-langues.com\",\"telephone\":\"+33155335233\",\"legalName\":\"FORUM ÃÛÌÒ´«Ã½\",\"foundingDate\":\"1990-02-23\",\"numberOfEmployees\":{\"@type\":\"QuantitativeValue\",\"minValue\":\"11\",\"maxValue\":\"50\"}}]}<\/script>\n<!-- \/ Yoast SEO Premium plugin. -->","yoast_head_json":{"title":"Labellisations et accr\u00e9ditations de ÃÛÌÒ´«Ã½ Paris - Accord Paris","description":"Labellisations et accr\u00e9ditations de ÃÛÌÒ´«Ã½ Paris - Liste des accr\u00e9ditations et des labels obtenus par l\u2019\u00e9cole de fran\u00e7ais ÃÛÌÒ´«Ã½ en France.","robots":{"index":"index","follow":"follow","max-snippet":"max-snippet:-1","max-image-preview":"max-image-preview:large","max-video-preview":"max-video-preview:-1"},"canonical":"https:\/\/www.accord-langues.com\/fr\/accreditations-ecole-de-francais\/","og_locale":"fr_FR","og_type":"article","og_title":"Labellisations et accr\u00e9ditations de ÃÛÌÒ´«Ã½ Paris","og_description":"Labellisations et accr\u00e9ditations de ÃÛÌÒ´«Ã½ Paris - Liste des accr\u00e9ditations et des labels obtenus par l\u2019\u00e9cole de fran\u00e7ais ÃÛÌÒ´«Ã½ en France.","og_url":"https:\/\/www.accord-langues.com\/fr\/accreditations-ecole-de-francais\/","og_site_name":"Accord Paris","article_publisher":"https:\/\/www.facebook.com\/accordecoledelangues","article_modified_time":"2025-12-20T09:20:41+00:00","og_image":[{"width":1200,"height":867,"url":"https:\/\/www.accord-langues.com\/wp-content\/uploads\/2024\/02\/ÃÛÌÒ´«Ã½-French-Language-School-in-Paris-low-res.jpg","type":"image\/jpeg"}],"twitter_card":"summary_large_image","twitter_misc":{"Dur\u00e9e de lecture estim\u00e9e":"3 minutes"},"schema":{"@context":"https:\/\/schema.org","@graph":[{"@type":"WebPage","@id":"https:\/\/www.accord-langues.com\/fr\/accreditations-ecole-de-francais\/","url":"https:\/\/www.accord-langues.com\/fr\/accreditations-ecole-de-francais\/","name":"Labellisations et accr\u00e9ditations de ÃÛÌÒ´«Ã½ Paris - Accord Paris","isPartOf":{"@id":"https:\/\/www.accord-langues.com\/fr\/#website"},"datePublished":"2017-10-30T11:14:27+00:00","dateModified":"2025-12-20T09:20:41+00:00","description":"Labellisations et accr\u00e9ditations de ÃÛÌÒ´«Ã½ Paris - Liste des accr\u00e9ditations et des labels obtenus par l\u2019\u00e9cole de fran\u00e7ais ÃÛÌÒ´«Ã½ en France.","inLanguage":"fr-FR","potentialAction":[{"@type":"ReadAction","target":["https:\/\/www.accord-langues.com\/fr\/accreditations-ecole-de-francais\/"]}]},{"@type":"WebSite","@id":"https:\/\/www.accord-langues.com\/fr\/#website","url":"https:\/\/www.accord-langues.com\/fr\/","name":"Accord Paris","description":"Learn French in France","publisher":{"@id":"https:\/\/www.accord-langues.com\/fr\/#organization"},"potentialAction":[{"@type":"SearchAction","target":{"@type":"EntryPoint","urlTemplate":"https:\/\/www.accord-langues.com\/fr\/?s={search_term_string}"},"query-input":{"@type":"PropertyValueSpecification","valueRequired":true,"valueName":"search_term_string"}}],"inLanguage":"fr-FR"},{"@type":"Organization","@id":"https:\/\/www.accord-langues.com\/fr\/#organization","name":"ÃÛÌÒ´«Ã½ Tour Eiffel","alternateName":"Learn French in Paris","url":"https:\/\/www.accord-langues.com\/fr\/","logo":{"@type":"ImageObject","inLanguage":"fr-FR","@id":"https:\/\/www.accord-langues.com\/fr\/#\/schema\/logo\/image\/","url":"https:\/\/www.accord-langues.com\/wp-content\/uploads\/2016\/06\/Logo.png","contentUrl":"https:\/\/www.accord-langues.com\/wp-content\/uploads\/2016\/06\/Logo.png","width":290,"height":70,"caption":"ÃÛÌÒ´«Ã½ Tour Eiffel"},"image":{"@id":"https:\/\/www.accord-langues.com\/fr\/#\/schema\/logo\/image\/"},"sameAs":["https:\/\/www.facebook.com\/accordecoledelangues","https:\/\/www.linkedin.com\/groups\/4542133\/"],"description":"ÃÛÌÒ´«Ã½ French Language School is one of the leading schools in France for teaching French to foreign students and offering high quality French language courses in Paris. The ÃÛÌÒ´«Ã½ language school is located in the heart of Paris, nearby the Eiffel Tower. The ÃÛÌÒ´«Ã½ school is open all year round and welcomes students from all over the world from the age of 16 in its French language courses. ÃÛÌÒ´«Ã½ school is accredited by the official \u201cQualit\u00e9 FLE\u201d label and is member of CAMPUS FRANCE, SOUFFLE and Atout France. ÃÛÌÒ´«Ã½ is official exam center for the TCF IRN, TCF TP, TCF Qu\u00e9bec and TCF Canada.","email":"info@accord-langues.com","telephone":"+33155335233","legalName":"FORUM ÃÛÌÒ´«Ã½","foundingDate":"1990-02-23","numberOfEmployees":{"@type":"QuantitativeValue","minValue":"11","maxValue":"50"}}]}},"_links":{"self":[{"href":"https:\/\/www.accord-langues.com\/fr\/wp-json\/wp\/v2\/pages\/6291","targetHints":{"allow":["GET"]}}],"collection":[{"href":"https:\/\/www.accord-langues.com\/fr\/wp-json\/wp\/v2\/pages"}],"about":[{"href":"https:\/\/www.accord-langues.com\/fr\/wp-json\/wp\/v2\/types\/page"}],"author":[{"embeddable":true,"href":"https:\/\/www.accord-langues.com\/fr\/wp-json\/wp\/v2\/users\/10"}],"replies":[{"embeddable":true,"href":"https:\/\/www.accord-langues.com\/fr\/wp-json\/wp\/v2\/comments?post=6291"}],"version-history":[{"count":2,"href":"https:\/\/www.accord-langues.com\/fr\/wp-json\/wp\/v2\/pages\/6291\/revisions"}],"predecessor-version":[{"id":25897,"href":"https:\/\/www.accord-langues.com\/fr\/wp-json\/wp\/v2\/pages\/6291\/revisions\/25897"}],"wp:attachment":[{"href":"https:\/\/www.accord-langues.com\/fr\/wp-json\/wp\/v2\/media?parent=6291"}],"curies":[{"name":"wp","href":"https:\/\/api.w.org\/{rel}","templated":true}]}}