  {"id":5568,"date":"2018-12-19T10:25:15","date_gmt":"2018-12-19T10:25:15","guid":{"rendered":"https:\/\/www.accord-langues.com\/how-to-pay-for-your-course\/"},"modified":"2024-12-15T17:03:27","modified_gmt":"2024-12-15T17:03:27","slug":"comment-payer-votre-cours-de-francais","status":"publish","type":"page","link":"https:\/\/www.accord-langues.com\/fr\/comment-payer-votre-cours-de-francais\/","title":{"rendered":"Comment payer votre cours de fran\u00e7ais"},"content":{"rendered":"<div class=\"wpb-content-wrapper\"><p>[vc_row][vc_column][\/vc_column][\/vc_row][vc_row full_width=\u00a0\u00bbstretch_row\u00a0\u00bb content_placement=\u00a0\u00bbmiddle\u00a0\u00bb css=\u00a0\u00bb.vc_custom_1532955110922{background-image: url(https:\/\/www.accord-langues.com\/wp-content\/uploads\/2016\/10\/adult-course.jpg?id=348) !important;background-position: center !important;background-repeat: no-repeat !important;background-size: cover !important;}\u00a0\u00bb el_class=\u00a0\u00bbheader-image\u00a0\u00bb][vc_column width=\u00a0\u00bb2\/3&Prime; offset=\u00a0\u00bbvc_col-sm-offset-2&Prime;][vc_column_text]<\/p>\n<h1 style=\"text-align: center;\">Comment payer votre cours ou votre s\u00e9jour<br \/>\n\u00e0 ÃÛÌÒ´«Ã½ Paris<\/h1>\n<p style=\"text-align: center;\"><strong>R\u00e9servez votre cours de fran\u00e7ais intensif \u00e0 Paris avec ÃÛÌÒ´«Ã½<br \/>\nEtudiez le fran\u00e7ais en France, \u00e0 Paris et appr\u00e9ciez la culture parisienne<br \/>\nSuivez votre cours de fran\u00e7ais \u00e0 ÃÛÌÒ´«Ã½ et parlez comme une parisienne<\/strong><br \/>\n<strong>R\u00e9servez votre cours de fran\u00e7ais \u00e0 ÃÛÌÒ´«Ã½ Paris et vivez comme un parisien<\/strong><\/p>\n<p>[\/vc_column_text][\/vc_column][\/vc_row][vc_row full_width=\u00a0\u00bbstretch_row\u00a0\u00bb][vc_column][vc_column_text css=\u00a0\u00bb\u00a0\u00bb]<\/p>\n<h3 style=\"text-align: center;\"><span style=\"color: #ff6600;\"><strong>Comment payer votre cours ou votre s\u00e9jour ÃÛÌÒ´«Ã½ Paris<\/strong><\/span><\/h3>\n<p>Veuillez prendre connaissance des moyens de paiement \u00e0 votre disposition ci-dessous, puis choisissez celui que vous souhaitez utiliser. Pour toute question au sujet des paiementp, veuillez <a href=\"https:\/\/www.accord-langues.com\/fr\/nous-contacter\/\" target=\"_blank\" rel=\"noopener noreferrer\">nous contacter<\/a>.<\/p>\n<p><span style=\"color: #ff6600;\"><strong>Important :<\/strong><\/span> <strong>Quel que soit votre choix, n\u2019oubliez pas d\u2019indiquer le nom de l\u2019\u00e9tudiant, les dates des cours et le num\u00e9ro de facture de l\u2019\u00e9cole.<\/strong><\/p>\n<h3><span style=\"color: #0000ff;\">Paiement par carte bancaire (cr\u00e9dit ou d\u00e9bit) avec <\/span><span style=\"color: #0000ff;\">notre syst\u00e8me de paiement en ligne s\u00e9curis\u00e9<\/span><\/h3>\n<p>Le moyen le plus simple de vous inscrire \u00e0 nos cours de fran\u00e7ais \u00e0 Paris est de payer sur notre site Web. Nous acceptons toutes les principales cartes de cr\u00e9dit et de d\u00e9bit dans notre syst\u00e8me de paiement en ligne s\u00e9curis\u00e9 (Visa, MasterCard, Eurocard). Cliquez <a href=\"https:\/\/www.accord-langues.com\/fr\/reservation-tout-compris\/\" target=\"_blank\" rel=\"noopener noreferrer\">ICI<\/a>\u00a0pour choisir votre cours et payer en ligne.<\/p>\n<h3><span style=\"color: #0000ff;\">Paiement par virement bancaire<\/span><\/h3>\n<p>Pour les paiements par virement bancaire, veuillez ajouter 10 euros pour couvrir les frais bancaires (50 euros pour les pays hors Europe). Pour vous permettre d\u2019effectuer votre paiement par virement bancaire, ÃÛÌÒ´«Ã½ Paris vous enverra une facture comportant les coordonn\u00e9es bancaires n\u00e9cessaires.<\/p>\n<h3><span style=\"color: #0000ff;\"><span style=\"color: #ff6600;\">Payer votre cours :<\/span> Paiement par<\/span><span style=\"color: #0000ff;\"> TransferMate <\/span><\/h3>\n<p>ÃÛÌÒ´«Ã½ Paris s\u2019est associ\u00e9 \u00e0 TransferMate pour permettre \u00e0 nos \u00e9tudiants et \u00e0 leurs parents de payer leurs frais plus rapidement et \u00e0 moindre co\u00fbt par rapport \u00e0 votre banque.<\/p>\n<p>TransferMate permet aux \u00e9tudiants (ou \u00e0 leurs parents) d\u2019effectuer des paiements internationaux gratuitement, sans frais bancaires internationaux, tout en b\u00e9n\u00e9ficiant de taux de change concurrentiels.<\/p>\n<p>TransferMate est un service gratuit. Vous pouvez vous connecter <strong><a href=\"https:\/\/accordparis.paytostudy.com\/\" target=\"_blank\" rel=\"noopener noreferrer\">ICI<\/a> <\/strong>pour en savoir plus.<\/p>\n<p><strong>Quels sont les avantages ?<\/strong><\/p>\n<ul>\n<li>Un processus de paiement simplifi\u00e9 et s\u00e9curis\u00e9 qui ne prend que 48 heures<\/li>\n<li>Aucun frais d\u2019exp\u00e9dition ou de r\u00e9ception poue les paiements internationaux<\/li>\n<li>Des taux de change concurrentiels<\/li>\n<li><strong>Une assistance \u00e0 la client\u00e8le\u00a0disponible 24 heures sur 24, 7 jours sur 7<\/strong>\u00a0<strong><strong>assur\u00e9e par TransferMate <\/strong><\/strong>(Skype, Live Chat, t\u00e9l\u00e9phone et e-mail)<\/li>\n<li><strong>Suivi des paiements en ligne 24 heures sur 24, 7 jours sur 7<\/strong><\/li>\n<\/ul>\n<p><strong>Comment payer votre cours et comment utiliser TransferMate ?<br \/>\n<\/strong>Payez vos frais avec TransferMate en seulement 4 \u00e9tapes simples.<\/p>\n<p><strong>Etape 1 :<\/strong><br \/>\nCliquez sur le lien TransferMate ÃÛÌÒ´«Ã½ Paris<strong> <a href=\"https:\/\/accordparis.paytostudy.com\/\" target=\"_blank\" rel=\"noopener noreferrer\">ICI<\/a><\/strong><\/p>\n<p>Remplissez le formulaire d\u2019inscription pour chaque \u00e9tudiant. Choisissez entre les moyens de paiement\u00a0par virement bancaire ou par carte bancaire. Cliquez sur OUI, vous \u00eates pr\u00eat(e) \u00e0 payer aujourd\u2019hui, puis s\u00e9lectionnez Effectuer la transaction.<\/p>\n<p><strong>Etape 2 :<\/strong><br \/>\n<strong>\u2028Si vous choisissez le virement bancaire<\/strong>, il vous sera demand\u00e9 de transf\u00e9rer les fonds sur le compte bancaire indiqu\u00e9.<br \/>\n<strong>Si vous choisissez le paiement par carte bancaire<\/strong>, renseignez simplement les informations requises. Veuillez noter qu\u2019il peut s\u2019\u00e9couler jusqu\u2019\u00e0 3 ou 4 jours ouvrables pour que les fonds soient d\u00e9pos\u00e9s sur le compte et le taux de change pourrait \u00eatre moins favorable.<\/p>\n<p><strong>Etape 3 :<\/strong><br \/>\n<strong>Si vous avez choisi le virement bancaire<\/strong>, envoyez un e-mail \u00e0 edu@transfermate.com\u00a0ou t\u00e9l\u00e9chargez sur notre page TransferMate ÃÛÌÒ´«Ã½ Paris, sous \u2018Connexion \u00e9tudiant\u2019, une copie de votre confirmation de paiement bancaire, une copie de votre passeport et la facture envoy\u00e9e par ÃÛÌÒ´«Ã½ Paris.<\/p>\n<p><strong>Si vous avez choisi le paiement par carte bancaire<\/strong>, saisissez simplement les informations de votre carte bancaire, aucun autre document ne vous sera demand\u00e9.<\/p>\n<p><strong>Etape 4 :<\/strong><br \/>\nUne fois que TransferMate recevra votre paiement et les documents requis, il les transf\u00e9rera \u00e0 ÃÛÌÒ´«Ã½ Paris et vous enverra un e-mail de confirmation.<br \/>\nC\u2019est aussi simple que \u00e7a !<\/p>\n<p>Pour plus d&rsquo;informations ou en cas de question, veuillez contacter TransferMate :<br \/>\nE-mail : edu@transfermate.com<br \/>\nT\u00e9l\u00e9phone : +353 (0)1 887 2892<br \/>\nSite Web : <a href=\"http:\/\/www.transfermateeducation.com\" target=\"_blank\" rel=\"noopener noreferrer\">www.transfermateeducation.com<\/a><br \/>\nSkype : International.student.payments<\/p>\n<p>Ou\u00a0<a href=\"https:\/\/www.accord-langues.com\/fr\/nous-contacter\/\" target=\"_blank\" rel=\"noopener noreferrer\">contactez-nous<\/a><\/p>\n<p><strong>Proc\u00e9der au paiement: <a href=\"https:\/\/accordparis.paytostudy.com\/\" target=\"_blank\" rel=\"noopener noreferrer\">ICI<\/a><\/strong>[\/vc_column_text][\/vc_column][\/vc_row]<\/p>\n<\/div>","protected":false},"excerpt":{"rendered":"<p>[vc_row][vc_column][\/vc_column][\/vc_row][vc_row full_width=\u00a0\u00bbstretch_row\u00a0\u00bb content_placement=\u00a0\u00bbmiddle\u00a0\u00bb css=\u00a0\u00bb.vc_custom_1532955110922{background-image: url(https:\/\/www.accord-langues.com\/wp-content\/uploads\/2016\/10\/adult-course.jpg?id=348) !important;background-position: center !important;background-repeat: no-repeat !important;background-size: cover !important;}\u00a0\u00bb el_class=\u00a0\u00bbheader-image\u00a0\u00bb][vc_column width=\u00a0\u00bb2\/3&Prime; offset=\u00a0\u00bbvc_col-sm-offset-2&Prime;][vc_column_text] Comment payer votre cours ou votre s\u00e9jour \u00e0 ÃÛÌÒ´«Ã½ Paris R\u00e9servez votre cours de fran\u00e7ais intensif \u00e0 Paris avec ÃÛÌÒ´«Ã½ Etudiez le fran\u00e7ais en France, \u00e0 Paris et appr\u00e9ciez la culture parisienne Suivez votre cours de fran\u00e7ais \u00e0 ÃÛÌÒ´«Ã½ et [&hellip;]<\/p>\n","protected":false},"author":10,"featured_media":0,"parent":0,"menu_order":0,"comment_status":"closed","ping_status":"closed","template":"","meta":{"_acf_changed":false,"footnotes":""},"class_list":["post-5568","page","type-page","status-publish","hentry"],"acf":[],"yoast_head":"<!-- This site is optimized with the Yoast SEO Premium plugin v27.4 (Yoast SEO v27.4) - https:\/\/yoast.com\/product\/yoast-seo-premium-wordpress\/ -->\n<title>Comment payer votre cours de fran\u00e7ais - Accord Paris<\/title>\n<meta name=\"description\" content=\"Comment payer votre cours \u00e0 ÃÛÌÒ´«Ã½ Paris : r\u00e9servez votre cours de fran\u00e7ais en ligne, puis cliquez ici pour savoir comment payer votre cours \u00e0 ÃÛÌÒ´«Ã½.\" \/>\n<meta name=\"robots\" content=\"index, follow, max-snippet:-1, max-image-preview:large, max-video-preview:-1\" \/>\n<link rel=\"canonical\" href=\"https:\/\/www.accord-langues.com\/fr\/comment-payer-votre-cours-de-francais\/\" \/>\n<meta property=\"og:locale\" content=\"fr_FR\" \/>\n<meta property=\"og:type\" content=\"article\" \/>\n<meta property=\"og:title\" content=\"Comment payer votre cours de fran\u00e7ais\" \/>\n<meta property=\"og:description\" content=\"Comment payer votre cours \u00e0 ÃÛÌÒ´«Ã½ Paris : r\u00e9servez votre cours de fran\u00e7ais en ligne, puis cliquez ici pour savoir comment payer votre cours \u00e0 ÃÛÌÒ´«Ã½.\" \/>\n<meta property=\"og:url\" content=\"https:\/\/www.accord-langues.com\/fr\/comment-payer-votre-cours-de-francais\/\" \/>\n<meta property=\"og:site_name\" content=\"Accord Paris\" \/>\n<meta property=\"article:publisher\" content=\"https:\/\/www.facebook.com\/accordecoledelangues\" \/>\n<meta property=\"article:modified_time\" content=\"2024-12-15T17:03:27+00:00\" \/>\n<meta property=\"og:image\" content=\"https:\/\/www.accord-langues.com\/wp-content\/uploads\/2024\/02\/ÃÛÌÒ´«Ã½-French-Language-School-in-Paris-low-res.jpg\" \/>\n\t<meta property=\"og:image:width\" content=\"1200\" \/>\n\t<meta property=\"og:image:height\" content=\"867\" \/>\n\t<meta property=\"og:image:type\" content=\"image\/jpeg\" \/>\n<meta name=\"twitter:card\" content=\"summary_large_image\" \/>\n<meta name=\"twitter:label1\" content=\"Dur\u00e9e de lecture estim\u00e9e\" \/>\n\t<meta name=\"twitter:data1\" content=\"4 minutes\" \/>\n<script type=\"application\/ld+json\" class=\"yoast-schema-graph\">{\"@context\":\"https:\\\/\\\/schema.org\",\"@graph\":[{\"@type\":\"WebPage\",\"@id\":\"https:\\\/\\\/www.accord-langues.com\\\/fr\\\/comment-payer-votre-cours-de-francais\\\/\",\"url\":\"https:\\\/\\\/www.accord-langues.com\\\/fr\\\/comment-payer-votre-cours-de-francais\\\/\",\"name\":\"Comment payer votre cours de fran\u00e7ais - Accord Paris\",\"isPartOf\":{\"@id\":\"https:\\\/\\\/www.accord-langues.com\\\/fr\\\/#website\"},\"datePublished\":\"2018-12-19T10:25:15+00:00\",\"dateModified\":\"2024-12-15T17:03:27+00:00\",\"description\":\"Comment payer votre cours \u00e0 ÃÛÌÒ´«Ã½ Paris : r\u00e9servez votre cours de fran\u00e7ais en ligne, puis cliquez ici pour savoir comment payer votre cours \u00e0 ÃÛÌÒ´«Ã½.\",\"inLanguage\":\"fr-FR\",\"potentialAction\":[{\"@type\":\"ReadAction\",\"target\":[\"https:\\\/\\\/www.accord-langues.com\\\/fr\\\/comment-payer-votre-cours-de-francais\\\/\"]}]},{\"@type\":\"WebSite\",\"@id\":\"https:\\\/\\\/www.accord-langues.com\\\/fr\\\/#website\",\"url\":\"https:\\\/\\\/www.accord-langues.com\\\/fr\\\/\",\"name\":\"Accord Paris\",\"description\":\"Learn French in France\",\"publisher\":{\"@id\":\"https:\\\/\\\/www.accord-langues.com\\\/fr\\\/#organization\"},\"potentialAction\":[{\"@type\":\"SearchAction\",\"target\":{\"@type\":\"EntryPoint\",\"urlTemplate\":\"https:\\\/\\\/www.accord-langues.com\\\/fr\\\/?s={search_term_string}\"},\"query-input\":{\"@type\":\"PropertyValueSpecification\",\"valueRequired\":true,\"valueName\":\"search_term_string\"}}],\"inLanguage\":\"fr-FR\"},{\"@type\":\"Organization\",\"@id\":\"https:\\\/\\\/www.accord-langues.com\\\/fr\\\/#organization\",\"name\":\"ÃÛÌÒ´«Ã½ Tour Eiffel\",\"alternateName\":\"Learn French in Paris\",\"url\":\"https:\\\/\\\/www.accord-langues.com\\\/fr\\\/\",\"logo\":{\"@type\":\"ImageObject\",\"inLanguage\":\"fr-FR\",\"@id\":\"https:\\\/\\\/www.accord-langues.com\\\/fr\\\/#\\\/schema\\\/logo\\\/image\\\/\",\"url\":\"https:\\\/\\\/www.accord-langues.com\\\/wp-content\\\/uploads\\\/2016\\\/06\\\/Logo.png\",\"contentUrl\":\"https:\\\/\\\/www.accord-langues.com\\\/wp-content\\\/uploads\\\/2016\\\/06\\\/Logo.png\",\"width\":290,\"height\":70,\"caption\":\"ÃÛÌÒ´«Ã½ Tour Eiffel\"},\"image\":{\"@id\":\"https:\\\/\\\/www.accord-langues.com\\\/fr\\\/#\\\/schema\\\/logo\\\/image\\\/\"},\"sameAs\":[\"https:\\\/\\\/www.facebook.com\\\/accordecoledelangues\",\"https:\\\/\\\/www.linkedin.com\\\/groups\\\/4542133\\\/\"],\"description\":\"ÃÛÌÒ´«Ã½ French Language School is one of the leading schools in France for teaching French to foreign students and offering high quality French language courses in Paris. The ÃÛÌÒ´«Ã½ language school is located in the heart of Paris, nearby the Eiffel Tower. The ÃÛÌÒ´«Ã½ school is open all year round and welcomes students from all over the world from the age of 16 in its French language courses. ÃÛÌÒ´«Ã½ school is accredited by the official \u201cQualit\u00e9 FLE\u201d label and is member of CAMPUS FRANCE, SOUFFLE and Atout France. ÃÛÌÒ´«Ã½ is official exam center for the TCF IRN, TCF TP, TCF Qu\u00e9bec and TCF Canada.\",\"email\":\"info@accord-langues.com\",\"telephone\":\"+33155335233\",\"legalName\":\"FORUM ÃÛÌÒ´«Ã½\",\"foundingDate\":\"1990-02-23\",\"numberOfEmployees\":{\"@type\":\"QuantitativeValue\",\"minValue\":\"11\",\"maxValue\":\"50\"}}]}<\/script>\n<!-- \/ Yoast SEO Premium plugin. -->","yoast_head_json":{"title":"Comment payer votre cours de fran\u00e7ais - Accord Paris","description":"Comment payer votre cours \u00e0 ÃÛÌÒ´«Ã½ Paris : r\u00e9servez votre cours de fran\u00e7ais en ligne, puis cliquez ici pour savoir comment payer votre cours \u00e0 ÃÛÌÒ´«Ã½.","robots":{"index":"index","follow":"follow","max-snippet":"max-snippet:-1","max-image-preview":"max-image-preview:large","max-video-preview":"max-video-preview:-1"},"canonical":"https:\/\/www.accord-langues.com\/fr\/comment-payer-votre-cours-de-francais\/","og_locale":"fr_FR","og_type":"article","og_title":"Comment payer votre cours de fran\u00e7ais","og_description":"Comment payer votre cours \u00e0 ÃÛÌÒ´«Ã½ Paris : r\u00e9servez votre cours de fran\u00e7ais en ligne, puis cliquez ici pour savoir comment payer votre cours \u00e0 ÃÛÌÒ´«Ã½.","og_url":"https:\/\/www.accord-langues.com\/fr\/comment-payer-votre-cours-de-francais\/","og_site_name":"Accord Paris","article_publisher":"https:\/\/www.facebook.com\/accordecoledelangues","article_modified_time":"2024-12-15T17:03:27+00:00","og_image":[{"width":1200,"height":867,"url":"https:\/\/www.accord-langues.com\/wp-content\/uploads\/2024\/02\/ÃÛÌÒ´«Ã½-French-Language-School-in-Paris-low-res.jpg","type":"image\/jpeg"}],"twitter_card":"summary_large_image","twitter_misc":{"Dur\u00e9e de lecture estim\u00e9e":"4 minutes"},"schema":{"@context":"https:\/\/schema.org","@graph":[{"@type":"WebPage","@id":"https:\/\/www.accord-langues.com\/fr\/comment-payer-votre-cours-de-francais\/","url":"https:\/\/www.accord-langues.com\/fr\/comment-payer-votre-cours-de-francais\/","name":"Comment payer votre cours de fran\u00e7ais - Accord Paris","isPartOf":{"@id":"https:\/\/www.accord-langues.com\/fr\/#website"},"datePublished":"2018-12-19T10:25:15+00:00","dateModified":"2024-12-15T17:03:27+00:00","description":"Comment payer votre cours \u00e0 ÃÛÌÒ´«Ã½ Paris : r\u00e9servez votre cours de fran\u00e7ais en ligne, puis cliquez ici pour savoir comment payer votre cours \u00e0 ÃÛÌÒ´«Ã½.","inLanguage":"fr-FR","potentialAction":[{"@type":"ReadAction","target":["https:\/\/www.accord-langues.com\/fr\/comment-payer-votre-cours-de-francais\/"]}]},{"@type":"WebSite","@id":"https:\/\/www.accord-langues.com\/fr\/#website","url":"https:\/\/www.accord-langues.com\/fr\/","name":"Accord Paris","description":"Learn French in France","publisher":{"@id":"https:\/\/www.accord-langues.com\/fr\/#organization"},"potentialAction":[{"@type":"SearchAction","target":{"@type":"EntryPoint","urlTemplate":"https:\/\/www.accord-langues.com\/fr\/?s={search_term_string}"},"query-input":{"@type":"PropertyValueSpecification","valueRequired":true,"valueName":"search_term_string"}}],"inLanguage":"fr-FR"},{"@type":"Organization","@id":"https:\/\/www.accord-langues.com\/fr\/#organization","name":"ÃÛÌÒ´«Ã½ Tour Eiffel","alternateName":"Learn French in Paris","url":"https:\/\/www.accord-langues.com\/fr\/","logo":{"@type":"ImageObject","inLanguage":"fr-FR","@id":"https:\/\/www.accord-langues.com\/fr\/#\/schema\/logo\/image\/","url":"https:\/\/www.accord-langues.com\/wp-content\/uploads\/2016\/06\/Logo.png","contentUrl":"https:\/\/www.accord-langues.com\/wp-content\/uploads\/2016\/06\/Logo.png","width":290,"height":70,"caption":"ÃÛÌÒ´«Ã½ Tour Eiffel"},"image":{"@id":"https:\/\/www.accord-langues.com\/fr\/#\/schema\/logo\/image\/"},"sameAs":["https:\/\/www.facebook.com\/accordecoledelangues","https:\/\/www.linkedin.com\/groups\/4542133\/"],"description":"ÃÛÌÒ´«Ã½ French Language School is one of the leading schools in France for teaching French to foreign students and offering high quality French language courses in Paris. The ÃÛÌÒ´«Ã½ language school is located in the heart of Paris, nearby the Eiffel Tower. The ÃÛÌÒ´«Ã½ school is open all year round and welcomes students from all over the world from the age of 16 in its French language courses. ÃÛÌÒ´«Ã½ school is accredited by the official \u201cQualit\u00e9 FLE\u201d label and is member of CAMPUS FRANCE, SOUFFLE and Atout France. ÃÛÌÒ´«Ã½ is official exam center for the TCF IRN, TCF TP, TCF Qu\u00e9bec and TCF Canada.","email":"info@accord-langues.com","telephone":"+33155335233","legalName":"FORUM ÃÛÌÒ´«Ã½","foundingDate":"1990-02-23","numberOfEmployees":{"@type":"QuantitativeValue","minValue":"11","maxValue":"50"}}]}},"_links":{"self":[{"href":"https:\/\/www.accord-langues.com\/fr\/wp-json\/wp\/v2\/pages\/5568","targetHints":{"allow":["GET"]}}],"collection":[{"href":"https:\/\/www.accord-langues.com\/fr\/wp-json\/wp\/v2\/pages"}],"about":[{"href":"https:\/\/www.accord-langues.com\/fr\/wp-json\/wp\/v2\/types\/page"}],"author":[{"embeddable":true,"href":"https:\/\/www.accord-langues.com\/fr\/wp-json\/wp\/v2\/users\/10"}],"replies":[{"embeddable":true,"href":"https:\/\/www.accord-langues.com\/fr\/wp-json\/wp\/v2\/comments?post=5568"}],"version-history":[{"count":0,"href":"https:\/\/www.accord-langues.com\/fr\/wp-json\/wp\/v2\/pages\/5568\/revisions"}],"wp:attachment":[{"href":"https:\/\/www.accord-langues.com\/fr\/wp-json\/wp\/v2\/media?parent=5568"}],"curies":[{"name":"wp","href":"https:\/\/api.w.org\/{rel}","templated":true}]}}