  {"id":5464,"date":"2019-01-18T14:48:37","date_gmt":"2019-01-18T14:48:37","guid":{"rendered":"https:\/\/www.accord-langues.com\/internship-in-paris\/"},"modified":"2023-09-08T09:04:27","modified_gmt":"2023-09-08T08:04:27","slug":"stage-a-paris","status":"publish","type":"page","link":"https:\/\/www.accord-langues.com\/fr\/stage-a-paris\/","title":{"rendered":"Faire un stage \u00e0 Paris &#8211; Faire un stage \u00e0 ÃÛÌÒ´«Ã½"},"content":{"rendered":"<div class=\"wpb-content-wrapper\"><p>[vc_row][vc_column][\/vc_column][\/vc_row][vc_row full_width=\u00a0\u00bbstretch_row\u00a0\u00bb content_placement=\u00a0\u00bbmiddle\u00a0\u00bb css=\u00a0\u00bb.vc_custom_1532955235869{background-image: url(https:\/\/www.accord-langues.com\/wp-content\/uploads\/2016\/10\/adult-course.jpg?id=348) !important;background-position: center !important;background-repeat: no-repeat !important;background-size: cover !important;}\u00a0\u00bb el_class=\u00a0\u00bbheader-image\u00a0\u00bb][vc_column width=\u00a0\u00bb2\/3&Prime; offset=\u00a0\u00bbvc_col-sm-offset-2&Prime;][vc_column_text]<\/p>\n<h1 style=\"text-align: center;\">Faire un stage \u00e0 Paris<\/h1>\n<p style=\"text-align: center;\"><strong>3 programmes de stage \u00e0 Paris propos\u00e9s par ÃÛÌÒ´«Ã½<\/strong><\/p>\n<p>[\/vc_column_text][\/vc_column][\/vc_row][vc_row full_width=\u00a0\u00bbstretch_row\u00a0\u00bb][vc_column][vc_column_text]<\/p>\n<h3><span style=\"color: #ff6600;\"><strong>Stage \u00e0 Paris<\/strong><\/span><br \/>\n<span style=\"color: #ff6600;\"><strong>Stage \u00e0\u00a0l\u2019\u00e9tranger, en France<\/strong><\/span><br \/>\n<span style=\"color: #ff6600;\">Stage \u00e0 ÃÛÌÒ´«Ã½ Paris et \u00e0 ÃÛÌÒ´«Ã½ ISS<\/span><\/h3>\n<p>Faire un stage \u00e0 Paris est un excellent moyen de d\u00e9couvrir la ville de fa\u00e7on personnelle, en prenant le temps n\u00e9cessaire pour en appr\u00e9cier tous les charmes et\u00a0la culture parisienne tout en renfor\u00e7ant votre CV et en acqu\u00e9rant de pr\u00e9cieuses comp\u00e9tences en fran\u00e7ais.<\/p>\n<p>C\u00e9l\u00e8bre pour son histoire riche, sa belle architecture et sa diversit\u00e9 culturelle, Paris est l\u2019une des villes les plus visit\u00e9es au monde. Paris a toujours regorg\u00e9 d\u2019activit\u00e9s artistiques et intellectuelles avec ses 134 mus\u00e9es, 170 th\u00e9\u00e2tres, ses universit\u00e9s de renomm\u00e9e mondiale et ses festivals culturels, qui se d\u00e9roulent toute l\u2019ann\u00e9e.<\/p>\n<p>Bien s\u00fbr, Paris est aussi la capitale de la mode et du design et est reconnue \u00e0 travers le monde pour ses boutiques, ses grands magasins et ses jeunes cr\u00e9ateurs.<\/p>\n<p>Faire un stage \u00e0 Paris \u00e0 l\u2019\u00e9cole de langue ÃÛÌÒ´«Ã½\u00a0vous offre une excellente occasion d\u2019explorer Paris et ses c\u00e9l\u00e8bres lieux touristiques, tout en profitant du style de vie \u00e0 la fran\u00e7aise.<\/p>\n<p>Avec ÃÛÌÒ´«Ã½, vous pouvez \u00e9galement\u00a0d\u00e9couvrir Paris, sa culture et sa civilisation en vous inscrivant au\u00a0Cours de Culture et Civilisation Fran\u00e7aise\u00a0(chaque lundi et vendredi apr\u00e8s-midi).<\/p>\n<p>Le programme de stage \u00e0 Paris s\u2019adresse exclusivement aux lyc\u00e9ens et universitaires \u00e0 partir de 18 ans.[\/vc_column_text][vc_column_text]<\/p>\n<h3>Stage \u00e0 Paris : vivre et travailler \u00e0 Paris !<\/h3>\n<p>Avec ÃÛÌÒ´«Ã½, vous pouvez compl\u00e9ter vos \u00e9tudes de fra\u00e7ais \u00e0 l&rsquo;\u00e9tranger par un stage en dehors de la classe ou \u00e0 temps plein chez ÃÛÌÒ´«Ã½ si vous avez une bonne ma\u00eetrise du fran\u00e7ais. D\u00e9couvrez ci-dessous les 3 programmes de stage que propose ÃÛÌÒ´«Ã½.[\/vc_column_text][vc_column_text]<\/p>\n<h3><span style=\"color: #ff6600;\">Stage \u00e0 Paris : 3 programmes propos\u00e9s par ÃÛÌÒ´«Ã½<\/span><\/h3>\n<p>Avant de postuler et de choisir votre programme de stage \u00e0 Paris, veuillez lire attentivement le d\u00e9tail des 3 programmes propos\u00e9s par ÃÛÌÒ´«Ã½ :<\/p>\n<ol>\n<li>Vous avez une tr\u00e8s bonne ma\u00eetrise du fran\u00e7ais : vous pouvez demander un stage \u00e0 temps plein chez ÃÛÌÒ´«Ã½, au bureau marketing et vente, au bureau des \u00e9tudes ou au bureau des examens. Nous proposons \u00e9galement des stages au service marketing sous la supervision du directeur marketing du groupe ÃÛÌÒ´«Ã½.<\/li>\n<li>Vous avez une bonne ma\u00eetrise du fran\u00e7ais : vous pouvez demander un stage \u00e0 temps partiel chez ÃÛÌÒ´«Ã½, au bureau marketing et vente ou au bureau des examens. Apr\u00e8s un test de votre niveau de fran\u00e7ais, vous suivrez un cours intensif le matin et vous ferez votre stage l\u2019apr\u00e8s-midi, ou inversement, votre cours intensif sera l\u2019apr\u00e8s-midi et votre stage le matin.<\/li>\n<li>Vous avez des notions ou vous d\u00e9butez en fran\u00e7ais : vous devrez suivre un cours de fran\u00e7ais intensif quelques semaines avant le d\u00e9but de votre stage, puis vous pourrez effectuer un stage \u00e0 temps partiel comme d\u00e9crit au point 2 ci-dessus.<\/li>\n<\/ol>\n<h3><span style=\"color: #ff6600;\">Stage \u00e0 Paris : stages propos\u00e9s par Erasmus Place<\/span><\/h3>\n<p>Notre partenaire <strong>Erasmus Place<\/strong> vous propose des stages dans diff\u00e9rents domaines professionnels: r\u00e9dacteur, charg\u00e9 de communication, logistique, digital marketing, serveur, community manager, et bien d&rsquo;autres.<br \/>\nStages \u00e0 d\u00e9couvrir sur le site de notre partenaire, ICI[\/vc_column_text][vc_column_text]<\/p>\n<h3>Stage \u00e0 Paris : investissez dans une exp\u00e9rience professionnelle et personnelle \u00e0 l\u2019\u00e9tranger<\/h3>\n<p>ÃÛÌÒ´«Ã½ propose des programmes de stage \u00e0 temps plein ou \u00e0 temps partiel vous permettant de suivre un cours de fran\u00e7ais.<\/p>\n<p>Effectuer un stage \u00e0 l&rsquo;\u00e9tranger apporte aux \u00e9tudiants la confiance et l\u2019exp\u00e9rience n\u00e9cessaires pour r\u00e9ussir une carri\u00e8re internationale apr\u00e8s leurs \u00e9tudes.<\/p>\n<p>Un stage \u00e0 Paris est un point fort sur un CV, cela vous donne un avantage certain sur un march\u00e9 de l\u2019emploi concurrentiel et vous offre une perspective internationale pr\u00e9cieuse \u2013 une exp\u00e9rience tr\u00e8s recherch\u00e9e par les employeurs.[\/vc_column_text][vc_column_text]<\/p>\n<h3>Stage \u00e0 Paris : d\u00e9veloppez une exp\u00e9rience internationale et pratique<\/h3>\n<p>D\u00e9veloppez vos perspectives de carri\u00e8re gr\u00e2ce \u00e0 une exp\u00e9rience internationale unique dans une entreprise en relation avec plus de 25 pays. Comme vous le savez, les stages \u00e0 l\u2019\u00e9tranger d\u00e9veloppent des comp\u00e9tences essentielles hautement recherch\u00e9es au niveau professionnel.[\/vc_column_text][vc_column_text]<\/p>\n<h3>Stage \u00e0 Paris : les points forts des programmes de stage<\/h3>\n<p>Nos programmes de stage \u00e0 Paris ÃÛÌÒ´«Ã½ pr\u00e9sentent les cinq point forts suivants :<\/p>\n<ol>\n<li>Faites un stage \u00e0 l\u2019\u00e9tranger dans une \u00e9cole de langues connue et reconnue, membre du groupe ALS (Groupe des Ecoles de Langue Accord)<\/li>\n<li>Enrichissez votre CV et d\u00e9marquez-vous aupr\u00e8s des futurs employeurs<\/li>\n<li>Vivez une exp\u00e9rience fantastique dans l&rsquo;une des capitales les plus passionnantes, la ville lumi\u00e8re<\/li>\n<li>Am\u00e9liorez vos comp\u00e9tences en fran\u00e7ais<\/li>\n<li>Faites-vous des amis venant du monde entier\u00a0et cr\u00e9ez un r\u00e9seau professionnel internationnal, car ÃÛÌÒ´«Ã½ a des partenaires et des agents dans plus de 25 pays.<\/li>\n<\/ol>\n<p>[\/vc_column_text][\/vc_column][\/vc_row][vc_row el_class=\u00a0\u00bbbutton-blocks\u00a0\u00bb][vc_column width=\u00a0\u00bb1\/3&Prime; offset=\u00a0\u00bbvc_col-lg-offset-4 vc_col-md-offset-4&Prime;]<div class=\"RFIbox yellow one-line\">\n\t<div class=\"RFIbox__media\">\n        <a href=\"https:\/\/www.accord-langues.com\/contact-us\/\" title=\"\" target=\"\"><img decoding=\"async\" width=\"72\" height=\"78\" src=\"https:\/\/www.accord-langues.com\/wp-content\/uploads\/2016\/10\/contact-us-icon.gif\" class=\"img-responsive\" alt=\"\" title=\"contact-us-icon\" \/><\/a>        \t<\/div>\n\n        <div class=\"RFIBox__title\">\n        <a href=\"https:\/\/www.accord-langues.com\/contact-us\/\" title=\"\" target=\"\">Nous contacter<\/a>    <\/div>\n    \n    \t<div class=\"RFIbox__content\">\n\t\t<a href=\"https:\/\/www.accord-langues.com\/contact-us\/\" title=\"\" target=\"\"><\/a>\t<\/div>\n    <\/div>[\/vc_column][\/vc_row]<\/p>\n<\/div>","protected":false},"excerpt":{"rendered":"<p>[vc_row][vc_column][\/vc_column][\/vc_row][vc_row full_width=\u00a0\u00bbstretch_row\u00a0\u00bb content_placement=\u00a0\u00bbmiddle\u00a0\u00bb css=\u00a0\u00bb.vc_custom_1532955235869{background-image: url(https:\/\/www.accord-langues.com\/wp-content\/uploads\/2016\/10\/adult-course.jpg?id=348) !important;background-position: center !important;background-repeat: no-repeat !important;background-size: cover !important;}\u00a0\u00bb el_class=\u00a0\u00bbheader-image\u00a0\u00bb][vc_column width=\u00a0\u00bb2\/3&Prime; offset=\u00a0\u00bbvc_col-sm-offset-2&Prime;][vc_column_text] Faire un stage \u00e0 Paris 3 programmes de stage \u00e0 Paris propos\u00e9s par ÃÛÌÒ´«Ã½ [\/vc_column_text][\/vc_column][\/vc_row][vc_row full_width=\u00a0\u00bbstretch_row\u00a0\u00bb][vc_column][vc_column_text] Stage \u00e0 Paris Stage \u00e0\u00a0l\u2019\u00e9tranger, en France Stage \u00e0 ÃÛÌÒ´«Ã½ Paris et \u00e0 ÃÛÌÒ´«Ã½ ISS Faire un stage \u00e0 Paris est un excellent moyen [&hellip;]<\/p>\n","protected":false},"author":10,"featured_media":0,"parent":0,"menu_order":0,"comment_status":"closed","ping_status":"closed","template":"","meta":{"_acf_changed":false,"footnotes":""},"class_list":["post-5464","page","type-page","status-publish","hentry"],"acf":[],"yoast_head":"<!-- This site is optimized with the Yoast SEO Premium plugin v27.4 (Yoast SEO v27.4) - https:\/\/yoast.com\/product\/yoast-seo-premium-wordpress\/ -->\n<title>Faire un stage \u00e0 Paris - Faire un stage \u00e0 ÃÛÌÒ´«Ã½ - Accord Paris<\/title>\n<meta name=\"description\" content=\"Stage \u00e0 Paris: faire un stage \u00e0 Paris est un bon moyen de d\u00e9couvrir la capitale tout en prenant le temps pour en appr\u00e9cier les charmes et\u00a0la culture.\" \/>\n<meta name=\"robots\" content=\"index, follow, max-snippet:-1, max-image-preview:large, max-video-preview:-1\" \/>\n<link rel=\"canonical\" href=\"https:\/\/www.accord-langues.com\/fr\/stage-a-paris\/\" \/>\n<meta property=\"og:locale\" content=\"fr_FR\" \/>\n<meta property=\"og:type\" content=\"article\" \/>\n<meta property=\"og:title\" content=\"Faire un stage \u00e0 Paris - Faire un stage \u00e0 ÃÛÌÒ´«Ã½\" \/>\n<meta property=\"og:description\" content=\"Stage \u00e0 Paris: faire un stage \u00e0 Paris est un bon moyen de d\u00e9couvrir la capitale tout en prenant le temps pour en appr\u00e9cier les charmes et\u00a0la culture.\" \/>\n<meta property=\"og:url\" content=\"https:\/\/www.accord-langues.com\/fr\/stage-a-paris\/\" \/>\n<meta property=\"og:site_name\" content=\"Accord Paris\" \/>\n<meta property=\"article:publisher\" content=\"https:\/\/www.facebook.com\/accordecoledelangues\" \/>\n<meta property=\"article:modified_time\" content=\"2023-09-08T08:04:27+00:00\" \/>\n<meta property=\"og:image\" content=\"https:\/\/www.accord-langues.com\/wp-content\/uploads\/2024\/02\/ÃÛÌÒ´«Ã½-French-Language-School-in-Paris-low-res.jpg\" \/>\n\t<meta property=\"og:image:width\" content=\"1200\" \/>\n\t<meta property=\"og:image:height\" content=\"867\" \/>\n\t<meta property=\"og:image:type\" content=\"image\/jpeg\" \/>\n<meta name=\"twitter:card\" content=\"summary_large_image\" \/>\n<meta name=\"twitter:label1\" content=\"Dur\u00e9e de lecture estim\u00e9e\" \/>\n\t<meta name=\"twitter:data1\" content=\"4 minutes\" \/>\n<script type=\"application\/ld+json\" class=\"yoast-schema-graph\">{\"@context\":\"https:\\\/\\\/schema.org\",\"@graph\":[{\"@type\":\"WebPage\",\"@id\":\"https:\\\/\\\/www.accord-langues.com\\\/fr\\\/stage-a-paris\\\/\",\"url\":\"https:\\\/\\\/www.accord-langues.com\\\/fr\\\/stage-a-paris\\\/\",\"name\":\"Faire un stage \u00e0 Paris - Faire un stage \u00e0 ÃÛÌÒ´«Ã½ - Accord Paris\",\"isPartOf\":{\"@id\":\"https:\\\/\\\/www.accord-langues.com\\\/fr\\\/#website\"},\"datePublished\":\"2019-01-18T14:48:37+00:00\",\"dateModified\":\"2023-09-08T08:04:27+00:00\",\"description\":\"Stage \u00e0 Paris: faire un stage \u00e0 Paris est un bon moyen de d\u00e9couvrir la capitale tout en prenant le temps pour en appr\u00e9cier les charmes et\u00a0la culture.\",\"inLanguage\":\"fr-FR\",\"potentialAction\":[{\"@type\":\"ReadAction\",\"target\":[\"https:\\\/\\\/www.accord-langues.com\\\/fr\\\/stage-a-paris\\\/\"]}]},{\"@type\":\"WebSite\",\"@id\":\"https:\\\/\\\/www.accord-langues.com\\\/fr\\\/#website\",\"url\":\"https:\\\/\\\/www.accord-langues.com\\\/fr\\\/\",\"name\":\"Accord Paris\",\"description\":\"Learn French in France\",\"publisher\":{\"@id\":\"https:\\\/\\\/www.accord-langues.com\\\/fr\\\/#organization\"},\"potentialAction\":[{\"@type\":\"SearchAction\",\"target\":{\"@type\":\"EntryPoint\",\"urlTemplate\":\"https:\\\/\\\/www.accord-langues.com\\\/fr\\\/?s={search_term_string}\"},\"query-input\":{\"@type\":\"PropertyValueSpecification\",\"valueRequired\":true,\"valueName\":\"search_term_string\"}}],\"inLanguage\":\"fr-FR\"},{\"@type\":\"Organization\",\"@id\":\"https:\\\/\\\/www.accord-langues.com\\\/fr\\\/#organization\",\"name\":\"ÃÛÌÒ´«Ã½ Tour Eiffel\",\"alternateName\":\"Learn French in Paris\",\"url\":\"https:\\\/\\\/www.accord-langues.com\\\/fr\\\/\",\"logo\":{\"@type\":\"ImageObject\",\"inLanguage\":\"fr-FR\",\"@id\":\"https:\\\/\\\/www.accord-langues.com\\\/fr\\\/#\\\/schema\\\/logo\\\/image\\\/\",\"url\":\"https:\\\/\\\/www.accord-langues.com\\\/wp-content\\\/uploads\\\/2016\\\/06\\\/Logo.png\",\"contentUrl\":\"https:\\\/\\\/www.accord-langues.com\\\/wp-content\\\/uploads\\\/2016\\\/06\\\/Logo.png\",\"width\":290,\"height\":70,\"caption\":\"ÃÛÌÒ´«Ã½ Tour Eiffel\"},\"image\":{\"@id\":\"https:\\\/\\\/www.accord-langues.com\\\/fr\\\/#\\\/schema\\\/logo\\\/image\\\/\"},\"sameAs\":[\"https:\\\/\\\/www.facebook.com\\\/accordecoledelangues\",\"https:\\\/\\\/www.linkedin.com\\\/groups\\\/4542133\\\/\"],\"description\":\"ÃÛÌÒ´«Ã½ French Language School is one of the leading schools in France for teaching French to foreign students and offering high quality French language courses in Paris. The ÃÛÌÒ´«Ã½ language school is located in the heart of Paris, nearby the Eiffel Tower. The ÃÛÌÒ´«Ã½ school is open all year round and welcomes students from all over the world from the age of 16 in its French language courses. ÃÛÌÒ´«Ã½ school is accredited by the official \u201cQualit\u00e9 FLE\u201d label and is member of CAMPUS FRANCE, SOUFFLE and Atout France. ÃÛÌÒ´«Ã½ is official exam center for the TCF IRN, TCF TP, TCF Qu\u00e9bec and TCF Canada.\",\"email\":\"info@accord-langues.com\",\"telephone\":\"+33155335233\",\"legalName\":\"FORUM ÃÛÌÒ´«Ã½\",\"foundingDate\":\"1990-02-23\",\"numberOfEmployees\":{\"@type\":\"QuantitativeValue\",\"minValue\":\"11\",\"maxValue\":\"50\"}}]}<\/script>\n<!-- \/ Yoast SEO Premium plugin. -->","yoast_head_json":{"title":"Faire un stage \u00e0 Paris - Faire un stage \u00e0 ÃÛÌÒ´«Ã½ - Accord Paris","description":"Stage \u00e0 Paris: faire un stage \u00e0 Paris est un bon moyen de d\u00e9couvrir la capitale tout en prenant le temps pour en appr\u00e9cier les charmes et\u00a0la culture.","robots":{"index":"index","follow":"follow","max-snippet":"max-snippet:-1","max-image-preview":"max-image-preview:large","max-video-preview":"max-video-preview:-1"},"canonical":"https:\/\/www.accord-langues.com\/fr\/stage-a-paris\/","og_locale":"fr_FR","og_type":"article","og_title":"Faire un stage \u00e0 Paris - Faire un stage \u00e0 ÃÛÌÒ´«Ã½","og_description":"Stage \u00e0 Paris: faire un stage \u00e0 Paris est un bon moyen de d\u00e9couvrir la capitale tout en prenant le temps pour en appr\u00e9cier les charmes et\u00a0la culture.","og_url":"https:\/\/www.accord-langues.com\/fr\/stage-a-paris\/","og_site_name":"Accord Paris","article_publisher":"https:\/\/www.facebook.com\/accordecoledelangues","article_modified_time":"2023-09-08T08:04:27+00:00","og_image":[{"width":1200,"height":867,"url":"https:\/\/www.accord-langues.com\/wp-content\/uploads\/2024\/02\/ÃÛÌÒ´«Ã½-French-Language-School-in-Paris-low-res.jpg","type":"image\/jpeg"}],"twitter_card":"summary_large_image","twitter_misc":{"Dur\u00e9e de lecture estim\u00e9e":"4 minutes"},"schema":{"@context":"https:\/\/schema.org","@graph":[{"@type":"WebPage","@id":"https:\/\/www.accord-langues.com\/fr\/stage-a-paris\/","url":"https:\/\/www.accord-langues.com\/fr\/stage-a-paris\/","name":"Faire un stage \u00e0 Paris - Faire un stage \u00e0 ÃÛÌÒ´«Ã½ - Accord Paris","isPartOf":{"@id":"https:\/\/www.accord-langues.com\/fr\/#website"},"datePublished":"2019-01-18T14:48:37+00:00","dateModified":"2023-09-08T08:04:27+00:00","description":"Stage \u00e0 Paris: faire un stage \u00e0 Paris est un bon moyen de d\u00e9couvrir la capitale tout en prenant le temps pour en appr\u00e9cier les charmes et\u00a0la culture.","inLanguage":"fr-FR","potentialAction":[{"@type":"ReadAction","target":["https:\/\/www.accord-langues.com\/fr\/stage-a-paris\/"]}]},{"@type":"WebSite","@id":"https:\/\/www.accord-langues.com\/fr\/#website","url":"https:\/\/www.accord-langues.com\/fr\/","name":"Accord Paris","description":"Learn French in France","publisher":{"@id":"https:\/\/www.accord-langues.com\/fr\/#organization"},"potentialAction":[{"@type":"SearchAction","target":{"@type":"EntryPoint","urlTemplate":"https:\/\/www.accord-langues.com\/fr\/?s={search_term_string}"},"query-input":{"@type":"PropertyValueSpecification","valueRequired":true,"valueName":"search_term_string"}}],"inLanguage":"fr-FR"},{"@type":"Organization","@id":"https:\/\/www.accord-langues.com\/fr\/#organization","name":"ÃÛÌÒ´«Ã½ Tour Eiffel","alternateName":"Learn French in Paris","url":"https:\/\/www.accord-langues.com\/fr\/","logo":{"@type":"ImageObject","inLanguage":"fr-FR","@id":"https:\/\/www.accord-langues.com\/fr\/#\/schema\/logo\/image\/","url":"https:\/\/www.accord-langues.com\/wp-content\/uploads\/2016\/06\/Logo.png","contentUrl":"https:\/\/www.accord-langues.com\/wp-content\/uploads\/2016\/06\/Logo.png","width":290,"height":70,"caption":"ÃÛÌÒ´«Ã½ Tour Eiffel"},"image":{"@id":"https:\/\/www.accord-langues.com\/fr\/#\/schema\/logo\/image\/"},"sameAs":["https:\/\/www.facebook.com\/accordecoledelangues","https:\/\/www.linkedin.com\/groups\/4542133\/"],"description":"ÃÛÌÒ´«Ã½ French Language School is one of the leading schools in France for teaching French to foreign students and offering high quality French language courses in Paris. The ÃÛÌÒ´«Ã½ language school is located in the heart of Paris, nearby the Eiffel Tower. The ÃÛÌÒ´«Ã½ school is open all year round and welcomes students from all over the world from the age of 16 in its French language courses. ÃÛÌÒ´«Ã½ school is accredited by the official \u201cQualit\u00e9 FLE\u201d label and is member of CAMPUS FRANCE, SOUFFLE and Atout France. ÃÛÌÒ´«Ã½ is official exam center for the TCF IRN, TCF TP, TCF Qu\u00e9bec and TCF Canada.","email":"info@accord-langues.com","telephone":"+33155335233","legalName":"FORUM ÃÛÌÒ´«Ã½","foundingDate":"1990-02-23","numberOfEmployees":{"@type":"QuantitativeValue","minValue":"11","maxValue":"50"}}]}},"_links":{"self":[{"href":"https:\/\/www.accord-langues.com\/fr\/wp-json\/wp\/v2\/pages\/5464","targetHints":{"allow":["GET"]}}],"collection":[{"href":"https:\/\/www.accord-langues.com\/fr\/wp-json\/wp\/v2\/pages"}],"about":[{"href":"https:\/\/www.accord-langues.com\/fr\/wp-json\/wp\/v2\/types\/page"}],"author":[{"embeddable":true,"href":"https:\/\/www.accord-langues.com\/fr\/wp-json\/wp\/v2\/users\/10"}],"replies":[{"embeddable":true,"href":"https:\/\/www.accord-langues.com\/fr\/wp-json\/wp\/v2\/comments?post=5464"}],"version-history":[{"count":0,"href":"https:\/\/www.accord-langues.com\/fr\/wp-json\/wp\/v2\/pages\/5464\/revisions"}],"wp:attachment":[{"href":"https:\/\/www.accord-langues.com\/fr\/wp-json\/wp\/v2\/media?parent=5464"}],"curies":[{"name":"wp","href":"https:\/\/api.w.org\/{rel}","templated":true}]}}