  {"id":5628,"date":"2018-01-15T10:59:13","date_gmt":"2018-01-15T10:59:13","guid":{"rendered":"https:\/\/www.accord-langues.com\/french-certificates-and-french-exams\/"},"modified":"2021-12-19T16:03:47","modified_gmt":"2021-12-19T16:03:47","slug":"examenes-de-frances","status":"publish","type":"page","link":"https:\/\/www.accord-langues.com\/es\/examenes-de-frances\/","title":{"rendered":"Ex\u00e1menes de franc\u00e9s"},"content":{"rendered":"<div class=\"wpb-content-wrapper\"><p>[vc_row full_width=\u00bbstretch_row\u00bb content_placement=\u00bbmiddle\u00bb css=\u00bb.vc_custom_1509009556865{background-image: url(https:\/\/www.accord-langues.com\/wp-content\/uploads\/2016\/10\/adult-course.jpg?id=348) !important;background-position: center !important;background-repeat: no-repeat !important;background-size: cover !important;}\u00bb el_class=\u00bbheader-image\u00bb][vc_column width=\u00bb2\/3&#8243; offset=\u00bbvc_col-sm-offset-2&#8243;][vc_column_text]<\/p>\n<h1><span data-sheets-value=\"{&quot;1&quot;:2,&quot;2&quot;:&quot;Ex\u00e1menes y certificados de franc\u00e9s&quot;}\" data-sheets-userformat=\"{&quot;2&quot;:14399,&quot;3&quot;:{&quot;1&quot;:0,&quot;3&quot;:1},&quot;4&quot;:{&quot;1&quot;:2,&quot;2&quot;:10937270},&quot;5&quot;:{&quot;1&quot;:[{&quot;1&quot;:2,&quot;2&quot;:0,&quot;5&quot;:{&quot;1&quot;:0}},{&quot;1&quot;:0,&quot;2&quot;:0,&quot;3&quot;:3},{&quot;1&quot;:1,&quot;2&quot;:0,&quot;4&quot;:1}]},&quot;6&quot;:{&quot;1&quot;:[{&quot;1&quot;:2,&quot;2&quot;:0,&quot;5&quot;:{&quot;1&quot;:0}},{&quot;1&quot;:0,&quot;2&quot;:0,&quot;3&quot;:3},{&quot;1&quot;:1,&quot;2&quot;:0,&quot;4&quot;:1}]},&quot;7&quot;:{&quot;1&quot;:[{&quot;1&quot;:2,&quot;2&quot;:0,&quot;5&quot;:{&quot;1&quot;:0}},{&quot;1&quot;:0,&quot;2&quot;:0,&quot;3&quot;:3},{&quot;1&quot;:1,&quot;2&quot;:0,&quot;4&quot;:1}]},&quot;8&quot;:{&quot;1&quot;:[{&quot;1&quot;:2,&quot;2&quot;:0,&quot;5&quot;:{&quot;1&quot;:0}},{&quot;1&quot;:0,&quot;2&quot;:0,&quot;3&quot;:3},{&quot;1&quot;:1,&quot;2&quot;:0,&quot;4&quot;:1}]},&quot;14&quot;:{&quot;1&quot;:3,&quot;3&quot;:1},&quot;15&quot;:&quot;Arial&quot;,&quot;16&quot;:10}\">Ex\u00e1menes y certificados de franc\u00e9s<\/span><\/h1>\n<p><strong>Ex\u00e1menes de franc\u00e9s: ÃÛÌÒ´«Ã½ es un centro examinador<\/strong><br \/>\n<strong>Amplia selecci\u00f3n de cursos para preparar sus certificados y ex\u00e1menes de franc\u00e9s<\/strong><br \/>\n<strong>Obtenga su \u00abDipl\u00f4me de langue et culture fran\u00e7aises\u00bb en ÃÛÌÒ´«Ã½ Paris<\/strong><br \/>\n<strong>Prepare el TCF, TCF IRN, DELF y DALF en ÃÛÌÒ´«Ã½ Paris<\/strong>[\/vc_column_text][\/vc_column][\/vc_row][vc_row][vc_column][vc_column_text]<\/p>\n<h2 style=\"text-align: center;\"><span style=\"color: #ff6600;\">Certificados y ex\u00e1menes de franc\u00e9s<\/span><\/h2>\n<p>[\/vc_column_text][\/vc_column][\/vc_row][vc_row full_width=\u00bbstretch_row\u00bb css=\u00bb.vc_custom_1509364080525{padding-bottom: 40px !important;}\u00bb][vc_column][vc_row_inner][vc_column_inner][vc_column_text]<b>ÃÛÌÒ´«Ã½ Paris es <a href=\"https:\/\/examensparis.fr\/\" target=\"_blank\" rel=\"noopener noreferrer\">un centro examinador<\/a> para los siguientes certificados y ex\u00e1menes de franc\u00e9s: TCF, TCF IRN, TCF Quebec y TCF Canada.<\/b><\/p>\n<p><b>ÃÛÌÒ´«Ã½ es tambi\u00e9n <a href=\"https:\/\/examensparis.fr\/\" target=\"_blank\" rel=\"noopener noreferrer\">el centro examinador<\/a> para el Dipl\u00f4me de langue et culture fran\u00e7aises.<\/b><\/p>\n<p>En ÃÛÌÒ´«Ã½ puede seleccionar cualquiera de <a href=\"https:\/\/www.accord-langues.com\/es\/cursos-de-frances-para-adultos\/\" target=\"_blank\" rel=\"noopener noreferrer\">nuestros cursos intensivos o semiintensivos<\/a> para preparar estos ex\u00e1menes.<\/p>\n<p><b>En ÃÛÌÒ´«Ã½ es muy f\u00e1cil inscribirse para conseguir uno de estos certificados y ex\u00e1menes de franc\u00e9s:<\/b><\/p>\n<ul class=\"ticks\">\n<li>Rellene el siguiente formulario de reserva propuesto del examen seleccionado <a href=\"https:\/\/examensparis.fr\/\" target=\"_blank\" rel=\"noopener\">(descargar aqui)<\/a> y env\u00edelo por correo electr\u00f3nico<\/li>\n<li>Cuando recibamos su formulario de reserva (debidamente cumplimentado) le enviaremos por correo electr\u00f3nico un enlace de pago seguro. Compruebe siempre su carpeta de correo no deseado, ya que algunos proveedores de correo electr\u00f3nico consideran los enlaces de un correo electr\u00f3nico como un posible spam.<\/li>\n<li>A la recepci\u00f3n de su pago se le enviar\u00e1 una confirmaci\u00f3n de reserva por correo electr\u00f3nico y una semana antes de la fecha del examen recibir\u00e1 por correo postal su \u00abconvocation officielle\u00bb (convocatoria oficial), que deber\u00e1 llevar consigo junto con su pasaporte la fecha del examen. En este documento se le informar\u00e1 del horario del examen.<\/li>\n<li><span style=\"color: #ff0000;\"><strong>IMPORTANTE<\/strong><\/span> \u2013 Lea lo siguiente:<br \/>\nSi quiere inscribirse en la escuela o si viene a la escuela para pedir informaci\u00f3n sobre los ex\u00e1menes, tenga en cuenta que <strong>la oficina de ex\u00e1menes est\u00e1 abierta en el siguiente horario: martes, mi\u00e9rcoles y jueves por la tarde, de 14:30 a 17:00 horas.<br \/>\n<\/strong>Si desea llamar a la escuela para obtener m\u00e1s informaci\u00f3n sobre los ex\u00e1menes, tenga en cuenta que <strong><span style=\"color: #ff6600;\">la oficina de ex\u00e1menes contestar\u00e1 su llamada telef\u00f3nica los martes, mi\u00e9rcoles y jueves por la tarde, entre las 14:30 y las 17:00 horas.<br \/>\n<\/span>Tenga en cuenta que fuera de estos horarios y d\u00edas, el personal de ÃÛÌÒ´«Ã½ en la recepci\u00f3n no podr\u00e1 responder a sus preguntas ni le recibir\u00e1 para concertar una reserva para uno de los ex\u00e1menes.<\/strong><\/li>\n<\/ul>\n<p>[\/vc_column_text][vc_separator][\/vc_column_inner][\/vc_row_inner][vc_row_inner el_id=\u00bbDiplome\u00bb][vc_column_inner][vc_column_text]<\/p>\n<h3 style=\"text-align: center;\"><span style=\"color: #ff6600;\">\u00abDipl\u00f4me de langue et culture fran\u00e7aises\u00bb<\/span><\/h3>\n<p>[\/vc_column_text][\/vc_column_inner][vc_column_inner width=\u00bb1\/2&#8243;][vc_column_text]Al final del curso, los estudiantes de ÃÛÌÒ´«Ã½ pueden realizar el examen para obtener el diploma oficial \u00abDipl\u00f4me de langue et culture fran\u00e7aises\u00bb reconocido por la Acad\u00e9mie de Paris, por solo 50 euros.<\/p>\n<p>Los estudiantes que no siguen un curso en ÃÛÌÒ´«Ã½ tambi\u00e9n pueden realizar este examen por un precio de 100 euros.<\/p>\n<p>Se puede ver una muestra del diploma <a href=\"https:\/\/www.accord-langues.com\/wp-content\/uploads\/2017\/02\/ÃÛÌÒ´«Ã½-Paris-Diploma-sample.pdf\" target=\"_blank\" rel=\"noopener noreferrer\">AQU\u00cd<\/a><\/p>\n<p><a href=\"https:\/\/www.accord-langues.com\/es\/contactar-con-accord-paris\/\" target=\"_blank\" rel=\"noopener noreferrer\">Contactar con ÃÛÌÒ´«Ã½ Paris<\/a>[\/vc_column_text][\/vc_column_inner][vc_column_inner width=\u00bb1\/2&#8243;][vc_column_text]Para inscribirse en el examen, p\u00f3ngase en <a href=\"https:\/\/www.accord-langues.com\/es\/contactar-con-accord-paris\/\" target=\"_blank\" rel=\"noopener noreferrer\">contacto con nosotros<\/a> por correo electr\u00f3nico en booking@accord-langues.com[\/vc_column_text][\/vc_column_inner][\/vc_row_inner][\/vc_column][\/vc_row][vc_row full_width=\u00bbstretch_row\u00bb css=\u00bb.vc_custom_1471605768894{padding-top: 20px !important;background-color: #f0f0f0 !important;}\u00bb el_id=\u00bbhomepage-boxes\u00bb][vc_column][vc_row_inner][vc_column_inner width=\u00bb1\/3&#8243;]<div class=\"RFIbox pink\">\n\t<div class=\"RFIbox__media\">\n        <a href=\"https:\/\/examensparis.fr\/\" title=\"\" target=\"_blank\"><img decoding=\"async\" width=\"500\" height=\"333\" src=\"https:\/\/www.accord-langues.com\/wp-content\/uploads\/2016\/06\/box-exams.jpg\" class=\"img-responsive\" alt=\"\" srcset=\"https:\/\/www.accord-langues.com\/wp-content\/uploads\/2016\/06\/box-exams.jpg 500w, https:\/\/www.accord-langues.com\/wp-content\/uploads\/2016\/06\/box-exams-300x200.jpg 300w\" sizes=\"(max-width: 500px) 100vw, 500px\" title=\"box-exams\" \/><\/a>        \t<\/div>\n\n        <div class=\"RFIBox__title\">\n        <a href=\"https:\/\/examensparis.fr\/\" title=\"\" target=\"_blank\">Ex\u00e1menes<\/a>    <\/div>\n    \n    <\/div>[\/vc_column_inner][\/vc_row_inner][\/vc_column][\/vc_row]<\/p>\n<\/div>","protected":false},"excerpt":{"rendered":"<p>[vc_row full_width=\u00bbstretch_row\u00bb content_placement=\u00bbmiddle\u00bb css=\u00bb.vc_custom_1509009556865{background-image: url(https:\/\/www.accord-langues.com\/wp-content\/uploads\/2016\/10\/adult-course.jpg?id=348) !important;background-position: center !important;background-repeat: no-repeat !important;background-size: cover !important;}\u00bb el_class=\u00bbheader-image\u00bb][vc_column width=\u00bb2\/3&#8243; offset=\u00bbvc_col-sm-offset-2&#8243;][vc_column_text] Ex\u00e1menes y certificados de franc\u00e9s Ex\u00e1menes de franc\u00e9s: ÃÛÌÒ´«Ã½ es un centro examinador Amplia selecci\u00f3n de cursos para preparar sus certificados y ex\u00e1menes de franc\u00e9s Obtenga su \u00abDipl\u00f4me de langue et culture fran\u00e7aises\u00bb en ÃÛÌÒ´«Ã½ Paris Prepare el TCF, TCF [&hellip;]<\/p>\n","protected":false},"author":10,"featured_media":0,"parent":0,"menu_order":0,"comment_status":"closed","ping_status":"closed","template":"","meta":{"_acf_changed":false,"footnotes":""},"class_list":["post-5628","page","type-page","status-publish","hentry"],"acf":[],"yoast_head":"<!-- This site is optimized with the Yoast SEO Premium plugin v27.4 (Yoast SEO v27.4) - https:\/\/yoast.com\/product\/yoast-seo-premium-wordpress\/ -->\n<title>Ex\u00e1menes Y Certificados De Franc\u00e9s | Accord Paris<\/title>\n<meta name=\"description\" content=\"Prep\u00e1rese para sus ex\u00e1menes y certificados de franc\u00e9s en una escuela de idiomas en Par\u00eds en Francia. Cursos de calidad. Escuela acreditada.\" \/>\n<meta name=\"robots\" content=\"index, follow, max-snippet:-1, max-image-preview:large, max-video-preview:-1\" \/>\n<link rel=\"canonical\" href=\"https:\/\/www.accord-langues.com\/es\/examenes-de-frances\/\" \/>\n<meta property=\"og:locale\" content=\"es_ES\" \/>\n<meta property=\"og:type\" content=\"article\" \/>\n<meta property=\"og:title\" content=\"Ex\u00e1menes de franc\u00e9s\" \/>\n<meta property=\"og:description\" content=\"Prep\u00e1rese para sus ex\u00e1menes y certificados de franc\u00e9s en una escuela de idiomas en Par\u00eds en Francia. Cursos de calidad. Escuela acreditada.\" \/>\n<meta property=\"og:url\" content=\"https:\/\/www.accord-langues.com\/es\/examenes-de-frances\/\" \/>\n<meta property=\"og:site_name\" content=\"Accord Paris\" \/>\n<meta property=\"article:publisher\" content=\"https:\/\/www.facebook.com\/accordecoledelangues\" \/>\n<meta property=\"article:modified_time\" content=\"2021-12-19T16:03:47+00:00\" \/>\n<meta property=\"og:image\" content=\"https:\/\/www.accord-langues.com\/wp-content\/uploads\/2024\/02\/ÃÛÌÒ´«Ã½-French-Language-School-in-Paris-low-res.jpg\" \/>\n\t<meta property=\"og:image:width\" content=\"1200\" \/>\n\t<meta property=\"og:image:height\" content=\"867\" \/>\n\t<meta property=\"og:image:type\" content=\"image\/jpeg\" \/>\n<meta name=\"twitter:card\" content=\"summary_large_image\" \/>\n<meta name=\"twitter:label1\" content=\"Tiempo de lectura\" \/>\n\t<meta name=\"twitter:data1\" content=\"3 minutos\" \/>\n<script type=\"application\/ld+json\" class=\"yoast-schema-graph\">{\"@context\":\"https:\\\/\\\/schema.org\",\"@graph\":[{\"@type\":\"WebPage\",\"@id\":\"https:\\\/\\\/www.accord-langues.com\\\/es\\\/examenes-de-frances\\\/\",\"url\":\"https:\\\/\\\/www.accord-langues.com\\\/es\\\/examenes-de-frances\\\/\",\"name\":\"Ex\u00e1menes Y Certificados De Franc\u00e9s | Accord Paris\",\"isPartOf\":{\"@id\":\"https:\\\/\\\/www.accord-langues.com\\\/es\\\/#website\"},\"datePublished\":\"2018-01-15T10:59:13+00:00\",\"dateModified\":\"2021-12-19T16:03:47+00:00\",\"description\":\"Prep\u00e1rese para sus ex\u00e1menes y certificados de franc\u00e9s en una escuela de idiomas en Par\u00eds en Francia. Cursos de calidad. Escuela acreditada.\",\"inLanguage\":\"es\",\"potentialAction\":[{\"@type\":\"ReadAction\",\"target\":[\"https:\\\/\\\/www.accord-langues.com\\\/es\\\/examenes-de-frances\\\/\"]}]},{\"@type\":\"WebSite\",\"@id\":\"https:\\\/\\\/www.accord-langues.com\\\/es\\\/#website\",\"url\":\"https:\\\/\\\/www.accord-langues.com\\\/es\\\/\",\"name\":\"Accord Paris\",\"description\":\"Learn French in France\",\"publisher\":{\"@id\":\"https:\\\/\\\/www.accord-langues.com\\\/es\\\/#organization\"},\"potentialAction\":[{\"@type\":\"SearchAction\",\"target\":{\"@type\":\"EntryPoint\",\"urlTemplate\":\"https:\\\/\\\/www.accord-langues.com\\\/es\\\/?s={search_term_string}\"},\"query-input\":{\"@type\":\"PropertyValueSpecification\",\"valueRequired\":true,\"valueName\":\"search_term_string\"}}],\"inLanguage\":\"es\"},{\"@type\":\"Organization\",\"@id\":\"https:\\\/\\\/www.accord-langues.com\\\/es\\\/#organization\",\"name\":\"ÃÛÌÒ´«Ã½ Tour Eiffel\",\"alternateName\":\"Learn French in Paris\",\"url\":\"https:\\\/\\\/www.accord-langues.com\\\/es\\\/\",\"logo\":{\"@type\":\"ImageObject\",\"inLanguage\":\"es\",\"@id\":\"https:\\\/\\\/www.accord-langues.com\\\/es\\\/#\\\/schema\\\/logo\\\/image\\\/\",\"url\":\"https:\\\/\\\/www.accord-langues.com\\\/wp-content\\\/uploads\\\/2016\\\/06\\\/Logo.png\",\"contentUrl\":\"https:\\\/\\\/www.accord-langues.com\\\/wp-content\\\/uploads\\\/2016\\\/06\\\/Logo.png\",\"width\":290,\"height\":70,\"caption\":\"ÃÛÌÒ´«Ã½ Tour Eiffel\"},\"image\":{\"@id\":\"https:\\\/\\\/www.accord-langues.com\\\/es\\\/#\\\/schema\\\/logo\\\/image\\\/\"},\"sameAs\":[\"https:\\\/\\\/www.facebook.com\\\/accordecoledelangues\",\"https:\\\/\\\/www.linkedin.com\\\/groups\\\/4542133\\\/\"],\"description\":\"ÃÛÌÒ´«Ã½ French Language School is one of the leading schools in France for teaching French to foreign students and offering high quality French language courses in Paris. The ÃÛÌÒ´«Ã½ language school is located in the heart of Paris, nearby the Eiffel Tower. The ÃÛÌÒ´«Ã½ school is open all year round and welcomes students from all over the world from the age of 16 in its French language courses. ÃÛÌÒ´«Ã½ school is accredited by the official \u201cQualit\u00e9 FLE\u201d label and is member of CAMPUS FRANCE, SOUFFLE and Atout France. ÃÛÌÒ´«Ã½ is official exam center for the TCF IRN, TCF TP, TCF Qu\u00e9bec and TCF Canada.\",\"email\":\"info@accord-langues.com\",\"telephone\":\"+33155335233\",\"legalName\":\"FORUM ÃÛÌÒ´«Ã½\",\"foundingDate\":\"1990-02-23\",\"numberOfEmployees\":{\"@type\":\"QuantitativeValue\",\"minValue\":\"11\",\"maxValue\":\"50\"}}]}<\/script>\n<!-- \/ Yoast SEO Premium plugin. -->","yoast_head_json":{"title":"Ex\u00e1menes Y Certificados De Franc\u00e9s | Accord Paris","description":"Prep\u00e1rese para sus ex\u00e1menes y certificados de franc\u00e9s en una escuela de idiomas en Par\u00eds en Francia. Cursos de calidad. Escuela acreditada.","robots":{"index":"index","follow":"follow","max-snippet":"max-snippet:-1","max-image-preview":"max-image-preview:large","max-video-preview":"max-video-preview:-1"},"canonical":"https:\/\/www.accord-langues.com\/es\/examenes-de-frances\/","og_locale":"es_ES","og_type":"article","og_title":"Ex\u00e1menes de franc\u00e9s","og_description":"Prep\u00e1rese para sus ex\u00e1menes y certificados de franc\u00e9s en una escuela de idiomas en Par\u00eds en Francia. Cursos de calidad. Escuela acreditada.","og_url":"https:\/\/www.accord-langues.com\/es\/examenes-de-frances\/","og_site_name":"Accord Paris","article_publisher":"https:\/\/www.facebook.com\/accordecoledelangues","article_modified_time":"2021-12-19T16:03:47+00:00","og_image":[{"width":1200,"height":867,"url":"https:\/\/www.accord-langues.com\/wp-content\/uploads\/2024\/02\/ÃÛÌÒ´«Ã½-French-Language-School-in-Paris-low-res.jpg","type":"image\/jpeg"}],"twitter_card":"summary_large_image","twitter_misc":{"Tiempo de lectura":"3 minutos"},"schema":{"@context":"https:\/\/schema.org","@graph":[{"@type":"WebPage","@id":"https:\/\/www.accord-langues.com\/es\/examenes-de-frances\/","url":"https:\/\/www.accord-langues.com\/es\/examenes-de-frances\/","name":"Ex\u00e1menes Y Certificados De Franc\u00e9s | Accord Paris","isPartOf":{"@id":"https:\/\/www.accord-langues.com\/es\/#website"},"datePublished":"2018-01-15T10:59:13+00:00","dateModified":"2021-12-19T16:03:47+00:00","description":"Prep\u00e1rese para sus ex\u00e1menes y certificados de franc\u00e9s en una escuela de idiomas en Par\u00eds en Francia. Cursos de calidad. Escuela acreditada.","inLanguage":"es","potentialAction":[{"@type":"ReadAction","target":["https:\/\/www.accord-langues.com\/es\/examenes-de-frances\/"]}]},{"@type":"WebSite","@id":"https:\/\/www.accord-langues.com\/es\/#website","url":"https:\/\/www.accord-langues.com\/es\/","name":"Accord Paris","description":"Learn French in France","publisher":{"@id":"https:\/\/www.accord-langues.com\/es\/#organization"},"potentialAction":[{"@type":"SearchAction","target":{"@type":"EntryPoint","urlTemplate":"https:\/\/www.accord-langues.com\/es\/?s={search_term_string}"},"query-input":{"@type":"PropertyValueSpecification","valueRequired":true,"valueName":"search_term_string"}}],"inLanguage":"es"},{"@type":"Organization","@id":"https:\/\/www.accord-langues.com\/es\/#organization","name":"ÃÛÌÒ´«Ã½ Tour Eiffel","alternateName":"Learn French in Paris","url":"https:\/\/www.accord-langues.com\/es\/","logo":{"@type":"ImageObject","inLanguage":"es","@id":"https:\/\/www.accord-langues.com\/es\/#\/schema\/logo\/image\/","url":"https:\/\/www.accord-langues.com\/wp-content\/uploads\/2016\/06\/Logo.png","contentUrl":"https:\/\/www.accord-langues.com\/wp-content\/uploads\/2016\/06\/Logo.png","width":290,"height":70,"caption":"ÃÛÌÒ´«Ã½ Tour Eiffel"},"image":{"@id":"https:\/\/www.accord-langues.com\/es\/#\/schema\/logo\/image\/"},"sameAs":["https:\/\/www.facebook.com\/accordecoledelangues","https:\/\/www.linkedin.com\/groups\/4542133\/"],"description":"ÃÛÌÒ´«Ã½ French Language School is one of the leading schools in France for teaching French to foreign students and offering high quality French language courses in Paris. The ÃÛÌÒ´«Ã½ language school is located in the heart of Paris, nearby the Eiffel Tower. The ÃÛÌÒ´«Ã½ school is open all year round and welcomes students from all over the world from the age of 16 in its French language courses. ÃÛÌÒ´«Ã½ school is accredited by the official \u201cQualit\u00e9 FLE\u201d label and is member of CAMPUS FRANCE, SOUFFLE and Atout France. ÃÛÌÒ´«Ã½ is official exam center for the TCF IRN, TCF TP, TCF Qu\u00e9bec and TCF Canada.","email":"info@accord-langues.com","telephone":"+33155335233","legalName":"FORUM ÃÛÌÒ´«Ã½","foundingDate":"1990-02-23","numberOfEmployees":{"@type":"QuantitativeValue","minValue":"11","maxValue":"50"}}]}},"_links":{"self":[{"href":"https:\/\/www.accord-langues.com\/es\/wp-json\/wp\/v2\/pages\/5628","targetHints":{"allow":["GET"]}}],"collection":[{"href":"https:\/\/www.accord-langues.com\/es\/wp-json\/wp\/v2\/pages"}],"about":[{"href":"https:\/\/www.accord-langues.com\/es\/wp-json\/wp\/v2\/types\/page"}],"author":[{"embeddable":true,"href":"https:\/\/www.accord-langues.com\/es\/wp-json\/wp\/v2\/users\/10"}],"replies":[{"embeddable":true,"href":"https:\/\/www.accord-langues.com\/es\/wp-json\/wp\/v2\/comments?post=5628"}],"version-history":[{"count":0,"href":"https:\/\/www.accord-langues.com\/es\/wp-json\/wp\/v2\/pages\/5628\/revisions"}],"wp:attachment":[{"href":"https:\/\/www.accord-langues.com\/es\/wp-json\/wp\/v2\/media?parent=5628"}],"curies":[{"name":"wp","href":"https:\/\/api.w.org\/{rel}","templated":true}]}}