  {"id":5598,"date":"2019-01-18T14:48:37","date_gmt":"2019-01-18T14:48:37","guid":{"rendered":"https:\/\/www.accord-langues.com\/internship-in-paris\/"},"modified":"2024-11-29T14:41:41","modified_gmt":"2024-11-29T14:41:41","slug":"practicas-en-paris","status":"publish","type":"page","link":"https:\/\/www.accord-langues.com\/es\/practicas-en-paris\/","title":{"rendered":"Pr\u00e1cticas en Par\u00eds"},"content":{"rendered":"<div class=\"wpb-content-wrapper\"><p>[vc_row][vc_column][\/vc_column][\/vc_row][vc_row full_width=\u00bbstretch_row\u00bb content_placement=\u00bbmiddle\u00bb css=\u00bb.vc_custom_1532955235869{background-image: url(https:\/\/www.accord-langues.com\/wp-content\/uploads\/2016\/10\/adult-course.jpg?id=348) !important;background-position: center !important;background-repeat: no-repeat !important;background-size: cover !important;}\u00bb el_class=\u00bbheader-image\u00bb][vc_column width=\u00bb2\/3&#8243; offset=\u00bbvc_col-sm-offset-2&#8243;][vc_column_text]<\/p>\n<h1>Pr\u00e1cticas en Par\u00eds<\/h1>\n<p style=\"text-align: center;\"><strong>Pr\u00e1cticas en Par\u00eds<\/strong><br \/>\n<strong>Pr\u00e1cticas internacionales en Francia<\/strong><br \/>\n<strong>Pr\u00e1cticas internacionales a tiempo completo<\/strong><\/p>\n<p>[\/vc_column_text][\/vc_column][\/vc_row][vc_row full_width=\u00bbstretch_row\u00bb][vc_column][vc_column_text]<\/p>\n<h3><span style=\"color: #ff6600;\"><strong>Pr\u00e1cticas en Par\u00eds<\/strong><\/span><br \/>\n<span style=\"color: #ff6600;\"><strong>Pr\u00e1cticas internacionales en Francia<\/strong><\/span><br \/>\n<span style=\"color: #ff6600;\"><strong>Pr\u00e1cticas internacionales a tiempo completo<\/strong><\/span><\/h3>\n<p>Unas pr\u00e1cticas en Par\u00eds son una gran manera de conocer la ciudad de una forma cercana y personal, tom\u00e1ndose el tiempo necesario para apreciar todos sus encantos y la cultura parisina mientras construye su curr\u00edculum vitae\/CV y adquiere valiosos conocimientos de franc\u00e9s.<\/p>\n<p>Famosa por su rica historia, su bella arquitectura y su diversidad cultural, Par\u00eds sigue siendo una de las ciudades m\u00e1s visitadas del mundo. Par\u00eds siempre ha sido un hervidero de actividad art\u00edstica e intelectual con sus 134 museos, 170 teatros, universidades de fama mundial y festivales culturales que se celebran durante todo el a\u00f1o.<\/p>\n<p>Por supuesto, Par\u00eds es tambi\u00e9n la capital de la moda y el dise\u00f1o y es reconocida internacionalmente por sus boutiques, grandes almacenes y j\u00f3venes dise\u00f1adores.<\/p>\n<p>Al hacer unas pr\u00e1cticas en Par\u00eds en la escuela de idiomas ÃÛÌÒ´«Ã½, tambi\u00e9n tiene una gran oportunidad de explorar Par\u00eds y todas sus atracciones y lugares famosos, adem\u00e1s de disfrutar del estilo de vida franc\u00e9s.<\/p>\n<p>Gracias a ÃÛÌÒ´«Ã½ tambi\u00e9n tiene otra manera de descubrir Par\u00eds, su cultura y su civilizaci\u00f3n al inscribirse en nuestras clases de cultura y civilizaci\u00f3n francesa (todos los lunes y viernes por la tarde).<\/p>\n<p>El programa de pr\u00e1cticas en Par\u00eds est\u00e1 dirigido exclusivamente a estudiantes universitarios mayores de 18\u00a0a\u00f1os.\u00a0<a href=\"https:\/\/www.accord-langues.com\/es\/contactar-con-accord-paris\/\" target=\"_blank\" rel=\"noopener noreferrer\">Contactar con ÃÛÌÒ´«Ã½ Paris<\/a>[\/vc_column_text][vc_column_text]<\/p>\n<h3>Pr\u00e1cticas en Par\u00eds: \u00a1Viva y trabaje en Par\u00eds!<\/h3>\n<p>Con ÃÛÌÒ´«Ã½ puede complementar su curso de franc\u00e9s en el extranjero con unas pr\u00e1cticas fuera del aula o realizar unas pr\u00e1cticas a tiempo completo en ÃÛÌÒ´«Ã½, si tiene un buen nivel de franc\u00e9s.\u2028A continuaci\u00f3n se detallan los 3 tipos de pr\u00e1cticas que ofrecemos en ÃÛÌÒ´«Ã½.[\/vc_column_text][vc_column_text]<\/p>\n<h3>Pr\u00e1cticas en Par\u00eds: 3 tipos de pr\u00e1cticas en ÃÛÌÒ´«Ã½<\/h3>\n<p>Antes de solicitar y seleccionar su programa de pr\u00e1cticas en Par\u00eds, lea la informaci\u00f3n sobre los 3 tipos de pr\u00e1cticas que ofrece ÃÛÌÒ´«Ã½:<\/p>\n<ol>\n<li>Tiene muy buen nivel de franc\u00e9s: puede solicitar unas pr\u00e1cticas a tiempo completo en ÃÛÌÒ´«Ã½, en la oficina de marketing y ventas, en la oficina de la jefa de estudios o en la oficina de ex\u00e1menes. Tambi\u00e9n ofrecemos pr\u00e1cticas en el departamento de marketing bajo la supervisi\u00f3n del director de marketing del grupo ÃÛÌÒ´«Ã½.<\/li>\n<li>Tiene buen nivel de franc\u00e9s: puede solicitar unas pr\u00e1cticas a tiempo completo en ÃÛÌÒ´«Ã½, en la oficina de marketing y ventas o en la oficina de ex\u00e1menes. Tras superar una prueba de nivel de franc\u00e9s, se le asignar\u00e1 un curso intensivo de ma\u00f1anas y realizar\u00e1 sus pr\u00e1cticas por las tardes o, al contrario, se le asignar\u00e1n las clases por la tarde y realizar\u00e1 sus pr\u00e1cticas por la ma\u00f1ana.<\/li>\n<li>Si posee un nivel de falso principiante o intermedio bajo en franc\u00e9s: tendr\u00e1 que seguir un curso intensivo de franc\u00e9s durante unas semanas antes de empezar sus pr\u00e1cticas y despu\u00e9s podr\u00e1 hacer pr\u00e1cticas a tiempo parcial tal y como se describe en el punto 2.<\/li>\n<\/ol>\n<p>[\/vc_column_text][vc_column_text]<\/p>\n<h3>Pr\u00e1cticas en Par\u00eds: Invierta en adquirir experiencia laboral y vivencias en un ambiente internacional<\/h3>\n<p>En ÃÛÌÒ´«Ã½ puede realizar pr\u00e1cticas a tiempo completo o a tiempo parcial que le permitir\u00e1n seguir un curso de franc\u00e9s.<\/p>\n<p>Unas pr\u00e1cticas en el extranjero proporcionan a los estudiantes la confianza y la experiencia necesarias para desarrollar con \u00e9xito la carrera elegida en un \u00e1mbito internacional una vez acaba la universidad.<\/p>\n<p>Unas pr\u00e1cticas en Par\u00eds es algo que destaca en un curr\u00edculum vitae\/CV, le proporciona una ventaja en un mercado laboral competitivo y le ofrece una valiosa perspectiva internacional, cosa que suele atraer a las empresas.[\/vc_column_text][vc_column_text]<\/p>\n<h3>Pr\u00e1cticas en Par\u00eds: Constr\u00fayase una experiencia global y pr\u00e1ctica<\/h3>\n<p>Desarrolle sus perspectivas de carrera a trav\u00e9s de una experiencia global \u00fanica en una empresa que opera en m\u00e1s de 25 pa\u00edses. Como usted sabe, las pr\u00e1cticas en el extranjero aportan conocimientos cruciales que son muy valorados en el mercado laboral.[\/vc_column_text][vc_column_text]<\/p>\n<h3>Pr\u00e1cticas en Par\u00eds: Aspectos destacados del programa<\/h3>\n<p>Nuestro programa de pr\u00e1cticas en Par\u00eds en ÃÛÌÒ´«Ã½ ofrece cinco ventajas principales:<\/p>\n<ol>\n<li>Obtener unas pr\u00e1cticas en el extranjero en una escuela de idiomas acreditada y famosa, miembro del Grupo ALS (Grupo de Escuelas de Idiomas Accord)<\/li>\n<li>Mejorar su curr\u00edculum vitae\/CV y destacar ante las empresas en las que busque trabajo<\/li>\n<li>Disfrutar de una experiencia fant\u00e1stica en una de las capitales m\u00e1s apasionantes, la ciudad de la luz.<\/li>\n<li>Mejorar sus conocimientos de franc\u00e9s<\/li>\n<li>Hacer nuevas amistades y una red profesional mundiales ya que ÃÛÌÒ´«Ã½ tiene socios y representantes en m\u00e1s de 25 pa\u00edses<\/li>\n<\/ol>\n<p>[\/vc_column_text][\/vc_column][\/vc_row][vc_row el_class=\u00bbbutton-blocks\u00bb][vc_column width=\u00bb1\/3&#8243; offset=\u00bbvc_col-lg-offset-4 vc_col-md-offset-4&#8243;]<div class=\"RFIbox yellow one-line\">\n\t<div class=\"RFIbox__media\">\n        <a href=\"https:\/\/www.accord-langues.com\/es\/contactar-con-accord-paris\/\" title=\"\" target=\"_blank\"><img decoding=\"async\" width=\"72\" height=\"78\" src=\"https:\/\/www.accord-langues.com\/wp-content\/uploads\/2016\/10\/contact-us-icon.gif\" class=\"img-responsive\" alt=\"\" title=\"contact-us-icon\" \/><\/a>        \t<\/div>\n\n        <div class=\"RFIBox__title\">\n        <a href=\"https:\/\/www.accord-langues.com\/es\/contactar-con-accord-paris\/\" title=\"\" target=\"_blank\">Contacto<\/a>    <\/div>\n    \n    \t<div class=\"RFIbox__content\">\n\t\t<a href=\"https:\/\/www.accord-langues.com\/es\/contactar-con-accord-paris\/\" title=\"\" target=\"_blank\"><\/a>\t<\/div>\n    <\/div>[\/vc_column][\/vc_row]<\/p>\n<\/div>","protected":false},"excerpt":{"rendered":"<p>[vc_row][vc_column][\/vc_column][\/vc_row][vc_row full_width=\u00bbstretch_row\u00bb content_placement=\u00bbmiddle\u00bb css=\u00bb.vc_custom_1532955235869{background-image: url(https:\/\/www.accord-langues.com\/wp-content\/uploads\/2016\/10\/adult-course.jpg?id=348) !important;background-position: center !important;background-repeat: no-repeat !important;background-size: cover !important;}\u00bb el_class=\u00bbheader-image\u00bb][vc_column width=\u00bb2\/3&#8243; offset=\u00bbvc_col-sm-offset-2&#8243;][vc_column_text] Pr\u00e1cticas en Par\u00eds Pr\u00e1cticas en Par\u00eds Pr\u00e1cticas internacionales en Francia Pr\u00e1cticas internacionales a tiempo completo [\/vc_column_text][\/vc_column][\/vc_row][vc_row full_width=\u00bbstretch_row\u00bb][vc_column][vc_column_text] Pr\u00e1cticas en Par\u00eds Pr\u00e1cticas internacionales en Francia Pr\u00e1cticas internacionales a tiempo completo Unas pr\u00e1cticas en Par\u00eds son una gran manera de conocer la [&hellip;]<\/p>\n","protected":false},"author":10,"featured_media":0,"parent":0,"menu_order":0,"comment_status":"closed","ping_status":"closed","template":"","meta":{"_acf_changed":false,"footnotes":""},"class_list":["post-5598","page","type-page","status-publish","hentry"],"acf":[],"yoast_head":"<!-- This site is optimized with the Yoast SEO Premium plugin v27.4 (Yoast SEO v27.4) - https:\/\/yoast.com\/product\/yoast-seo-premium-wordpress\/ -->\n<title>Pr\u00e1cticas en Par\u00eds - Accord Paris<\/title>\n<meta name=\"description\" content=\"Las pr\u00e1cticas en Par\u00eds son una manera de experimentar la ciudad de manera personal y con el tiempo para apreciar la cultura parisiana.\" \/>\n<meta name=\"robots\" content=\"index, follow, max-snippet:-1, max-image-preview:large, max-video-preview:-1\" \/>\n<link rel=\"canonical\" href=\"https:\/\/www.accord-langues.com\/es\/practicas-en-paris\/\" \/>\n<meta property=\"og:locale\" content=\"es_ES\" \/>\n<meta property=\"og:type\" content=\"article\" \/>\n<meta property=\"og:title\" content=\"Pr\u00e1cticas en Par\u00eds\" \/>\n<meta property=\"og:description\" content=\"Las pr\u00e1cticas en Par\u00eds son una manera de experimentar la ciudad de manera personal y con el tiempo para apreciar la cultura parisiana.\" \/>\n<meta property=\"og:url\" content=\"https:\/\/www.accord-langues.com\/es\/practicas-en-paris\/\" \/>\n<meta property=\"og:site_name\" content=\"Accord Paris\" \/>\n<meta property=\"article:publisher\" content=\"https:\/\/www.facebook.com\/accordecoledelangues\" \/>\n<meta property=\"article:modified_time\" content=\"2024-11-29T14:41:41+00:00\" \/>\n<meta property=\"og:image\" content=\"https:\/\/www.accord-langues.com\/wp-content\/uploads\/2024\/02\/ÃÛÌÒ´«Ã½-French-Language-School-in-Paris-low-res.jpg\" \/>\n\t<meta property=\"og:image:width\" content=\"1200\" \/>\n\t<meta property=\"og:image:height\" content=\"867\" \/>\n\t<meta property=\"og:image:type\" content=\"image\/jpeg\" \/>\n<meta name=\"twitter:card\" content=\"summary_large_image\" \/>\n<meta name=\"twitter:label1\" content=\"Tiempo de lectura\" \/>\n\t<meta name=\"twitter:data1\" content=\"5 minutos\" \/>\n<script type=\"application\/ld+json\" class=\"yoast-schema-graph\">{\"@context\":\"https:\\\/\\\/schema.org\",\"@graph\":[{\"@type\":\"WebPage\",\"@id\":\"https:\\\/\\\/www.accord-langues.com\\\/es\\\/practicas-en-paris\\\/\",\"url\":\"https:\\\/\\\/www.accord-langues.com\\\/es\\\/practicas-en-paris\\\/\",\"name\":\"Pr\u00e1cticas en Par\u00eds - Accord Paris\",\"isPartOf\":{\"@id\":\"https:\\\/\\\/www.accord-langues.com\\\/es\\\/#website\"},\"datePublished\":\"2019-01-18T14:48:37+00:00\",\"dateModified\":\"2024-11-29T14:41:41+00:00\",\"description\":\"Las pr\u00e1cticas en Par\u00eds son una manera de experimentar la ciudad de manera personal y con el tiempo para apreciar la cultura parisiana.\",\"inLanguage\":\"es\",\"potentialAction\":[{\"@type\":\"ReadAction\",\"target\":[\"https:\\\/\\\/www.accord-langues.com\\\/es\\\/practicas-en-paris\\\/\"]}]},{\"@type\":\"WebSite\",\"@id\":\"https:\\\/\\\/www.accord-langues.com\\\/es\\\/#website\",\"url\":\"https:\\\/\\\/www.accord-langues.com\\\/es\\\/\",\"name\":\"Accord Paris\",\"description\":\"Learn French in France\",\"publisher\":{\"@id\":\"https:\\\/\\\/www.accord-langues.com\\\/es\\\/#organization\"},\"potentialAction\":[{\"@type\":\"SearchAction\",\"target\":{\"@type\":\"EntryPoint\",\"urlTemplate\":\"https:\\\/\\\/www.accord-langues.com\\\/es\\\/?s={search_term_string}\"},\"query-input\":{\"@type\":\"PropertyValueSpecification\",\"valueRequired\":true,\"valueName\":\"search_term_string\"}}],\"inLanguage\":\"es\"},{\"@type\":\"Organization\",\"@id\":\"https:\\\/\\\/www.accord-langues.com\\\/es\\\/#organization\",\"name\":\"ÃÛÌÒ´«Ã½ Tour Eiffel\",\"alternateName\":\"Learn French in Paris\",\"url\":\"https:\\\/\\\/www.accord-langues.com\\\/es\\\/\",\"logo\":{\"@type\":\"ImageObject\",\"inLanguage\":\"es\",\"@id\":\"https:\\\/\\\/www.accord-langues.com\\\/es\\\/#\\\/schema\\\/logo\\\/image\\\/\",\"url\":\"https:\\\/\\\/www.accord-langues.com\\\/wp-content\\\/uploads\\\/2016\\\/06\\\/Logo.png\",\"contentUrl\":\"https:\\\/\\\/www.accord-langues.com\\\/wp-content\\\/uploads\\\/2016\\\/06\\\/Logo.png\",\"width\":290,\"height\":70,\"caption\":\"ÃÛÌÒ´«Ã½ Tour Eiffel\"},\"image\":{\"@id\":\"https:\\\/\\\/www.accord-langues.com\\\/es\\\/#\\\/schema\\\/logo\\\/image\\\/\"},\"sameAs\":[\"https:\\\/\\\/www.facebook.com\\\/accordecoledelangues\",\"https:\\\/\\\/www.linkedin.com\\\/groups\\\/4542133\\\/\"],\"description\":\"ÃÛÌÒ´«Ã½ French Language School is one of the leading schools in France for teaching French to foreign students and offering high quality French language courses in Paris. The ÃÛÌÒ´«Ã½ language school is located in the heart of Paris, nearby the Eiffel Tower. The ÃÛÌÒ´«Ã½ school is open all year round and welcomes students from all over the world from the age of 16 in its French language courses. ÃÛÌÒ´«Ã½ school is accredited by the official \u201cQualit\u00e9 FLE\u201d label and is member of CAMPUS FRANCE, SOUFFLE and Atout France. ÃÛÌÒ´«Ã½ is official exam center for the TCF IRN, TCF TP, TCF Qu\u00e9bec and TCF Canada.\",\"email\":\"info@accord-langues.com\",\"telephone\":\"+33155335233\",\"legalName\":\"FORUM ÃÛÌÒ´«Ã½\",\"foundingDate\":\"1990-02-23\",\"numberOfEmployees\":{\"@type\":\"QuantitativeValue\",\"minValue\":\"11\",\"maxValue\":\"50\"}}]}<\/script>\n<!-- \/ Yoast SEO Premium plugin. -->","yoast_head_json":{"title":"Pr\u00e1cticas en Par\u00eds - Accord Paris","description":"Las pr\u00e1cticas en Par\u00eds son una manera de experimentar la ciudad de manera personal y con el tiempo para apreciar la cultura parisiana.","robots":{"index":"index","follow":"follow","max-snippet":"max-snippet:-1","max-image-preview":"max-image-preview:large","max-video-preview":"max-video-preview:-1"},"canonical":"https:\/\/www.accord-langues.com\/es\/practicas-en-paris\/","og_locale":"es_ES","og_type":"article","og_title":"Pr\u00e1cticas en Par\u00eds","og_description":"Las pr\u00e1cticas en Par\u00eds son una manera de experimentar la ciudad de manera personal y con el tiempo para apreciar la cultura parisiana.","og_url":"https:\/\/www.accord-langues.com\/es\/practicas-en-paris\/","og_site_name":"Accord Paris","article_publisher":"https:\/\/www.facebook.com\/accordecoledelangues","article_modified_time":"2024-11-29T14:41:41+00:00","og_image":[{"width":1200,"height":867,"url":"https:\/\/www.accord-langues.com\/wp-content\/uploads\/2024\/02\/ÃÛÌÒ´«Ã½-French-Language-School-in-Paris-low-res.jpg","type":"image\/jpeg"}],"twitter_card":"summary_large_image","twitter_misc":{"Tiempo de lectura":"5 minutos"},"schema":{"@context":"https:\/\/schema.org","@graph":[{"@type":"WebPage","@id":"https:\/\/www.accord-langues.com\/es\/practicas-en-paris\/","url":"https:\/\/www.accord-langues.com\/es\/practicas-en-paris\/","name":"Pr\u00e1cticas en Par\u00eds - Accord Paris","isPartOf":{"@id":"https:\/\/www.accord-langues.com\/es\/#website"},"datePublished":"2019-01-18T14:48:37+00:00","dateModified":"2024-11-29T14:41:41+00:00","description":"Las pr\u00e1cticas en Par\u00eds son una manera de experimentar la ciudad de manera personal y con el tiempo para apreciar la cultura parisiana.","inLanguage":"es","potentialAction":[{"@type":"ReadAction","target":["https:\/\/www.accord-langues.com\/es\/practicas-en-paris\/"]}]},{"@type":"WebSite","@id":"https:\/\/www.accord-langues.com\/es\/#website","url":"https:\/\/www.accord-langues.com\/es\/","name":"Accord Paris","description":"Learn French in France","publisher":{"@id":"https:\/\/www.accord-langues.com\/es\/#organization"},"potentialAction":[{"@type":"SearchAction","target":{"@type":"EntryPoint","urlTemplate":"https:\/\/www.accord-langues.com\/es\/?s={search_term_string}"},"query-input":{"@type":"PropertyValueSpecification","valueRequired":true,"valueName":"search_term_string"}}],"inLanguage":"es"},{"@type":"Organization","@id":"https:\/\/www.accord-langues.com\/es\/#organization","name":"ÃÛÌÒ´«Ã½ Tour Eiffel","alternateName":"Learn French in Paris","url":"https:\/\/www.accord-langues.com\/es\/","logo":{"@type":"ImageObject","inLanguage":"es","@id":"https:\/\/www.accord-langues.com\/es\/#\/schema\/logo\/image\/","url":"https:\/\/www.accord-langues.com\/wp-content\/uploads\/2016\/06\/Logo.png","contentUrl":"https:\/\/www.accord-langues.com\/wp-content\/uploads\/2016\/06\/Logo.png","width":290,"height":70,"caption":"ÃÛÌÒ´«Ã½ Tour Eiffel"},"image":{"@id":"https:\/\/www.accord-langues.com\/es\/#\/schema\/logo\/image\/"},"sameAs":["https:\/\/www.facebook.com\/accordecoledelangues","https:\/\/www.linkedin.com\/groups\/4542133\/"],"description":"ÃÛÌÒ´«Ã½ French Language School is one of the leading schools in France for teaching French to foreign students and offering high quality French language courses in Paris. The ÃÛÌÒ´«Ã½ language school is located in the heart of Paris, nearby the Eiffel Tower. The ÃÛÌÒ´«Ã½ school is open all year round and welcomes students from all over the world from the age of 16 in its French language courses. ÃÛÌÒ´«Ã½ school is accredited by the official \u201cQualit\u00e9 FLE\u201d label and is member of CAMPUS FRANCE, SOUFFLE and Atout France. ÃÛÌÒ´«Ã½ is official exam center for the TCF IRN, TCF TP, TCF Qu\u00e9bec and TCF Canada.","email":"info@accord-langues.com","telephone":"+33155335233","legalName":"FORUM ÃÛÌÒ´«Ã½","foundingDate":"1990-02-23","numberOfEmployees":{"@type":"QuantitativeValue","minValue":"11","maxValue":"50"}}]}},"_links":{"self":[{"href":"https:\/\/www.accord-langues.com\/es\/wp-json\/wp\/v2\/pages\/5598","targetHints":{"allow":["GET"]}}],"collection":[{"href":"https:\/\/www.accord-langues.com\/es\/wp-json\/wp\/v2\/pages"}],"about":[{"href":"https:\/\/www.accord-langues.com\/es\/wp-json\/wp\/v2\/types\/page"}],"author":[{"embeddable":true,"href":"https:\/\/www.accord-langues.com\/es\/wp-json\/wp\/v2\/users\/10"}],"replies":[{"embeddable":true,"href":"https:\/\/www.accord-langues.com\/es\/wp-json\/wp\/v2\/comments?post=5598"}],"version-history":[{"count":0,"href":"https:\/\/www.accord-langues.com\/es\/wp-json\/wp\/v2\/pages\/5598\/revisions"}],"wp:attachment":[{"href":"https:\/\/www.accord-langues.com\/es\/wp-json\/wp\/v2\/media?parent=5598"}],"curies":[{"name":"wp","href":"https:\/\/api.w.org\/{rel}","templated":true}]}}