  {"id":26108,"date":"2018-07-23T11:55:32","date_gmt":"2018-07-23T10:55:32","guid":{"rendered":"https:\/\/www.accord-langues.com\/accord-paris-magazine\/"},"modified":"2026-04-14T12:29:01","modified_gmt":"2026-04-14T11:29:01","slug":"blog-rivista","status":"publish","type":"page","link":"https:\/\/www.accord-langues.com\/es\/blog-rivista\/","title":{"rendered":"Blog-Rivista"},"content":{"rendered":"<div class=\"wpb-content-wrapper\"><p>[vc_row full_width=\u00bbstretch_row\u00bb content_placement=\u00bbmiddle\u00bb css=\u00bb.vc_custom_1532680905001{background-image: url(https:\/\/www.accord-langues.com\/wp-content\/uploads\/2018\/07\/Grands-Boulevards-top.jpg?id=1752) !important;background-position: center !important;background-repeat: no-repeat !important;background-size: cover !important;}\u00bb el_class=\u00bbheader-image\u00bb][vc_column width=\u00bb2\/3&#8243; offset=\u00bbvc_col-sm-offset-2&#8243;][vc_column_text css=\u00bb\u00bb]<\/p>\n<h1 style=\"text-align: center;\">Blog-Revista<\/h1>\n<p style=\"text-align: center;\"><strong>Cursos de franc\u00e9s en Par\u00eds &#8211; Estudiar franc\u00e9s en Francia<\/strong><\/p>\n<p>[\/vc_column_text][\/vc_column][\/vc_row][vc_row][vc_column][vc_column_text]\t\r\n\t\t\t<div class=\"blog\">\r\n\t\t<div class=\"RFPostList\">\r\n\t\t\t\t\t\t\t\t\t\t<div class=\"RFPostList__item col-sm-3\">\r\n\t\t\t\t\t<div class=\"RFPostList__inner\">\r\n\r\n\t\t\t\t\t\t\t\t\t\t\t\t\t<div class=\"RFPostList__image\">\r\n\t\t\t\t\t\t\t\t<a href=\"https:\/\/www.accord-langues.com\/es\/una-escuela-de-frances-qualite-fle-miembro-de-campus-france\/\"><img decoding=\"async\" width=\"350\" height=\"350\" src=\"https:\/\/www.accord-langues.com\/wp-content\/uploads\/2023\/09\/Tour-Eiffel-13x18-14-350x350.jpg\" class=\"img-responsive wp-post-image\" alt=\"ÃÛÌÒ´«Ã½, a Qualit\u00e9 FLE French school member of CAMPUS FRANCE\" srcset=\"https:\/\/www.accord-langues.com\/wp-content\/uploads\/2023\/09\/Tour-Eiffel-13x18-14-350x350.jpg 350w, https:\/\/www.accord-langues.com\/wp-content\/uploads\/2023\/09\/Tour-Eiffel-13x18-14-150x150.jpg 150w\" sizes=\"(max-width: 350px) 100vw, 350px\" title=\"Tour Eiffel 13x18 (14)\" \/><\/a>\r\n\t\t\t\t\t\t\t<\/div>\r\n\t\t\t\t\t\t\r\n\t\t\t\t\t\t<div class=\"RFPostList__title\">\r\n\t\t\t\t\t\t\t<a href=\"https:\/\/www.accord-langues.com\/es\/una-escuela-de-frances-qualite-fle-miembro-de-campus-france\/\" class=\"h3-like\" style=\"display: block;margin-bottom:10px;\">Una escuela de franc\u00e9s &#8216;Qualit\u00e9 FLE&#8217; miembro de CAMPUS FRANCE<\/a>\r\n\t\t\t\t\t\t<\/div>\r\n\r\n\t\t\t\t\t\t<div class=\"RFPostList__excerpt\">\r\n\t\t\t\t\t\t\t<p>ÃÛÌÒ´«Ã½ Paris is a Qualit\u00e9 FLE French language school member of CAMPUS FRANCE, located nearby the Eiffel Tower. With ÃÛÌÒ´«Ã½, it is not only about studying French in France, it is a life experience!<\/p>\n\t\t\t\t\t\t<\/div>\r\n\r\n\t\t\t\t\t\t<div class=\"RFPostList__read-more\">\r\n\t\t\t\t\t\t\t<a class=\"btn btn-primary transparent\" href=\"https:\/\/www.accord-langues.com\/es\/una-escuela-de-frances-qualite-fle-miembro-de-campus-france\/\">Leer m\u00e1s<\/a>\r\n\t\t\t\t\t\t<\/div>\r\n\t\t\t\t\t<\/div>\r\n\t\t\t\t<\/div>\r\n\t\t\t\t\t\t\t\t\t\t\t\t\r\n\t\t\t\t\t\t\t<div class=\"RFPostList__item col-sm-3\">\r\n\t\t\t\t\t<div class=\"RFPostList__inner\">\r\n\r\n\t\t\t\t\t\t\t\t\t\t\t\t\t<div class=\"RFPostList__image\">\r\n\t\t\t\t\t\t\t\t<a href=\"https:\/\/www.accord-langues.com\/es\/cursos-de-frances-a-largo-plazo-en-francia\/\"><img decoding=\"async\" width=\"350\" height=\"350\" src=\"https:\/\/www.accord-langues.com\/wp-content\/uploads\/2024\/02\/notre-dame-001-350x350.jpg\" class=\"img-responsive wp-post-image\" alt=\"Long-term French Courses in France\" srcset=\"https:\/\/www.accord-langues.com\/wp-content\/uploads\/2024\/02\/notre-dame-001-350x350.jpg 350w, https:\/\/www.accord-langues.com\/wp-content\/uploads\/2024\/02\/notre-dame-001-150x150.jpg 150w\" sizes=\"(max-width: 350px) 100vw, 350px\" title=\"notre-dame-001\" \/><\/a>\r\n\t\t\t\t\t\t\t<\/div>\r\n\t\t\t\t\t\t\r\n\t\t\t\t\t\t<div class=\"RFPostList__title\">\r\n\t\t\t\t\t\t\t<a href=\"https:\/\/www.accord-langues.com\/es\/cursos-de-frances-a-largo-plazo-en-francia\/\" class=\"h3-like\" style=\"display: block;margin-bottom:10px;\">Cursos de franc\u00e9s a largo plazo en Francia<\/a>\r\n\t\t\t\t\t\t<\/div>\r\n\r\n\t\t\t\t\t\t<div class=\"RFPostList__excerpt\">\r\n\t\t\t\t\t\t\t<p>Long-term French courses in France are designed for students who want to learn French over a longer period and prepare for higher education.<\/p>\n\t\t\t\t\t\t<\/div>\r\n\r\n\t\t\t\t\t\t<div class=\"RFPostList__read-more\">\r\n\t\t\t\t\t\t\t<a class=\"btn btn-primary transparent\" href=\"https:\/\/www.accord-langues.com\/es\/cursos-de-frances-a-largo-plazo-en-francia\/\">Leer m\u00e1s<\/a>\r\n\t\t\t\t\t\t<\/div>\r\n\t\t\t\t\t<\/div>\r\n\t\t\t\t<\/div>\r\n\t\t\t\t\t\t\t\t\t\t\t\t\r\n\t\t\t\t\t<\/div>\r\n\t<\/div>\r\n\t\r\n\t<div class=\"clearfix\"><\/div>\r\n\t\r\n\t[\/vc_column_text][\/vc_column][\/vc_row][vc_row full_width=\u00bbstretch_row\u00bb css=\u00bb.vc_custom_1471605768894{padding-top: 20px !important;background-color: #f0f0f0 !important;}\u00bb el_id=\u00bbhomepage-boxes\u00bb][vc_column][vc_row_inner][vc_column_inner width=\u00bb1\/3&#8243;]<div class=\"RFIbox green a-man\">\n\t<div class=\"RFIbox__media\">\n        <a href=\"https:\/\/www.accord-langues.com\/adult-french-language-courses-paris\/\" title=\"\" target=\"_blank\"><img decoding=\"async\" width=\"500\" height=\"333\" src=\"https:\/\/www.accord-langues.com\/wp-content\/uploads\/2016\/06\/box-adults.jpg\" class=\"img-responsive\" alt=\"\" srcset=\"https:\/\/www.accord-langues.com\/wp-content\/uploads\/2016\/06\/box-adults.jpg 500w, https:\/\/www.accord-langues.com\/wp-content\/uploads\/2016\/06\/box-adults-300x200.jpg 300w\" sizes=\"(max-width: 500px) 100vw, 500px\" title=\"box-adults\" \/><\/a>        \t<\/div>\n\n        <div class=\"RFIBox__title\">\n        <a href=\"https:\/\/www.accord-langues.com\/adult-french-language-courses-paris\/\" title=\"\" target=\"_blank\">French courses for Adults<\/a>    <\/div>\n    \n    <\/div>[\/vc_column_inner][vc_column_inner width=\u00bb1\/3&#8243;]<div class=\"RFIbox pink\">\n\t<div class=\"RFIbox__media\">\n        <a href=\"https:\/\/examensparis.fr\/\" title=\"\" target=\"_blank\"><img decoding=\"async\" width=\"500\" height=\"333\" src=\"https:\/\/www.accord-langues.com\/wp-content\/uploads\/2016\/06\/box-exams.jpg\" class=\"img-responsive\" alt=\"\" srcset=\"https:\/\/www.accord-langues.com\/wp-content\/uploads\/2016\/06\/box-exams.jpg 500w, https:\/\/www.accord-langues.com\/wp-content\/uploads\/2016\/06\/box-exams-300x200.jpg 300w\" sizes=\"(max-width: 500px) 100vw, 500px\" title=\"box-exams\" \/><\/a>        \t<\/div>\n\n        <div class=\"RFIBox__title\">\n        <a href=\"https:\/\/examensparis.fr\/\" title=\"\" target=\"_blank\">Exams - Diploma<\/a>    <\/div>\n    \n    <\/div>[\/vc_column_inner][\/vc_row_inner][\/vc_column][\/vc_row]<\/p>\n<\/div>","protected":false},"excerpt":{"rendered":"<p>[vc_row full_width=\u00bbstretch_row\u00bb content_placement=\u00bbmiddle\u00bb css=\u00bb.vc_custom_1532680905001{background-image: url(https:\/\/www.accord-langues.com\/wp-content\/uploads\/2018\/07\/Grands-Boulevards-top.jpg?id=1752) !important;background-position: center !important;background-repeat: no-repeat !important;background-size: cover !important;}\u00bb el_class=\u00bbheader-image\u00bb][vc_column width=\u00bb2\/3&#8243; offset=\u00bbvc_col-sm-offset-2&#8243;][vc_column_text css=\u00bb\u00bb] Blog-Revista Cursos de franc\u00e9s [&hellip;]<\/p>\n","protected":false},"author":10,"featured_media":0,"parent":0,"menu_order":0,"comment_status":"closed","ping_status":"closed","template":"","meta":{"_acf_changed":false,"footnotes":""},"class_list":["post-26108","page","type-page","status-publish","hentry"],"acf":[],"yoast_head":"<!-- This site is optimized with the Yoast SEO Premium plugin v27.4 (Yoast SEO v27.4) - https:\/\/yoast.com\/product\/yoast-seo-premium-wordpress\/ -->\n<title>Revista ÃÛÌÒ´«Ã½ para estudiantes de franc\u00e9s<\/title>\n<meta name=\"description\" content=\"Revista ÃÛÌÒ´«Ã½ para quienes aprenden franc\u00e9s: seleccione una escuela de franc\u00e9s y estudie franc\u00e9s.\" \/>\n<meta name=\"robots\" content=\"index, follow, max-snippet:-1, max-image-preview:large, max-video-preview:-1\" \/>\n<link rel=\"canonical\" href=\"https:\/\/www.accord-langues.com\/es\/blog-rivista\/\" \/>\n<meta property=\"og:locale\" content=\"es_ES\" \/>\n<meta property=\"og:type\" content=\"article\" \/>\n<meta property=\"og:title\" content=\"Blog-Rivista\" \/>\n<meta property=\"og:description\" content=\"Revista ÃÛÌÒ´«Ã½ para quienes aprenden franc\u00e9s: seleccione una escuela de franc\u00e9s y estudie franc\u00e9s.\" \/>\n<meta property=\"og:url\" content=\"https:\/\/www.accord-langues.com\/es\/blog-rivista\/\" \/>\n<meta property=\"og:site_name\" content=\"Accord Paris\" \/>\n<meta property=\"article:publisher\" content=\"https:\/\/www.facebook.com\/accordecoledelangues\" \/>\n<meta property=\"article:modified_time\" content=\"2026-04-14T11:29:01+00:00\" \/>\n<meta property=\"og:image\" content=\"https:\/\/www.accord-langues.com\/wp-content\/uploads\/2024\/02\/ÃÛÌÒ´«Ã½-French-Language-School-in-Paris-low-res.jpg\" \/>\n\t<meta property=\"og:image:width\" content=\"1200\" \/>\n\t<meta property=\"og:image:height\" content=\"867\" \/>\n\t<meta property=\"og:image:type\" content=\"image\/jpeg\" \/>\n<meta name=\"twitter:card\" content=\"summary_large_image\" \/>\n<meta name=\"twitter:label1\" content=\"Tiempo de lectura\" \/>\n\t<meta name=\"twitter:data1\" content=\"1 minuto\" \/>\n<script type=\"application\/ld+json\" class=\"yoast-schema-graph\">{\"@context\":\"https:\\\/\\\/schema.org\",\"@graph\":[{\"@type\":\"WebPage\",\"@id\":\"https:\\\/\\\/www.accord-langues.com\\\/es\\\/blog-rivista\\\/\",\"url\":\"https:\\\/\\\/www.accord-langues.com\\\/es\\\/blog-rivista\\\/\",\"name\":\"Revista ÃÛÌÒ´«Ã½ para estudiantes de franc\u00e9s\",\"isPartOf\":{\"@id\":\"https:\\\/\\\/www.accord-langues.com\\\/es\\\/#website\"},\"datePublished\":\"2018-07-23T10:55:32+00:00\",\"dateModified\":\"2026-04-14T11:29:01+00:00\",\"description\":\"Revista ÃÛÌÒ´«Ã½ para quienes aprenden franc\u00e9s: seleccione una escuela de franc\u00e9s y estudie franc\u00e9s.\",\"inLanguage\":\"es\",\"potentialAction\":[{\"@type\":\"ReadAction\",\"target\":[\"https:\\\/\\\/www.accord-langues.com\\\/es\\\/blog-rivista\\\/\"]}]},{\"@type\":\"WebSite\",\"@id\":\"https:\\\/\\\/www.accord-langues.com\\\/es\\\/#website\",\"url\":\"https:\\\/\\\/www.accord-langues.com\\\/es\\\/\",\"name\":\"Accord Paris\",\"description\":\"Learn French in France\",\"publisher\":{\"@id\":\"https:\\\/\\\/www.accord-langues.com\\\/es\\\/#organization\"},\"potentialAction\":[{\"@type\":\"SearchAction\",\"target\":{\"@type\":\"EntryPoint\",\"urlTemplate\":\"https:\\\/\\\/www.accord-langues.com\\\/es\\\/?s={search_term_string}\"},\"query-input\":{\"@type\":\"PropertyValueSpecification\",\"valueRequired\":true,\"valueName\":\"search_term_string\"}}],\"inLanguage\":\"es\"},{\"@type\":\"Organization\",\"@id\":\"https:\\\/\\\/www.accord-langues.com\\\/es\\\/#organization\",\"name\":\"ÃÛÌÒ´«Ã½ Tour Eiffel\",\"alternateName\":\"Learn French in Paris\",\"url\":\"https:\\\/\\\/www.accord-langues.com\\\/es\\\/\",\"logo\":{\"@type\":\"ImageObject\",\"inLanguage\":\"es\",\"@id\":\"https:\\\/\\\/www.accord-langues.com\\\/es\\\/#\\\/schema\\\/logo\\\/image\\\/\",\"url\":\"https:\\\/\\\/www.accord-langues.com\\\/wp-content\\\/uploads\\\/2016\\\/06\\\/Logo.png\",\"contentUrl\":\"https:\\\/\\\/www.accord-langues.com\\\/wp-content\\\/uploads\\\/2016\\\/06\\\/Logo.png\",\"width\":290,\"height\":70,\"caption\":\"ÃÛÌÒ´«Ã½ Tour Eiffel\"},\"image\":{\"@id\":\"https:\\\/\\\/www.accord-langues.com\\\/es\\\/#\\\/schema\\\/logo\\\/image\\\/\"},\"sameAs\":[\"https:\\\/\\\/www.facebook.com\\\/accordecoledelangues\",\"https:\\\/\\\/www.linkedin.com\\\/groups\\\/4542133\\\/\"],\"description\":\"ÃÛÌÒ´«Ã½ French Language School is one of the leading schools in France for teaching French to foreign students and offering high quality French language courses in Paris. The ÃÛÌÒ´«Ã½ language school is located in the heart of Paris, nearby the Eiffel Tower. The ÃÛÌÒ´«Ã½ school is open all year round and welcomes students from all over the world from the age of 16 in its French language courses. ÃÛÌÒ´«Ã½ school is accredited by the official \u201cQualit\u00e9 FLE\u201d label and is member of CAMPUS FRANCE, SOUFFLE and Atout France. ÃÛÌÒ´«Ã½ is official exam center for the TCF IRN, TCF TP, TCF Qu\u00e9bec and TCF Canada.\",\"email\":\"info@accord-langues.com\",\"telephone\":\"+33155335233\",\"legalName\":\"FORUM ÃÛÌÒ´«Ã½\",\"foundingDate\":\"1990-02-23\",\"numberOfEmployees\":{\"@type\":\"QuantitativeValue\",\"minValue\":\"11\",\"maxValue\":\"50\"}}]}<\/script>\n<!-- \/ Yoast SEO Premium plugin. -->","yoast_head_json":{"title":"Revista ÃÛÌÒ´«Ã½ para estudiantes de franc\u00e9s","description":"Revista ÃÛÌÒ´«Ã½ para quienes aprenden franc\u00e9s: seleccione una escuela de franc\u00e9s y estudie franc\u00e9s.","robots":{"index":"index","follow":"follow","max-snippet":"max-snippet:-1","max-image-preview":"max-image-preview:large","max-video-preview":"max-video-preview:-1"},"canonical":"https:\/\/www.accord-langues.com\/es\/blog-rivista\/","og_locale":"es_ES","og_type":"article","og_title":"Blog-Rivista","og_description":"Revista ÃÛÌÒ´«Ã½ para quienes aprenden franc\u00e9s: seleccione una escuela de franc\u00e9s y estudie franc\u00e9s.","og_url":"https:\/\/www.accord-langues.com\/es\/blog-rivista\/","og_site_name":"Accord Paris","article_publisher":"https:\/\/www.facebook.com\/accordecoledelangues","article_modified_time":"2026-04-14T11:29:01+00:00","og_image":[{"width":1200,"height":867,"url":"https:\/\/www.accord-langues.com\/wp-content\/uploads\/2024\/02\/ÃÛÌÒ´«Ã½-French-Language-School-in-Paris-low-res.jpg","type":"image\/jpeg"}],"twitter_card":"summary_large_image","twitter_misc":{"Tiempo de lectura":"1 minuto"},"schema":{"@context":"https:\/\/schema.org","@graph":[{"@type":"WebPage","@id":"https:\/\/www.accord-langues.com\/es\/blog-rivista\/","url":"https:\/\/www.accord-langues.com\/es\/blog-rivista\/","name":"Revista ÃÛÌÒ´«Ã½ para estudiantes de franc\u00e9s","isPartOf":{"@id":"https:\/\/www.accord-langues.com\/es\/#website"},"datePublished":"2018-07-23T10:55:32+00:00","dateModified":"2026-04-14T11:29:01+00:00","description":"Revista ÃÛÌÒ´«Ã½ para quienes aprenden franc\u00e9s: seleccione una escuela de franc\u00e9s y estudie franc\u00e9s.","inLanguage":"es","potentialAction":[{"@type":"ReadAction","target":["https:\/\/www.accord-langues.com\/es\/blog-rivista\/"]}]},{"@type":"WebSite","@id":"https:\/\/www.accord-langues.com\/es\/#website","url":"https:\/\/www.accord-langues.com\/es\/","name":"Accord Paris","description":"Learn French in France","publisher":{"@id":"https:\/\/www.accord-langues.com\/es\/#organization"},"potentialAction":[{"@type":"SearchAction","target":{"@type":"EntryPoint","urlTemplate":"https:\/\/www.accord-langues.com\/es\/?s={search_term_string}"},"query-input":{"@type":"PropertyValueSpecification","valueRequired":true,"valueName":"search_term_string"}}],"inLanguage":"es"},{"@type":"Organization","@id":"https:\/\/www.accord-langues.com\/es\/#organization","name":"ÃÛÌÒ´«Ã½ Tour Eiffel","alternateName":"Learn French in Paris","url":"https:\/\/www.accord-langues.com\/es\/","logo":{"@type":"ImageObject","inLanguage":"es","@id":"https:\/\/www.accord-langues.com\/es\/#\/schema\/logo\/image\/","url":"https:\/\/www.accord-langues.com\/wp-content\/uploads\/2016\/06\/Logo.png","contentUrl":"https:\/\/www.accord-langues.com\/wp-content\/uploads\/2016\/06\/Logo.png","width":290,"height":70,"caption":"ÃÛÌÒ´«Ã½ Tour Eiffel"},"image":{"@id":"https:\/\/www.accord-langues.com\/es\/#\/schema\/logo\/image\/"},"sameAs":["https:\/\/www.facebook.com\/accordecoledelangues","https:\/\/www.linkedin.com\/groups\/4542133\/"],"description":"ÃÛÌÒ´«Ã½ French Language School is one of the leading schools in France for teaching French to foreign students and offering high quality French language courses in Paris. The ÃÛÌÒ´«Ã½ language school is located in the heart of Paris, nearby the Eiffel Tower. The ÃÛÌÒ´«Ã½ school is open all year round and welcomes students from all over the world from the age of 16 in its French language courses. ÃÛÌÒ´«Ã½ school is accredited by the official \u201cQualit\u00e9 FLE\u201d label and is member of CAMPUS FRANCE, SOUFFLE and Atout France. ÃÛÌÒ´«Ã½ is official exam center for the TCF IRN, TCF TP, TCF Qu\u00e9bec and TCF Canada.","email":"info@accord-langues.com","telephone":"+33155335233","legalName":"FORUM ÃÛÌÒ´«Ã½","foundingDate":"1990-02-23","numberOfEmployees":{"@type":"QuantitativeValue","minValue":"11","maxValue":"50"}}]}},"_links":{"self":[{"href":"https:\/\/www.accord-langues.com\/es\/wp-json\/wp\/v2\/pages\/26108","targetHints":{"allow":["GET"]}}],"collection":[{"href":"https:\/\/www.accord-langues.com\/es\/wp-json\/wp\/v2\/pages"}],"about":[{"href":"https:\/\/www.accord-langues.com\/es\/wp-json\/wp\/v2\/types\/page"}],"author":[{"embeddable":true,"href":"https:\/\/www.accord-langues.com\/es\/wp-json\/wp\/v2\/users\/10"}],"replies":[{"embeddable":true,"href":"https:\/\/www.accord-langues.com\/es\/wp-json\/wp\/v2\/comments?post=26108"}],"version-history":[{"count":2,"href":"https:\/\/www.accord-langues.com\/es\/wp-json\/wp\/v2\/pages\/26108\/revisions"}],"predecessor-version":[{"id":26110,"href":"https:\/\/www.accord-langues.com\/es\/wp-json\/wp\/v2\/pages\/26108\/revisions\/26110"}],"wp:attachment":[{"href":"https:\/\/www.accord-langues.com\/es\/wp-json\/wp\/v2\/media?parent=26108"}],"curies":[{"name":"wp","href":"https:\/\/api.w.org\/{rel}","templated":true}]}}