  {"id":5575,"date":"2018-01-15T10:59:13","date_gmt":"2018-01-15T10:59:13","guid":{"rendered":"https:\/\/www.accord-langues.com\/french-certificates-and-french-exams\/"},"modified":"2024-12-17T14:56:31","modified_gmt":"2024-12-17T14:56:31","slug":"franzoesischpruefungen","status":"publish","type":"page","link":"https:\/\/www.accord-langues.com\/de\/franzoesischpruefungen\/","title":{"rendered":"Franz\u00f6sischpr\u00fcfungen"},"content":{"rendered":"<div class=\"wpb-content-wrapper\"><p>[vc_row full_width=&#8220;stretch_row&#8220; content_placement=&#8220;middle&#8220; css=&#8220;.vc_custom_1509009556865{background-image: url(https:\/\/www.accord-langues.com\/wp-content\/uploads\/2016\/10\/adult-course.jpg?id=348) !important;background-position: center !important;background-repeat: no-repeat !important;background-size: cover !important;}&#8220; el_class=&#8220;header-image&#8220;][vc_column width=&#8220;2\/3&#8243; offset=&#8220;vc_col-sm-offset-2&#8243;][vc_column_text]<\/p>\n<h1>Franz\u00f6sischpr\u00fcfungen und Franz\u00f6sischzertifikate<\/h1>\n<p><strong>ÃÛÌÒ´«Ã½ ist Pr\u00fcfungszentrum f\u00fcr die TCF, TCF IRN, TCF Quebec und TCF Kanada<\/strong><br \/>\n<strong>Gro\u00dfe Auswahl an Franz\u00f6sischkursen f\u00fcr die Vorbereitung auf Ihre Franz\u00f6sischpr\u00fcfungen<\/strong><br \/>\n<strong>Erhalten Sie Ihr \u2018Dipl\u00f4me de langue et culture fran\u00e7aises\u2019 bei ÃÛÌÒ´«Ã½ Paris<\/strong><br \/>\n<strong>Bereiten Sie sich bei ÃÛÌÒ´«Ã½ Paris auf TCF, TCF IRN, DELF und DALF vor<\/strong>[\/vc_column_text][\/vc_column][\/vc_row][vc_row][vc_column][vc_column_text css=&#8220;&#8220;]<\/p>\n<h2 style=\"text-align: center;\"><span style=\"color: #ff6600;\">Franz\u00f6sisch-Zertifikate und Franz\u00f6sischpr\u00fcfungen<\/span><\/h2>\n<p>[\/vc_column_text][\/vc_column][\/vc_row][vc_row full_width=&#8220;stretch_row&#8220; css=&#8220;.vc_custom_1509364080525{padding-bottom: 40px !important;}&#8220;][vc_column][vc_row_inner][vc_column_inner][vc_column_text]<strong>ÃÛÌÒ´«Ã½ Paris ist Pr\u00fcfungszentrum f\u00fcr die folgenden Franz\u00f6sisch-Zertifikate und Franz\u00f6sischpr\u00fcfungen: TCF, TCF IRN, TCF Quebec und TCF Kanada<\/strong><\/p>\n<p><strong>ÃÛÌÒ´«Ã½ ist ebenfalls Pr\u00fcfungszentrum f\u00fcr das \u2018Dipl\u00f4me de langue et culture fran\u00e7aises\u2019.<\/strong><\/p>\n<p>Um sich auf diese Pr\u00fcfungen vorzubereiten, k\u00f6nnen Sie einen <a href=\"https:\/\/www.accord-langues.com\/de\/franzoesischkurs-in-paris\/\" target=\"_blank\" rel=\"noopener noreferrer\">unserer Intensiv- oder Semi-Intensiv-Kurse<\/a> w\u00e4hlen.<\/p>\n<p><strong>Bei ÃÛÌÒ´«Ã½ ist es ganz einfach, sich f\u00fcr eines dieser Franz\u00f6sisch-Zertifikate bzw. eine dieser Franz\u00f6sischpr\u00fcfungen anzumelden<\/strong>:<\/p>\n<ul class=\"ticks\">\n<li>Das nachstehende <a href=\"https:\/\/examensparis.fr\/\" target=\"_blank\" rel=\"noopener\">Buchungsformular (HIER herunterladen)<\/a> f\u00fcr die gew\u00e4hlte Pr\u00fcfung ausf\u00fcllen und per E-Mail zur\u00fccksenden.<\/li>\n<li>Mit Erhalt Ihres (ordnungsgem\u00e4\u00df ausgef\u00fcllten) Buchungsformulars, senden wir Ihnen eine E-Mail mit einem Link f\u00fcr die sichere Zahlung. Sehen Sie bitte auch immer in Ihrem Spam-Eingang nach, da einige Anbieter Links in einer E-Mail als m\u00f6glichen Spam betrachten!<\/li>\n<li>Mit Erhalt Ihrer Zahlung, senden wir Ihnen per E-Mail eine Buchungsbest\u00e4tigung zu. Eine Woche vor dem Pr\u00fcfungstermin erhalten Sie Ihren \u201cconvocation officielle\u201d (Bescheid zur Pr\u00fcfungsteilnahme) auf dem Postweg. Diesen Bescheid m\u00fcssen Sie zusammen mit Ihrem Reisepass zum Pr\u00fcfungstermin mitbringen. Dieser Bescheid enth\u00e4lt Informationen zum Pr\u00fcfungszeitplan.<\/li>\n<li><span style=\"color: #ff0000;\"><strong>WICHTIG<\/strong><\/span> \u2013 bitte beachten Sie nachstehende Hinweise:<br \/>\nWenn Sie sich in der Schule anmelden m\u00f6chten oder zur Schule kommen, um Informationen zu den Pr\u00fcfungen einzuholen, bitte beachten, dass <strong>das<\/strong> <strong>Pr\u00fcfungsb\u00fcro nur an folgenden Tagen und Zeiten ge\u00f6ffnet ist: Dienstag, Mittwoch und Donnerstag am Nachmittag von 14:30 Uhr bis 17:00 Uhr.<br \/>\n<\/strong>Wenn Sie die Schule telefonisch kontaktieren, um weitere Informationen zu den Pr\u00fcfungen einzuholen, bitte beachten, dass <strong><span style=\"color: #ff6600;\">das Pr\u00fcfungsb\u00fcro nur Dienstag, Mittwoch und Donnerstag am Nachmittag von 14:30 Uhr bis 17:00 telefonisch erreichbar ist.<br \/>\n<\/span>Bitte beachten Sie, dass, au\u00dferhalb dieser Zeiten, die Mitarbeiter an der Rezeption Ihre Fragen nicht beantworten und auch keine Buchung einer Pr\u00fcfung vornehmen k\u00f6nnen.<\/strong><\/li>\n<\/ul>\n<p>[\/vc_column_text][vc_separator][\/vc_column_inner][\/vc_row_inner][\/vc_column][\/vc_row][vc_row full_width=&#8220;stretch_row&#8220; css=&#8220;.vc_custom_1471605768894{padding-top: 20px !important;background-color: #f0f0f0 !important;}&#8220; el_id=&#8220;homepage-boxes&#8220;][vc_column][vc_row_inner][vc_column_inner width=&#8220;1\/3&#8243;]<div class=\"RFIbox pink\">\n\t<div class=\"RFIbox__media\">\n        <a href=\"https:\/\/examensparis.fr\/\" title=\"\" target=\"_blank\"><img decoding=\"async\" width=\"500\" height=\"333\" src=\"https:\/\/www.accord-langues.com\/wp-content\/uploads\/2016\/06\/box-exams.jpg\" class=\"img-responsive\" alt=\"\" srcset=\"https:\/\/www.accord-langues.com\/wp-content\/uploads\/2016\/06\/box-exams.jpg 500w, https:\/\/www.accord-langues.com\/wp-content\/uploads\/2016\/06\/box-exams-300x200.jpg 300w\" sizes=\"(max-width: 500px) 100vw, 500px\" title=\"box-exams\" \/><\/a>        \t<\/div>\n\n        <div class=\"RFIBox__title\">\n        <a href=\"https:\/\/examensparis.fr\/\" title=\"\" target=\"_blank\">Pr\u00fcfungen - Diplom<\/a>    <\/div>\n    \n    <\/div>[\/vc_column_inner][\/vc_row_inner][\/vc_column][\/vc_row]<\/p>\n<\/div>","protected":false},"excerpt":{"rendered":"<p>[vc_row full_width=&#8220;stretch_row&#8220; content_placement=&#8220;middle&#8220; css=&#8220;.vc_custom_1509009556865{background-image: url(https:\/\/www.accord-langues.com\/wp-content\/uploads\/2016\/10\/adult-course.jpg?id=348) !important;background-position: center !important;background-repeat: no-repeat !important;background-size: cover !important;}&#8220; el_class=&#8220;header-image&#8220;][vc_column width=&#8220;2\/3&#8243; offset=&#8220;vc_col-sm-offset-2&#8243;][vc_column_text] Franz\u00f6sischpr\u00fcfungen und Franz\u00f6sischzertifikate ÃÛÌÒ´«Ã½ ist Pr\u00fcfungszentrum f\u00fcr die TCF, TCF IRN, TCF Quebec und TCF Kanada Gro\u00dfe Auswahl an Franz\u00f6sischkursen f\u00fcr die Vorbereitung auf Ihre Franz\u00f6sischpr\u00fcfungen Erhalten Sie Ihr \u2018Dipl\u00f4me de langue et culture fran\u00e7aises\u2019 bei ÃÛÌÒ´«Ã½ Paris Bereiten Sie [&hellip;]<\/p>\n","protected":false},"author":10,"featured_media":0,"parent":0,"menu_order":0,"comment_status":"closed","ping_status":"closed","template":"","meta":{"_acf_changed":false,"footnotes":""},"class_list":["post-5575","page","type-page","status-publish","hentry"],"acf":[],"yoast_head":"<!-- This site is optimized with the Yoast SEO Premium plugin v27.4 (Yoast SEO v27.4) - https:\/\/yoast.com\/product\/yoast-seo-premium-wordpress\/ -->\n<title>Franz\u00f6sischpr\u00fcfungen und Franz\u00f6sischzertifikate - Accord Paris<\/title>\n<meta name=\"description\" content=\"Bereiten Sie sich auf Ihre Franz\u00f6sischpr\u00fcfungen und Zertifikate an einer Sprachschule in Paris vor. Qualit\u00e4tskurse. Anerkannte Schule.\" \/>\n<meta name=\"robots\" content=\"index, follow, max-snippet:-1, max-image-preview:large, max-video-preview:-1\" \/>\n<link rel=\"canonical\" href=\"https:\/\/www.accord-langues.com\/de\/franzoesischpruefungen\/\" \/>\n<meta property=\"og:locale\" content=\"de_DE\" \/>\n<meta property=\"og:type\" content=\"article\" \/>\n<meta property=\"og:title\" content=\"Franz\u00f6sischpr\u00fcfungen\" \/>\n<meta property=\"og:description\" content=\"Bereiten Sie sich auf Ihre Franz\u00f6sischpr\u00fcfungen und Zertifikate an einer Sprachschule in Paris vor. Qualit\u00e4tskurse. Anerkannte Schule.\" \/>\n<meta property=\"og:url\" content=\"https:\/\/www.accord-langues.com\/de\/franzoesischpruefungen\/\" \/>\n<meta property=\"og:site_name\" content=\"Accord Paris\" \/>\n<meta property=\"article:publisher\" content=\"https:\/\/www.facebook.com\/accordecoledelangues\" \/>\n<meta property=\"article:modified_time\" content=\"2024-12-17T14:56:31+00:00\" \/>\n<meta property=\"og:image\" content=\"https:\/\/www.accord-langues.com\/wp-content\/uploads\/2024\/02\/ÃÛÌÒ´«Ã½-French-Language-School-in-Paris-low-res.jpg\" \/>\n\t<meta property=\"og:image:width\" content=\"1200\" \/>\n\t<meta property=\"og:image:height\" content=\"867\" \/>\n\t<meta property=\"og:image:type\" content=\"image\/jpeg\" \/>\n<meta name=\"twitter:card\" content=\"summary_large_image\" \/>\n<meta name=\"twitter:label1\" content=\"Gesch\u00e4tzte Lesezeit\" \/>\n\t<meta name=\"twitter:data1\" content=\"2\u00a0Minuten\" \/>\n<script type=\"application\/ld+json\" class=\"yoast-schema-graph\">{\"@context\":\"https:\\\/\\\/schema.org\",\"@graph\":[{\"@type\":\"WebPage\",\"@id\":\"https:\\\/\\\/www.accord-langues.com\\\/de\\\/franzoesischpruefungen\\\/\",\"url\":\"https:\\\/\\\/www.accord-langues.com\\\/de\\\/franzoesischpruefungen\\\/\",\"name\":\"Franz\u00f6sischpr\u00fcfungen und Franz\u00f6sischzertifikate - Accord Paris\",\"isPartOf\":{\"@id\":\"https:\\\/\\\/www.accord-langues.com\\\/de\\\/#website\"},\"datePublished\":\"2018-01-15T10:59:13+00:00\",\"dateModified\":\"2024-12-17T14:56:31+00:00\",\"description\":\"Bereiten Sie sich auf Ihre Franz\u00f6sischpr\u00fcfungen und Zertifikate an einer Sprachschule in Paris vor. Qualit\u00e4tskurse. Anerkannte Schule.\",\"inLanguage\":\"de\",\"potentialAction\":[{\"@type\":\"ReadAction\",\"target\":[\"https:\\\/\\\/www.accord-langues.com\\\/de\\\/franzoesischpruefungen\\\/\"]}]},{\"@type\":\"WebSite\",\"@id\":\"https:\\\/\\\/www.accord-langues.com\\\/de\\\/#website\",\"url\":\"https:\\\/\\\/www.accord-langues.com\\\/de\\\/\",\"name\":\"Accord Paris\",\"description\":\"Learn French in France\",\"publisher\":{\"@id\":\"https:\\\/\\\/www.accord-langues.com\\\/de\\\/#organization\"},\"potentialAction\":[{\"@type\":\"SearchAction\",\"target\":{\"@type\":\"EntryPoint\",\"urlTemplate\":\"https:\\\/\\\/www.accord-langues.com\\\/de\\\/?s={search_term_string}\"},\"query-input\":{\"@type\":\"PropertyValueSpecification\",\"valueRequired\":true,\"valueName\":\"search_term_string\"}}],\"inLanguage\":\"de\"},{\"@type\":\"Organization\",\"@id\":\"https:\\\/\\\/www.accord-langues.com\\\/de\\\/#organization\",\"name\":\"ÃÛÌÒ´«Ã½ Tour Eiffel\",\"alternateName\":\"Learn French in Paris\",\"url\":\"https:\\\/\\\/www.accord-langues.com\\\/de\\\/\",\"logo\":{\"@type\":\"ImageObject\",\"inLanguage\":\"de\",\"@id\":\"https:\\\/\\\/www.accord-langues.com\\\/de\\\/#\\\/schema\\\/logo\\\/image\\\/\",\"url\":\"https:\\\/\\\/www.accord-langues.com\\\/wp-content\\\/uploads\\\/2016\\\/06\\\/Logo.png\",\"contentUrl\":\"https:\\\/\\\/www.accord-langues.com\\\/wp-content\\\/uploads\\\/2016\\\/06\\\/Logo.png\",\"width\":290,\"height\":70,\"caption\":\"ÃÛÌÒ´«Ã½ Tour Eiffel\"},\"image\":{\"@id\":\"https:\\\/\\\/www.accord-langues.com\\\/de\\\/#\\\/schema\\\/logo\\\/image\\\/\"},\"sameAs\":[\"https:\\\/\\\/www.facebook.com\\\/accordecoledelangues\",\"https:\\\/\\\/www.linkedin.com\\\/groups\\\/4542133\\\/\"],\"description\":\"ÃÛÌÒ´«Ã½ French Language School is one of the leading schools in France for teaching French to foreign students and offering high quality French language courses in Paris. The ÃÛÌÒ´«Ã½ language school is located in the heart of Paris, nearby the Eiffel Tower. The ÃÛÌÒ´«Ã½ school is open all year round and welcomes students from all over the world from the age of 16 in its French language courses. ÃÛÌÒ´«Ã½ school is accredited by the official \u201cQualit\u00e9 FLE\u201d label and is member of CAMPUS FRANCE, SOUFFLE and Atout France. ÃÛÌÒ´«Ã½ is official exam center for the TCF IRN, TCF TP, TCF Qu\u00e9bec and TCF Canada.\",\"email\":\"info@accord-langues.com\",\"telephone\":\"+33155335233\",\"legalName\":\"FORUM ÃÛÌÒ´«Ã½\",\"foundingDate\":\"1990-02-23\",\"numberOfEmployees\":{\"@type\":\"QuantitativeValue\",\"minValue\":\"11\",\"maxValue\":\"50\"}}]}<\/script>\n<!-- \/ Yoast SEO Premium plugin. -->","yoast_head_json":{"title":"Franz\u00f6sischpr\u00fcfungen und Franz\u00f6sischzertifikate - Accord Paris","description":"Bereiten Sie sich auf Ihre Franz\u00f6sischpr\u00fcfungen und Zertifikate an einer Sprachschule in Paris vor. Qualit\u00e4tskurse. Anerkannte Schule.","robots":{"index":"index","follow":"follow","max-snippet":"max-snippet:-1","max-image-preview":"max-image-preview:large","max-video-preview":"max-video-preview:-1"},"canonical":"https:\/\/www.accord-langues.com\/de\/franzoesischpruefungen\/","og_locale":"de_DE","og_type":"article","og_title":"Franz\u00f6sischpr\u00fcfungen","og_description":"Bereiten Sie sich auf Ihre Franz\u00f6sischpr\u00fcfungen und Zertifikate an einer Sprachschule in Paris vor. Qualit\u00e4tskurse. Anerkannte Schule.","og_url":"https:\/\/www.accord-langues.com\/de\/franzoesischpruefungen\/","og_site_name":"Accord Paris","article_publisher":"https:\/\/www.facebook.com\/accordecoledelangues","article_modified_time":"2024-12-17T14:56:31+00:00","og_image":[{"width":1200,"height":867,"url":"https:\/\/www.accord-langues.com\/wp-content\/uploads\/2024\/02\/ÃÛÌÒ´«Ã½-French-Language-School-in-Paris-low-res.jpg","type":"image\/jpeg"}],"twitter_card":"summary_large_image","twitter_misc":{"Gesch\u00e4tzte Lesezeit":"2\u00a0Minuten"},"schema":{"@context":"https:\/\/schema.org","@graph":[{"@type":"WebPage","@id":"https:\/\/www.accord-langues.com\/de\/franzoesischpruefungen\/","url":"https:\/\/www.accord-langues.com\/de\/franzoesischpruefungen\/","name":"Franz\u00f6sischpr\u00fcfungen und Franz\u00f6sischzertifikate - Accord Paris","isPartOf":{"@id":"https:\/\/www.accord-langues.com\/de\/#website"},"datePublished":"2018-01-15T10:59:13+00:00","dateModified":"2024-12-17T14:56:31+00:00","description":"Bereiten Sie sich auf Ihre Franz\u00f6sischpr\u00fcfungen und Zertifikate an einer Sprachschule in Paris vor. Qualit\u00e4tskurse. Anerkannte Schule.","inLanguage":"de","potentialAction":[{"@type":"ReadAction","target":["https:\/\/www.accord-langues.com\/de\/franzoesischpruefungen\/"]}]},{"@type":"WebSite","@id":"https:\/\/www.accord-langues.com\/de\/#website","url":"https:\/\/www.accord-langues.com\/de\/","name":"Accord Paris","description":"Learn French in France","publisher":{"@id":"https:\/\/www.accord-langues.com\/de\/#organization"},"potentialAction":[{"@type":"SearchAction","target":{"@type":"EntryPoint","urlTemplate":"https:\/\/www.accord-langues.com\/de\/?s={search_term_string}"},"query-input":{"@type":"PropertyValueSpecification","valueRequired":true,"valueName":"search_term_string"}}],"inLanguage":"de"},{"@type":"Organization","@id":"https:\/\/www.accord-langues.com\/de\/#organization","name":"ÃÛÌÒ´«Ã½ Tour Eiffel","alternateName":"Learn French in Paris","url":"https:\/\/www.accord-langues.com\/de\/","logo":{"@type":"ImageObject","inLanguage":"de","@id":"https:\/\/www.accord-langues.com\/de\/#\/schema\/logo\/image\/","url":"https:\/\/www.accord-langues.com\/wp-content\/uploads\/2016\/06\/Logo.png","contentUrl":"https:\/\/www.accord-langues.com\/wp-content\/uploads\/2016\/06\/Logo.png","width":290,"height":70,"caption":"ÃÛÌÒ´«Ã½ Tour Eiffel"},"image":{"@id":"https:\/\/www.accord-langues.com\/de\/#\/schema\/logo\/image\/"},"sameAs":["https:\/\/www.facebook.com\/accordecoledelangues","https:\/\/www.linkedin.com\/groups\/4542133\/"],"description":"ÃÛÌÒ´«Ã½ French Language School is one of the leading schools in France for teaching French to foreign students and offering high quality French language courses in Paris. The ÃÛÌÒ´«Ã½ language school is located in the heart of Paris, nearby the Eiffel Tower. The ÃÛÌÒ´«Ã½ school is open all year round and welcomes students from all over the world from the age of 16 in its French language courses. ÃÛÌÒ´«Ã½ school is accredited by the official \u201cQualit\u00e9 FLE\u201d label and is member of CAMPUS FRANCE, SOUFFLE and Atout France. ÃÛÌÒ´«Ã½ is official exam center for the TCF IRN, TCF TP, TCF Qu\u00e9bec and TCF Canada.","email":"info@accord-langues.com","telephone":"+33155335233","legalName":"FORUM ÃÛÌÒ´«Ã½","foundingDate":"1990-02-23","numberOfEmployees":{"@type":"QuantitativeValue","minValue":"11","maxValue":"50"}}]}},"_links":{"self":[{"href":"https:\/\/www.accord-langues.com\/de\/wp-json\/wp\/v2\/pages\/5575","targetHints":{"allow":["GET"]}}],"collection":[{"href":"https:\/\/www.accord-langues.com\/de\/wp-json\/wp\/v2\/pages"}],"about":[{"href":"https:\/\/www.accord-langues.com\/de\/wp-json\/wp\/v2\/types\/page"}],"author":[{"embeddable":true,"href":"https:\/\/www.accord-langues.com\/de\/wp-json\/wp\/v2\/users\/10"}],"replies":[{"embeddable":true,"href":"https:\/\/www.accord-langues.com\/de\/wp-json\/wp\/v2\/comments?post=5575"}],"version-history":[{"count":0,"href":"https:\/\/www.accord-langues.com\/de\/wp-json\/wp\/v2\/pages\/5575\/revisions"}],"wp:attachment":[{"href":"https:\/\/www.accord-langues.com\/de\/wp-json\/wp\/v2\/media?parent=5575"}],"curies":[{"name":"wp","href":"https:\/\/api.w.org\/{rel}","templated":true}]}}