  {"id":5410,"date":"2019-01-18T14:48:37","date_gmt":"2019-01-18T14:48:37","guid":{"rendered":"https:\/\/www.accord-langues.com\/internship-in-paris\/"},"modified":"2024-12-15T17:21:19","modified_gmt":"2024-12-15T17:21:19","slug":"praktikum-in-paris","status":"publish","type":"page","link":"https:\/\/www.accord-langues.com\/de\/praktikum-in-paris\/","title":{"rendered":"Praktikum in Paris"},"content":{"rendered":"<div class=\"wpb-content-wrapper\"><p>[vc_row][vc_column][\/vc_column][\/vc_row][vc_row full_width=&#8220;stretch_row&#8220; content_placement=&#8220;middle&#8220; css=&#8220;.vc_custom_1532955235869{background-image: url(https:\/\/www.accord-langues.com\/wp-content\/uploads\/2016\/10\/adult-course.jpg?id=348) !important;background-position: center !important;background-repeat: no-repeat !important;background-size: cover !important;}&#8220; el_class=&#8220;header-image&#8220;][vc_column width=&#8220;2\/3&#8243; offset=&#8220;vc_col-sm-offset-2&#8243;][vc_column_text]<\/p>\n<h1 style=\"text-align: center;\"><strong>Praktikum in Paris<\/strong><\/h1>\n<p><strong>Auslandspraktikum in Frankreich<\/strong><br \/>\n<strong>Vollzeit-Auslandspraktikum<\/strong>[\/vc_column_text][\/vc_column][\/vc_row][vc_row full_width=&#8220;stretch_row&#8220;][vc_column][vc_column_text]<\/p>\n<h3><span style=\"color: #ff6600;\"><strong>Praktikum in Paris<br \/>\n<\/strong><\/span><span style=\"color: #ff6600;\"><strong>Auslandspraktikum in Frankreich<br \/>\n<\/strong><\/span><span style=\"color: #ff6600;\"><strong>Vollzeit-Auslandspraktikum<\/strong><\/span><\/h3>\n<p>Ein Praktikum in Paris ist eine fantastische M\u00f6glichkeit die Metropole hautnah zu erleben und ihren Charm und <a href=\"https:\/\/www.accord-langues.com\/de\/geniessen-sie-paris\/\" target=\"_blank\" rel=\"noopener noreferrer\">die Pariser Kultur<\/a> kennen und sch\u00e4tzen zu lernen, und gleichzeitig den Lebenslauf auszubauen und n\u00fctzliche Sprachkenntnisse in Franz\u00f6sisch zu erwerben.<\/p>\n<p>Ber\u00fchmt f\u00fcr ihre ereignisreiche Geschichte, wundersch\u00f6ne Architektur und kulturelle Vielf\u00e4ltigkeit, Paris ist und bleibt eine der meist besuchten St\u00e4dte der Welt. Mit 134 Museen, 170 Theatern, weltbekannten Universit\u00e4ten und Kulturfestivals, die das ganze Jahr \u00fcber stattfinden, ist Paris schon immer ein Zentrum k\u00fcnstlerischer und intellektueller Aktivit\u00e4ten gewesen.<\/p>\n<p>International bekannt f\u00fcr seine Boutiquen, Kaufh\u00e4user und junge Designer, Paris ist nat\u00fcrlich die Hauptstadt der Mode und des Designs.<\/p>\n<p>W\u00e4hrend eines Praktikums an der Pariser <a href=\"https:\/\/www.accord-langues.com\/de\/\" target=\"_blank\" rel=\"noopener noreferrer\">ÃÛÌÒ´«Ã½ Sprachschule<\/a> haben Sie die M\u00f6glichkeit, Paris, seine ber\u00fchmten Sehensw\u00fcrdigkeiten und Attraktionen zu erkunden and den franz\u00f6sischen Lebensstil zu genie\u00dfen.<\/p>\n<p>Zudem haben Sie mit ÃÛÌÒ´«Ã½ die M\u00f6glichkeit, Paris, die Pariser Kultur und Gesellschaft in <a href=\"https:\/\/www.accord-langues.com\/de\/kurs\/kurs-franzoesische-kultur-und-gesellschaft\/\" target=\"_blank\" rel=\"noopener noreferrer\">unserem Kurs Franz\u00f6sische Kultur und Gesellschaft<\/a> (jeden Montag- und Freitagnachmittag) kennenzulernen.<\/p>\n<p>Praktikum in Paris ist ein Programm ausschlie\u00dflich f\u00fcr Hochschul-\/Universit\u00e4tsstudenten, die mindestens 18 Jahre alt sind.[\/vc_column_text][vc_column_text]<\/p>\n<h3>Praktikum in Paris: Leben und arbeiten <a href=\"https:\/\/www.accord-langues.com\/de\/geniessen-sie-paris\/\" target=\"_blank\" rel=\"noopener noreferrer\">in Paris<\/a>!<\/h3>\n<p>Mit ÃÛÌÒ´«Ã½ haben Sie die M\u00f6glichkeit Ihren Franz\u00f6sischkurs im Ausland mit einem Praktikum au\u00dferhalb des Klassenzimmers zu erg\u00e4nzen oder, wenn Sie sehr gute Franz\u00f6sischkenntnisse besitzen, bei ÃÛÌÒ´«Ã½ ein Vollzeitpraktikum zu absolvieren. F\u00fcr die 3 von ÃÛÌÒ´«Ã½ angebotenen Praktikumsm\u00f6glichkeiten, siehe unten.[\/vc_column_text][vc_column_text]<\/p>\n<h3>Praktikum in Paris: 3 M\u00f6glichkeiten des Praktikums bei ÃÛÌÒ´«Ã½<\/h3>\n<p>Bevor Sie sich bewerben und Ihr Praktikumsprogramm in Paris aussuchen, informieren Sie sich bitte \u00fcber die Einzelheiten zu den 3 von ÃÛÌÒ´«Ã½ angebotenen Praktikumsm\u00f6glichkeiten:<\/p>\n<ol>\n<li>Wenn Sie sehr gute Franz\u00f6sischkenntnisse besitzen: Sie k\u00f6nnen sich f\u00fcr einen Vollzeit-Praktikumsplatz im Marketing- und Vertriebsb\u00fcro, im B\u00fcro des Studienleiters oder im Pr\u00fcfungsb\u00fcro von ÃÛÌÒ´«Ã½ bewerben. Des Weiteren bieten wir Praktikumspl\u00e4tze in der Marketingabteilung unter Aufsicht des Marketingmanagers der ÃÛÌÒ´«Ã½ Gruppe an.<\/li>\n<li>Wenn Sie \u00fcber gute Franz\u00f6sischkenntnisse verf\u00fcgen: Sie k\u00f6nnen sich f\u00fcr einen Teilzeit-Praktikumsplatz im Marketing- und Vertriebsb\u00fcro oder im Pr\u00fcfungsb\u00fcro von ÃÛÌÒ´«Ã½ bewerben. Nach Pr\u00fcfung Ihrer Franz\u00f6sischkenntnisse, nehmen Sie entweder an einem Intensivkurs am Vormittag teil und absolvieren Ihr Praktikum am Nachmittag oder Sie nehmen am Nachmittagsunterricht teil und absolvieren Ihr Praktikum am Vormittag.<\/li>\n<li>Wenn Sie kein richtiger Anf\u00e4nger sind oder \u00fcber geringe bis mittlere Franz\u00f6sischkenntnisse verf\u00fcgen: Sie m\u00fcssen vor dem Beginn eines Praktikums f\u00fcr einige Wochen <a href=\"https:\/\/www.accord-langues.com\/de\/franzoesischkurs-in-paris\/\" target=\"_blank\" rel=\"noopener noreferrer\">an einem Franz\u00f6sisch-Intensivkurs teilnehmen<\/a>. Anschlie\u00dfend k\u00f6nnen Sie ein Teilzeit-Praktikum wie in Punkt 2 beschrieben absolvieren.<\/li>\n<\/ol>\n<p>[\/vc_column_text][vc_column_text]<\/p>\n<h3>Investieren Sie in internationale Berufs- und Lebenserfahrung<\/h3>\n<p>ÃÛÌÒ´«Ã½ bietet Ihnen die M\u00f6glichkeit eines Vollzeitpraktikums oder eines Teilzeitpraktikums, welches Sie zus\u00e4tzlich zu einem Franz\u00f6sischkurs absolvieren k\u00f6nnen.<\/p>\n<p>Ein Auslandspraktikum bietet Studenten die Chance ihr Selbstvertrauen zu st\u00e4rken und Erfahrungen zu sammeln, die erforderlich sind, um nach dem Hochschul-\/Universit\u00e4tsabschluss eine erfolgreiche Karriere auf internationaler Ebene zu verfolgen.<\/p>\n<p>Ein Praktikum in Paris f\u00e4llt im Lebenslauf auf, verschafft Vorteile im Arbeitsmarkt und bietet Ihnen eine hochwertige internationale Perspektive \u2013 eine Erfahrung, die aus Sicht zuk\u00fcnftiger Arbeitgeber \u00e4u\u00dferst attraktiv ist.[\/vc_column_text][vc_column_text]<\/p>\n<h3>Sammeln Sie internationale und praktische Erfahrung<\/h3>\n<p>F\u00f6rdern Sie Ihre beruflichen Perspektiven mit einer einmaligen internationalen Erfahrung in einem Unternehmen mit Gesch\u00e4ftsverbindungen in \u00fcber 25 L\u00e4ndern. Wie Sie wissen, bieten Auslandspraktika die M\u00f6glichkeit \u00e4u\u00dferst w\u00fcnschenswerte, entscheidende berufliche F\u00e4higkeiten zu erlernen und auszubauen.[\/vc_column_text][vc_column_text]<\/p>\n<h3>Praktikum in Frankreich, in Paris: Programmh\u00f6hepunkte<\/h3>\n<p>Unser Programm Praktikum in Paris bei ÃÛÌÒ´«Ã½ bietet f\u00fcnf Hauptvorteile:<\/p>\n<ol>\n<li>Ein Auslandspraktikum in einer anerkannten und namenhaften Sprachschule, die Teil der ALS Gruppe (Accord Language Schools Group) ist<\/li>\n<li>Machen Sie Ihren Lebenslauf attraktiver und gewinnen Sie die Aufmerksamkeit zuk\u00fcnftiger Arbeitgeber<\/li>\n<li>Eine tolle Erfahrung in einer der aufregendsten Metropolen, die Stadt der Lichter<\/li>\n<li>Verbessern Sie Ihre Franz\u00f6sischkenntnisse<\/li>\n<li>Neue Freundschaften schlie\u00dfen und ein professionelles, globales Netzwerk aufbauen; ÃÛÌÒ´«Ã½ hat Partner und Vertreter in \u00fcber 25 L\u00e4ndern<\/li>\n<\/ol>\n<p>[\/vc_column_text][\/vc_column][\/vc_row][vc_row el_class=&#8220;button-blocks&#8220;][vc_column width=&#8220;1\/3&#8243; offset=&#8220;vc_col-lg-offset-4 vc_col-md-offset-4&#8243;]<div class=\"RFIbox yellow one-line\">\n\t<div class=\"RFIbox__media\">\n        <a href=\"https:\/\/www.accord-langues.com\/de\/kontaktieren-sie-uns\/\" title=\"\" target=\"_blank\"><img decoding=\"async\" width=\"72\" height=\"78\" src=\"https:\/\/www.accord-langues.com\/wp-content\/uploads\/2016\/10\/contact-us-icon.gif\" class=\"img-responsive\" alt=\"\" title=\"contact-us-icon\" \/><\/a>        \t<\/div>\n\n        <div class=\"RFIBox__title\">\n        <a href=\"https:\/\/www.accord-langues.com\/de\/kontaktieren-sie-uns\/\" title=\"\" target=\"_blank\">Kontaktieren Sie uns<\/a>    <\/div>\n    \n    \t<div class=\"RFIbox__content\">\n\t\t<a href=\"https:\/\/www.accord-langues.com\/de\/kontaktieren-sie-uns\/\" title=\"\" target=\"_blank\"><\/a>\t<\/div>\n    <\/div>[\/vc_column][\/vc_row]<\/p>\n<\/div>","protected":false},"excerpt":{"rendered":"<p>[vc_row][vc_column][\/vc_column][\/vc_row][vc_row full_width=&#8220;stretch_row&#8220; content_placement=&#8220;middle&#8220; css=&#8220;.vc_custom_1532955235869{background-image: url(https:\/\/www.accord-langues.com\/wp-content\/uploads\/2016\/10\/adult-course.jpg?id=348) !important;background-position: center !important;background-repeat: no-repeat !important;background-size: cover !important;}&#8220; el_class=&#8220;header-image&#8220;][vc_column width=&#8220;2\/3&#8243; offset=&#8220;vc_col-sm-offset-2&#8243;][vc_column_text] Praktikum in Paris Auslandspraktikum in Frankreich Vollzeit-Auslandspraktikum[\/vc_column_text][\/vc_column][\/vc_row][vc_row full_width=&#8220;stretch_row&#8220;][vc_column][vc_column_text] Praktikum in Paris Auslandspraktikum in Frankreich Vollzeit-Auslandspraktikum Ein Praktikum in Paris ist eine fantastische M\u00f6glichkeit die Metropole hautnah zu erleben und ihren Charm und die Pariser Kultur kennen und sch\u00e4tzen zu lernen, [&hellip;]<\/p>\n","protected":false},"author":10,"featured_media":0,"parent":0,"menu_order":0,"comment_status":"closed","ping_status":"closed","template":"","meta":{"_acf_changed":false,"footnotes":""},"class_list":["post-5410","page","type-page","status-publish","hentry"],"acf":[],"yoast_head":"<!-- This site is optimized with the Yoast SEO Premium plugin v27.4 (Yoast SEO v27.4) - https:\/\/yoast.com\/product\/yoast-seo-premium-wordpress\/ -->\n<title>Praktikum in Paris - Accord Paris<\/title>\n<meta name=\"description\" content=\"Praktikum in Paris : ein Praktikum in Paris ist eine tolle M\u00f6glichkeit Paris hautnah zu erleben und ihren Charm und die Pariser Kultur kennen zu lernen.\" \/>\n<meta name=\"robots\" content=\"index, follow, max-snippet:-1, max-image-preview:large, max-video-preview:-1\" \/>\n<link rel=\"canonical\" href=\"https:\/\/www.accord-langues.com\/de\/praktikum-in-paris\/\" \/>\n<meta property=\"og:locale\" content=\"de_DE\" \/>\n<meta property=\"og:type\" content=\"article\" \/>\n<meta property=\"og:title\" content=\"Praktikum in Paris\" \/>\n<meta property=\"og:description\" content=\"Praktikum in Paris : ein Praktikum in Paris ist eine tolle M\u00f6glichkeit Paris hautnah zu erleben und ihren Charm und die Pariser Kultur kennen zu lernen.\" \/>\n<meta property=\"og:url\" content=\"https:\/\/www.accord-langues.com\/de\/praktikum-in-paris\/\" \/>\n<meta property=\"og:site_name\" content=\"Accord Paris\" \/>\n<meta property=\"article:publisher\" content=\"https:\/\/www.facebook.com\/accordecoledelangues\" \/>\n<meta property=\"article:modified_time\" content=\"2024-12-15T17:21:19+00:00\" \/>\n<meta property=\"og:image\" content=\"https:\/\/www.accord-langues.com\/wp-content\/uploads\/2024\/02\/ÃÛÌÒ´«Ã½-French-Language-School-in-Paris-low-res.jpg\" \/>\n\t<meta property=\"og:image:width\" content=\"1200\" \/>\n\t<meta property=\"og:image:height\" content=\"867\" \/>\n\t<meta property=\"og:image:type\" content=\"image\/jpeg\" \/>\n<meta name=\"twitter:card\" content=\"summary_large_image\" \/>\n<meta name=\"twitter:label1\" content=\"Gesch\u00e4tzte Lesezeit\" \/>\n\t<meta name=\"twitter:data1\" content=\"4\u00a0Minuten\" \/>\n<script type=\"application\/ld+json\" class=\"yoast-schema-graph\">{\"@context\":\"https:\\\/\\\/schema.org\",\"@graph\":[{\"@type\":\"WebPage\",\"@id\":\"https:\\\/\\\/www.accord-langues.com\\\/de\\\/praktikum-in-paris\\\/\",\"url\":\"https:\\\/\\\/www.accord-langues.com\\\/de\\\/praktikum-in-paris\\\/\",\"name\":\"Praktikum in Paris - Accord Paris\",\"isPartOf\":{\"@id\":\"https:\\\/\\\/www.accord-langues.com\\\/de\\\/#website\"},\"datePublished\":\"2019-01-18T14:48:37+00:00\",\"dateModified\":\"2024-12-15T17:21:19+00:00\",\"description\":\"Praktikum in Paris : ein Praktikum in Paris ist eine tolle M\u00f6glichkeit Paris hautnah zu erleben und ihren Charm und die Pariser Kultur kennen zu lernen.\",\"inLanguage\":\"de\",\"potentialAction\":[{\"@type\":\"ReadAction\",\"target\":[\"https:\\\/\\\/www.accord-langues.com\\\/de\\\/praktikum-in-paris\\\/\"]}]},{\"@type\":\"WebSite\",\"@id\":\"https:\\\/\\\/www.accord-langues.com\\\/de\\\/#website\",\"url\":\"https:\\\/\\\/www.accord-langues.com\\\/de\\\/\",\"name\":\"Accord Paris\",\"description\":\"Learn French in France\",\"publisher\":{\"@id\":\"https:\\\/\\\/www.accord-langues.com\\\/de\\\/#organization\"},\"potentialAction\":[{\"@type\":\"SearchAction\",\"target\":{\"@type\":\"EntryPoint\",\"urlTemplate\":\"https:\\\/\\\/www.accord-langues.com\\\/de\\\/?s={search_term_string}\"},\"query-input\":{\"@type\":\"PropertyValueSpecification\",\"valueRequired\":true,\"valueName\":\"search_term_string\"}}],\"inLanguage\":\"de\"},{\"@type\":\"Organization\",\"@id\":\"https:\\\/\\\/www.accord-langues.com\\\/de\\\/#organization\",\"name\":\"ÃÛÌÒ´«Ã½ Tour Eiffel\",\"alternateName\":\"Learn French in Paris\",\"url\":\"https:\\\/\\\/www.accord-langues.com\\\/de\\\/\",\"logo\":{\"@type\":\"ImageObject\",\"inLanguage\":\"de\",\"@id\":\"https:\\\/\\\/www.accord-langues.com\\\/de\\\/#\\\/schema\\\/logo\\\/image\\\/\",\"url\":\"https:\\\/\\\/www.accord-langues.com\\\/wp-content\\\/uploads\\\/2016\\\/06\\\/Logo.png\",\"contentUrl\":\"https:\\\/\\\/www.accord-langues.com\\\/wp-content\\\/uploads\\\/2016\\\/06\\\/Logo.png\",\"width\":290,\"height\":70,\"caption\":\"ÃÛÌÒ´«Ã½ Tour Eiffel\"},\"image\":{\"@id\":\"https:\\\/\\\/www.accord-langues.com\\\/de\\\/#\\\/schema\\\/logo\\\/image\\\/\"},\"sameAs\":[\"https:\\\/\\\/www.facebook.com\\\/accordecoledelangues\",\"https:\\\/\\\/www.linkedin.com\\\/groups\\\/4542133\\\/\"],\"description\":\"ÃÛÌÒ´«Ã½ French Language School is one of the leading schools in France for teaching French to foreign students and offering high quality French language courses in Paris. The ÃÛÌÒ´«Ã½ language school is located in the heart of Paris, nearby the Eiffel Tower. The ÃÛÌÒ´«Ã½ school is open all year round and welcomes students from all over the world from the age of 16 in its French language courses. ÃÛÌÒ´«Ã½ school is accredited by the official \u201cQualit\u00e9 FLE\u201d label and is member of CAMPUS FRANCE, SOUFFLE and Atout France. ÃÛÌÒ´«Ã½ is official exam center for the TCF IRN, TCF TP, TCF Qu\u00e9bec and TCF Canada.\",\"email\":\"info@accord-langues.com\",\"telephone\":\"+33155335233\",\"legalName\":\"FORUM ÃÛÌÒ´«Ã½\",\"foundingDate\":\"1990-02-23\",\"numberOfEmployees\":{\"@type\":\"QuantitativeValue\",\"minValue\":\"11\",\"maxValue\":\"50\"}}]}<\/script>\n<!-- \/ Yoast SEO Premium plugin. -->","yoast_head_json":{"title":"Praktikum in Paris - Accord Paris","description":"Praktikum in Paris : ein Praktikum in Paris ist eine tolle M\u00f6glichkeit Paris hautnah zu erleben und ihren Charm und die Pariser Kultur kennen zu lernen.","robots":{"index":"index","follow":"follow","max-snippet":"max-snippet:-1","max-image-preview":"max-image-preview:large","max-video-preview":"max-video-preview:-1"},"canonical":"https:\/\/www.accord-langues.com\/de\/praktikum-in-paris\/","og_locale":"de_DE","og_type":"article","og_title":"Praktikum in Paris","og_description":"Praktikum in Paris : ein Praktikum in Paris ist eine tolle M\u00f6glichkeit Paris hautnah zu erleben und ihren Charm und die Pariser Kultur kennen zu lernen.","og_url":"https:\/\/www.accord-langues.com\/de\/praktikum-in-paris\/","og_site_name":"Accord Paris","article_publisher":"https:\/\/www.facebook.com\/accordecoledelangues","article_modified_time":"2024-12-15T17:21:19+00:00","og_image":[{"width":1200,"height":867,"url":"https:\/\/www.accord-langues.com\/wp-content\/uploads\/2024\/02\/ÃÛÌÒ´«Ã½-French-Language-School-in-Paris-low-res.jpg","type":"image\/jpeg"}],"twitter_card":"summary_large_image","twitter_misc":{"Gesch\u00e4tzte Lesezeit":"4\u00a0Minuten"},"schema":{"@context":"https:\/\/schema.org","@graph":[{"@type":"WebPage","@id":"https:\/\/www.accord-langues.com\/de\/praktikum-in-paris\/","url":"https:\/\/www.accord-langues.com\/de\/praktikum-in-paris\/","name":"Praktikum in Paris - Accord Paris","isPartOf":{"@id":"https:\/\/www.accord-langues.com\/de\/#website"},"datePublished":"2019-01-18T14:48:37+00:00","dateModified":"2024-12-15T17:21:19+00:00","description":"Praktikum in Paris : ein Praktikum in Paris ist eine tolle M\u00f6glichkeit Paris hautnah zu erleben und ihren Charm und die Pariser Kultur kennen zu lernen.","inLanguage":"de","potentialAction":[{"@type":"ReadAction","target":["https:\/\/www.accord-langues.com\/de\/praktikum-in-paris\/"]}]},{"@type":"WebSite","@id":"https:\/\/www.accord-langues.com\/de\/#website","url":"https:\/\/www.accord-langues.com\/de\/","name":"Accord Paris","description":"Learn French in France","publisher":{"@id":"https:\/\/www.accord-langues.com\/de\/#organization"},"potentialAction":[{"@type":"SearchAction","target":{"@type":"EntryPoint","urlTemplate":"https:\/\/www.accord-langues.com\/de\/?s={search_term_string}"},"query-input":{"@type":"PropertyValueSpecification","valueRequired":true,"valueName":"search_term_string"}}],"inLanguage":"de"},{"@type":"Organization","@id":"https:\/\/www.accord-langues.com\/de\/#organization","name":"ÃÛÌÒ´«Ã½ Tour Eiffel","alternateName":"Learn French in Paris","url":"https:\/\/www.accord-langues.com\/de\/","logo":{"@type":"ImageObject","inLanguage":"de","@id":"https:\/\/www.accord-langues.com\/de\/#\/schema\/logo\/image\/","url":"https:\/\/www.accord-langues.com\/wp-content\/uploads\/2016\/06\/Logo.png","contentUrl":"https:\/\/www.accord-langues.com\/wp-content\/uploads\/2016\/06\/Logo.png","width":290,"height":70,"caption":"ÃÛÌÒ´«Ã½ Tour Eiffel"},"image":{"@id":"https:\/\/www.accord-langues.com\/de\/#\/schema\/logo\/image\/"},"sameAs":["https:\/\/www.facebook.com\/accordecoledelangues","https:\/\/www.linkedin.com\/groups\/4542133\/"],"description":"ÃÛÌÒ´«Ã½ French Language School is one of the leading schools in France for teaching French to foreign students and offering high quality French language courses in Paris. The ÃÛÌÒ´«Ã½ language school is located in the heart of Paris, nearby the Eiffel Tower. The ÃÛÌÒ´«Ã½ school is open all year round and welcomes students from all over the world from the age of 16 in its French language courses. ÃÛÌÒ´«Ã½ school is accredited by the official \u201cQualit\u00e9 FLE\u201d label and is member of CAMPUS FRANCE, SOUFFLE and Atout France. ÃÛÌÒ´«Ã½ is official exam center for the TCF IRN, TCF TP, TCF Qu\u00e9bec and TCF Canada.","email":"info@accord-langues.com","telephone":"+33155335233","legalName":"FORUM ÃÛÌÒ´«Ã½","foundingDate":"1990-02-23","numberOfEmployees":{"@type":"QuantitativeValue","minValue":"11","maxValue":"50"}}]}},"_links":{"self":[{"href":"https:\/\/www.accord-langues.com\/de\/wp-json\/wp\/v2\/pages\/5410","targetHints":{"allow":["GET"]}}],"collection":[{"href":"https:\/\/www.accord-langues.com\/de\/wp-json\/wp\/v2\/pages"}],"about":[{"href":"https:\/\/www.accord-langues.com\/de\/wp-json\/wp\/v2\/types\/page"}],"author":[{"embeddable":true,"href":"https:\/\/www.accord-langues.com\/de\/wp-json\/wp\/v2\/users\/10"}],"replies":[{"embeddable":true,"href":"https:\/\/www.accord-langues.com\/de\/wp-json\/wp\/v2\/comments?post=5410"}],"version-history":[{"count":0,"href":"https:\/\/www.accord-langues.com\/de\/wp-json\/wp\/v2\/pages\/5410\/revisions"}],"wp:attachment":[{"href":"https:\/\/www.accord-langues.com\/de\/wp-json\/wp\/v2\/media?parent=5410"}],"curies":[{"name":"wp","href":"https:\/\/api.w.org\/{rel}","templated":true}]}}